{"id":8552,"date":"2026-03-18T21:13:23","date_gmt":"2026-03-18T21:13:23","guid":{"rendered":"https:\/\/krainazozolki.co.uk\/?post_type=product&#038;p=8552"},"modified":"2026-03-18T21:13:32","modified_gmt":"2026-03-18T21:13:32","slug":"gdzie-jestes-gra-planszowa-egmont","status":"publish","type":"product","link":"https:\/\/krainazozolki.co.uk\/en\/product\/gdzie-jestes-gra-planszowa-egmont\/","title":{"rendered":"Gdzie jeste\u015b? gra planszowa &#8211; Egmont"},"content":{"rendered":"<h4 style=\"text-align: center;\">Gdzie jeste\u015b? to imprezowa gra na szybko\u015b\u0107 i spostrzegawczo\u015b\u0107 od Egmont, stworzona przez Grzegorza Rejchtmana \u2014 autora takich hit\u00f3w jak Ubongo i Dopasowani. Zasady s\u0105 proste: kostka i karta kategorii wskazuj\u0105 graczom, czego szuka\u0107 w\u015br\u00f3d roz\u0142o\u017conych kart. Kto pierwszy znajdzie w\u0142a\u015bciwy przedmiot, zgarnia punkt. A gra ko\u0144czy si\u0119, gdy wszystkie karty kategorii zostan\u0105 zdobyte. Wygrywa wi\u0119c ten, kto ma ich najwi\u0119cej. Brzmi \u0142atwo? Przy kilku graczach i presji czasu \u0142atwo wcale nie jest! Gra nale\u017cy do serii Dobra Gra w Dobrej Cenie i zachwyca pi\u0119knymi ilustracjami Macieja Szymanowicza. Ka\u017cda rozgrywka trwa oko\u0142o 20 minut i anga\u017cuje ca\u0142\u0105 rodzin\u0119 przy stole. \u015awietna propozycja dla dzieci, kt\u00f3re ucz\u0105 si\u0119 szybkiego my\u015blenia i koncentracji.<\/h4>","protected":false},"excerpt":{"rendered":"<h4>Gdzie jest statek kosmiczny? Kto widzia\u0142 konia? Poszukiwacze zaginionych obiekt\u00f3w ruszaj\u0105 do akcji! Kostka i karta wskazuj\u0105, czego szuka\u0107 &#8211; a kto znajdzie pierwszy, zdobywa punkt. Szybka, g\u0142o\u015bna i pe\u0142na emocji gra na spostrzegawczo\u015b\u0107 dla ca\u0142ej rodziny.<\/h4>","protected":false},"featured_media":8553,"comment_status":"closed","ping_status":"closed","template":"","meta":{"_monsterinsights_skip_tracking":false,"_monsterinsights_sitenote_active":false,"_monsterinsights_sitenote_note":"","_monsterinsights_sitenote_category":0},"product_brand":[138],"product_cat":[80,75],"product_tag":[],"class_list":{"0":"post-8552","1":"product","2":"type-product","3":"status-publish","4":"has-post-thumbnail","6":"product_brand-egmont","7":"product_cat-4-5-lat","8":"product_cat-gry-planszowe","9":"product_shipping_class-mala-paczka-inpost-royalmail","10":"pa_producent-egmont","11":"pa_wiek-120","13":"first","14":"instock","15":"taxable","16":"shipping-taxable","17":"purchasable","18":"product-type-simple"},"aioseo_notices":[],"_links":{"self":[{"href":"https:\/\/krainazozolki.co.uk\/en\/wp-json\/wp\/v2\/product\/8552","targetHints":{"allow":["GET"]}}],"collection":[{"href":"https:\/\/krainazozolki.co.uk\/en\/wp-json\/wp\/v2\/product"}],"about":[{"href":"https:\/\/krainazozolki.co.uk\/en\/wp-json\/wp\/v2\/types\/product"}],"replies":[{"embeddable":true,"href":"https:\/\/krainazozolki.co.uk\/en\/wp-json\/wp\/v2\/comments?post=8552"}],"version-history":[{"count":3,"href":"https:\/\/krainazozolki.co.uk\/en\/wp-json\/wp\/v2\/product\/8552\/revisions"}],"predecessor-version":[{"id":8559,"href":"https:\/\/krainazozolki.co.uk\/en\/wp-json\/wp\/v2\/product\/8552\/revisions\/8559"}],"wp:featuredmedia":[{"embeddable":true,"href":"https:\/\/krainazozolki.co.uk\/en\/wp-json\/wp\/v2\/media\/8553"}],"wp:attachment":[{"href":"https:\/\/krainazozolki.co.uk\/en\/wp-json\/wp\/v2\/media?parent=8552"}],"wp:term":[{"taxonomy":"product_brand","embeddable":true,"href":"https:\/\/krainazozolki.co.uk\/en\/wp-json\/wp\/v2\/product_brand?post=8552"},{"taxonomy":"product_cat","embeddable":true,"href":"https:\/\/krainazozolki.co.uk\/en\/wp-json\/wp\/v2\/product_cat?post=8552"},{"taxonomy":"product_tag","embeddable":true,"href":"https:\/\/krainazozolki.co.uk\/en\/wp-json\/wp\/v2\/product_tag?post=8552"}],"curies":[{"name":"wp","href":"https:\/\/api.w.org\/{rel}","templated":true}]}}