{"id":8569,"date":"2026-03-18T21:37:14","date_gmt":"2026-03-18T21:37:14","guid":{"rendered":"https:\/\/krainazozolki.co.uk\/?post_type=product&#038;p=8569"},"modified":"2026-03-31T20:01:08","modified_gmt":"2026-03-31T20:01:08","slug":"kosmiczna-misja-gra-planszowa-egmont","status":"publish","type":"product","link":"https:\/\/krainazozolki.co.uk\/en\/product\/kosmiczna-misja-gra-planszowa-egmont\/","title":{"rendered":"Kosmiczna misja. Gra planszowa &#8211; Egmont"},"content":{"rendered":"<h4 class=\"font-claude-response-body break-words whitespace-normal leading-[1.7]\" style=\"text-align: center;\">Kosmiczna Misja to kafelkowa<br \/>\ngra planszowa od Egmont, w kt\u00f3rej ka\u017cdy gracz wciela si\u0119 w kosmonaut\u0119 wyruszaj\u0105cego na podb\u00f3j nieznanych planet. Zadanie jest proste &#8211; dobierasz kafelki i sk\u0142adasz z nich planety, z kt\u00f3rych ka\u017cda musi mie\u0107 dok\u0142adnie cztery elementy. Co wa\u017cne, na kafelkach pojawiaj\u0105 si\u0119 nie tylko fragmenty planet i stacje kosmiczne, ale tak\u017ce kosmici. To w\u0142a\u015bnie oni pomagaj\u0105 w trudniejszych momentach gry, poniewa\u017c obni\u017caj\u0105 wymagan\u0105 liczb\u0119 oczek na kostce. Dzi\u0119ki temu nawet mniej szcz\u0119\u015bliwy rzut nie przekre\u015bla szans na wygran\u0105.<\/h4>\n<h4 class=\"font-claude-response-body break-words whitespace-normal leading-[1.7]\" style=\"text-align: center;\">Poniewa\u017c uk\u0142ad kafelk\u00f3w jest za ka\u017cdym razem losowy, ka\u017cda rozgrywka wygl\u0105da zupe\u0142nie inaczej. Zasady s\u0105 na tyle proste, \u017ce sze\u015bciolatek opanuje je w kilka minut. Jednak gra anga\u017cuje te\u017c doros\u0142ych &#8211; w efekcie \u015bwietnie sprawdza si\u0119 przy ca\u0142ym rodzinnym stole.<br \/>\nCo wi\u0119cej, nale\u017cy do serii Dobra Gra w Dobrej Cenie, wi\u0119c jest kompaktowa i \u0142atwa do zabrania w podr\u00f3\u017c.Wygrywa ten, kto zbuduje najwi\u0119cej stacji kosmicznych &#8211; cho\u0107 osi\u0105gni\u0119cie tego wcale nie jest takie proste, jak si\u0119 wydaje.<br \/>\nDla 2\u20134 graczy od 6 lat, czas gry ok. 20 minut.<\/h4>\n","protected":false},"excerpt":{"rendered":"<h4>Rakiety gotowe, skafandry zapi\u0119te \u2014 czas odkrywa\u0107 nowe planety! Gracze dobieraj\u0105 kafelki i uk\u0142adaj\u0105 z nich planety, buduj\u0105c na nich stacje kosmiczne. Pomocni kosmici u\u0142atwiaj\u0105 zadanie, ale miejsca na stole jest coraz mniej. Wygrywa ten, kto zbuduje ich najwi\u0119cej!<\/h4>","protected":false},"featured_media":8570,"comment_status":"closed","ping_status":"closed","template":"","meta":{"_monsterinsights_skip_tracking":false,"_monsterinsights_sitenote_active":false,"_monsterinsights_sitenote_note":"","_monsterinsights_sitenote_category":0},"product_brand":[138],"product_cat":[81,75],"product_tag":[],"class_list":{"0":"post-8569","1":"product","2":"type-product","3":"status-publish","4":"has-post-thumbnail","6":"product_brand-egmont","7":"product_cat-6-7-lat","8":"product_cat-gry-planszowe","9":"product_shipping_class-mala-paczka-inpost-royalmail","10":"pa_producent-egmont","11":"pa_wiek-125","13":"first","14":"instock","15":"taxable","16":"shipping-taxable","17":"purchasable","18":"product-type-simple"},"aioseo_notices":[],"_links":{"self":[{"href":"https:\/\/krainazozolki.co.uk\/en\/wp-json\/wp\/v2\/product\/8569","targetHints":{"allow":["GET"]}}],"collection":[{"href":"https:\/\/krainazozolki.co.uk\/en\/wp-json\/wp\/v2\/product"}],"about":[{"href":"https:\/\/krainazozolki.co.uk\/en\/wp-json\/wp\/v2\/types\/product"}],"replies":[{"embeddable":true,"href":"https:\/\/krainazozolki.co.uk\/en\/wp-json\/wp\/v2\/comments?post=8569"}],"version-history":[{"count":3,"href":"https:\/\/krainazozolki.co.uk\/en\/wp-json\/wp\/v2\/product\/8569\/revisions"}],"predecessor-version":[{"id":8575,"href":"https:\/\/krainazozolki.co.uk\/en\/wp-json\/wp\/v2\/product\/8569\/revisions\/8575"}],"wp:featuredmedia":[{"embeddable":true,"href":"https:\/\/krainazozolki.co.uk\/en\/wp-json\/wp\/v2\/media\/8570"}],"wp:attachment":[{"href":"https:\/\/krainazozolki.co.uk\/en\/wp-json\/wp\/v2\/media?parent=8569"}],"wp:term":[{"taxonomy":"product_brand","embeddable":true,"href":"https:\/\/krainazozolki.co.uk\/en\/wp-json\/wp\/v2\/product_brand?post=8569"},{"taxonomy":"product_cat","embeddable":true,"href":"https:\/\/krainazozolki.co.uk\/en\/wp-json\/wp\/v2\/product_cat?post=8569"},{"taxonomy":"product_tag","embeddable":true,"href":"https:\/\/krainazozolki.co.uk\/en\/wp-json\/wp\/v2\/product_tag?post=8569"}],"curies":[{"name":"wp","href":"https:\/\/api.w.org\/{rel}","templated":true}]}}