{"id":8616,"date":"2026-03-19T20:34:13","date_gmt":"2026-03-19T20:34:13","guid":{"rendered":"https:\/\/krainazozolki.co.uk\/?post_type=product&#038;p=8616"},"modified":"2026-03-19T20:34:13","modified_gmt":"2026-03-19T20:34:13","slug":"piotrus-memory-koty-alexander","status":"publish","type":"product","link":"https:\/\/krainazozolki.co.uk\/en\/product\/piotrus-memory-koty-alexander\/","title":{"rendered":"Piotru\u015b + Memory Koty &#8211; Alexander"},"content":{"rendered":"<h4 style=\"text-align: center;\">Piotru\u015b + Memory Koty to zestaw dw\u00f3ch klasycznych gier karcianych od Alexander, w kt\u00f3rym g\u0142\u00f3wn\u0105 rol\u0119 graj\u0105 urocze kociaki. Zestaw zawiera 25 kart z pi\u0119knymi wizerunkami kot\u00f3w, kt\u00f3re mo\u017cna wykorzysta\u0107 do gry w Piotrusia lub Memory. W Piotrusiu gracze dobieraj\u0105 pary i staraj\u0105 si\u0119 pozby\u0107 wszystkich kart z r\u0119ki &#8211; jednak uwa\u017caj, bo jeden z graczy zostanie na ko\u0144cu z Piotrusiem!<br \/>\nW Memory natomiast karty rozk\u0142ada si\u0119 zakryte, a zadaniem gracza jest zapami\u0119tanie, gdzie le\u017c\u0105 poszczeg\u00f3lne obrazki. Obie gry \u0107wicz\u0105 spostrzegawczo\u015b\u0107, rozwijaj\u0105 pami\u0119\u0107 i ucz\u0105 zasad rywalizacji w przyjazny, radosny spos\u00f3b.<br \/>\nTo idealny wst\u0119p do \u015bwiata gier dla dzieci od 4 lat.<\/h4>","protected":false},"excerpt":{"rendered":"<h4>Pi\u0119kne, realistyczne kotki na 25 kartach &#8211; i dwie klasyczne gry w jednym pude\u0142ku! Zagraj z dzieckiem w Piotrusia lub Memory, \u0107wicz\u0105c spostrzegawczo\u015b\u0107 i pami\u0119\u0107. Idealna pierwsza gra karciana dla najm\u0142odszych mi\u0142o\u015bnik\u00f3w kot\u00f3w.<\/h4>","protected":false},"featured_media":8618,"comment_status":"closed","ping_status":"closed","template":"","meta":{"_monsterinsights_skip_tracking":false,"_monsterinsights_sitenote_active":false,"_monsterinsights_sitenote_note":"","_monsterinsights_sitenote_category":0},"product_brand":[116],"product_cat":[80,75],"product_tag":[],"class_list":{"0":"post-8616","1":"product","2":"type-product","3":"status-publish","4":"has-post-thumbnail","6":"product_brand-alexander","7":"product_cat-4-5-lat","8":"product_cat-gry-planszowe","9":"product_shipping_class-mala-paczka-inpost-royalmail","10":"pa_producent-alexander","11":"pa_wiek-122","13":"first","14":"instock","15":"taxable","16":"shipping-taxable","17":"purchasable","18":"product-type-simple"},"aioseo_notices":[],"_links":{"self":[{"href":"https:\/\/krainazozolki.co.uk\/en\/wp-json\/wp\/v2\/product\/8616","targetHints":{"allow":["GET"]}}],"collection":[{"href":"https:\/\/krainazozolki.co.uk\/en\/wp-json\/wp\/v2\/product"}],"about":[{"href":"https:\/\/krainazozolki.co.uk\/en\/wp-json\/wp\/v2\/types\/product"}],"replies":[{"embeddable":true,"href":"https:\/\/krainazozolki.co.uk\/en\/wp-json\/wp\/v2\/comments?post=8616"}],"version-history":[{"count":2,"href":"https:\/\/krainazozolki.co.uk\/en\/wp-json\/wp\/v2\/product\/8616\/revisions"}],"predecessor-version":[{"id":8622,"href":"https:\/\/krainazozolki.co.uk\/en\/wp-json\/wp\/v2\/product\/8616\/revisions\/8622"}],"wp:featuredmedia":[{"embeddable":true,"href":"https:\/\/krainazozolki.co.uk\/en\/wp-json\/wp\/v2\/media\/8618"}],"wp:attachment":[{"href":"https:\/\/krainazozolki.co.uk\/en\/wp-json\/wp\/v2\/media?parent=8616"}],"wp:term":[{"taxonomy":"product_brand","embeddable":true,"href":"https:\/\/krainazozolki.co.uk\/en\/wp-json\/wp\/v2\/product_brand?post=8616"},{"taxonomy":"product_cat","embeddable":true,"href":"https:\/\/krainazozolki.co.uk\/en\/wp-json\/wp\/v2\/product_cat?post=8616"},{"taxonomy":"product_tag","embeddable":true,"href":"https:\/\/krainazozolki.co.uk\/en\/wp-json\/wp\/v2\/product_tag?post=8616"}],"curies":[{"name":"wp","href":"https:\/\/api.w.org\/{rel}","templated":true}]}}