{"id":8628,"date":"2026-03-19T21:06:43","date_gmt":"2026-03-19T21:06:43","guid":{"rendered":"https:\/\/krainazozolki.co.uk\/?post_type=product&#038;p=8628"},"modified":"2026-03-19T21:06:43","modified_gmt":"2026-03-19T21:06:43","slug":"karty-piotrus-koci-domek-gabi-trefl","status":"publish","type":"product","link":"https:\/\/krainazozolki.co.uk\/en\/product\/karty-piotrus-koci-domek-gabi-trefl\/","title":{"rendered":"Karty Piotru\u015b. Koci Domek Gabi &#8211; Trefl"},"content":{"rendered":"<h4 style=\"text-align: center;\">Karty Piotru\u015b Koci Domek Gabi to klasyczna gra karciana w wyj\u0105tkowym wydaniu z bohaterami uwielbianego przez dzieci serialu animowanego.<br \/>\nZestaw zawiera 25 starannie wykonanych kart z kolorowymi wizerunkami Gabi i jej przyjaci\u00f3\u0142.<br \/>\nZasady s\u0105 proste &#8211; gracze dobieraj\u0105 pary kart i staraj\u0105 si\u0119 pozby\u0107 wszystkich z r\u0119ki. Jednak w talii ukrywa si\u0119 Czarny Piotru\u015b &#8211; jedyna karta bez pary. Ten, kto zostanie z nim na ko\u0144cu, przegrywa. Dzi\u0119ki temu rozgrywka jest szybka, emocjonuj\u0105ca i pe\u0142na napi\u0119cia do ostatniej chwili.<br \/>\nGra \u0107wiczy spostrzegawczo\u015b\u0107 i koncentracj\u0119, a przy okazji uczy zasad zdrowej rywalizacji.<br \/>\nKolorowe opakowanie sprawia, \u017ce jest te\u017c \u015bwietnym pomys\u0142em na prezent dla fanki Kociego Domku.<br \/>\nDla 2\u20135 graczy od 4 lat.<\/h4>","protected":false},"excerpt":{"rendered":"<h4>Ulubione postacie z Kociego Domku Gabi trafi\u0142y na karty do Piotrusia! Klasyczna gra karciana w bajkowym wydaniu &#8211; prosta, szybka i gwarantuj\u0105ca mn\u00f3stwo emocji. Kto zostanie na ko\u0144cu z Czarnym Piotrusiem?<\/h4>","protected":false},"featured_media":8629,"comment_status":"closed","ping_status":"closed","template":"","meta":{"_monsterinsights_skip_tracking":false,"_monsterinsights_sitenote_active":false,"_monsterinsights_sitenote_note":"","_monsterinsights_sitenote_category":0},"product_brand":[140],"product_cat":[80,75],"product_tag":[],"class_list":{"0":"post-8628","1":"product","2":"type-product","3":"status-publish","4":"has-post-thumbnail","6":"product_brand-trefl","7":"product_cat-4-5-lat","8":"product_cat-gry-planszowe","9":"product_shipping_class-mala-paczka-inpost-royalmail","10":"pa_producent-trefl","11":"pa_wiek-122","13":"first","14":"instock","15":"taxable","16":"shipping-taxable","17":"purchasable","18":"product-type-simple"},"aioseo_notices":[],"_links":{"self":[{"href":"https:\/\/krainazozolki.co.uk\/en\/wp-json\/wp\/v2\/product\/8628","targetHints":{"allow":["GET"]}}],"collection":[{"href":"https:\/\/krainazozolki.co.uk\/en\/wp-json\/wp\/v2\/product"}],"about":[{"href":"https:\/\/krainazozolki.co.uk\/en\/wp-json\/wp\/v2\/types\/product"}],"replies":[{"embeddable":true,"href":"https:\/\/krainazozolki.co.uk\/en\/wp-json\/wp\/v2\/comments?post=8628"}],"version-history":[{"count":1,"href":"https:\/\/krainazozolki.co.uk\/en\/wp-json\/wp\/v2\/product\/8628\/revisions"}],"predecessor-version":[{"id":8632,"href":"https:\/\/krainazozolki.co.uk\/en\/wp-json\/wp\/v2\/product\/8628\/revisions\/8632"}],"wp:featuredmedia":[{"embeddable":true,"href":"https:\/\/krainazozolki.co.uk\/en\/wp-json\/wp\/v2\/media\/8629"}],"wp:attachment":[{"href":"https:\/\/krainazozolki.co.uk\/en\/wp-json\/wp\/v2\/media?parent=8628"}],"wp:term":[{"taxonomy":"product_brand","embeddable":true,"href":"https:\/\/krainazozolki.co.uk\/en\/wp-json\/wp\/v2\/product_brand?post=8628"},{"taxonomy":"product_cat","embeddable":true,"href":"https:\/\/krainazozolki.co.uk\/en\/wp-json\/wp\/v2\/product_cat?post=8628"},{"taxonomy":"product_tag","embeddable":true,"href":"https:\/\/krainazozolki.co.uk\/en\/wp-json\/wp\/v2\/product_tag?post=8628"}],"curies":[{"name":"wp","href":"https:\/\/api.w.org\/{rel}","templated":true}]}}