{"id":8633,"date":"2026-03-19T21:15:22","date_gmt":"2026-03-19T21:15:22","guid":{"rendered":"https:\/\/krainazozolki.co.uk\/?post_type=product&#038;p=8633"},"modified":"2026-03-19T21:19:48","modified_gmt":"2026-03-19T21:19:48","slug":"karty-piotrus-lilo-stitch-trefl","status":"publish","type":"product","link":"https:\/\/krainazozolki.co.uk\/en\/product\/karty-piotrus-lilo-stitch-trefl\/","title":{"rendered":"Karty Piotru\u015b. Lilo &#038; Stitch &#8211; Trefl"},"content":{"rendered":"<h4 style=\"text-align: center;\">Karty Piotru\u015b Lilo &amp; Stitch to klasyczna gra karciana od Trefl w bajkowym wydaniu z Stitchem &#8211; jednym z najpopularniejszych bohater\u00f3w Disneya. Zestaw zawiera 25 kart z kolorowymi wizerunkami postaci z bajki, dzi\u0119ki kt\u00f3rym rozgrywka staje si\u0119 jeszcze bardziej atrakcyjna dla ma\u0142ych fan\u00f3w niebieskiego rozrabiaki. Zasady s\u0105 proste &#8211; gracze dobieraj\u0105 pary kart i staraj\u0105 si\u0119 pozby\u0107 wszystkich z r\u0119ki. Jednak w talii ukrywa si\u0119 Czarny Piotru\u015b &#8211; jedyna karta bez pary. Ten, kto zostanie z nim na ko\u0144cu, przegrywa rund\u0119. Szybka rozgrywka, napi\u0119cie do ostatniej chwili i ulubione postacie na kartach &#8211; to przepis na udan\u0105 rodzinn\u0105 zabaw\u0119.<br \/>\nGra \u0107wiczy spostrzegawczo\u015b\u0107 i uczy zasad zdrowej rywalizacji.<br \/>\nIdealna na prezent dla ka\u017cdego fana Stitcha od 4 lat.<\/h4>","protected":false},"excerpt":{"rendered":"<h4>Niebieski rozrabiaka Stitch trafi\u0142 na karty do Piotrusia! Klasyczna gra karciana w wyj\u0105tkowym wydaniu z bohaterami uwielbianych przez dzieci bajki Lilo &amp; Stitch. Prosta, szybka i pe\u0142na emocji &#8211; bo kto zostanie na ko\u0144cu z Czarnym Piotrusiem, przegrywa!<\/h4>","protected":false},"featured_media":8636,"comment_status":"closed","ping_status":"closed","template":"","meta":{"_monsterinsights_skip_tracking":false,"_monsterinsights_sitenote_active":false,"_monsterinsights_sitenote_note":"","_monsterinsights_sitenote_category":0},"product_brand":[140],"product_cat":[80,75],"product_tag":[],"class_list":{"0":"post-8633","1":"product","2":"type-product","3":"status-publish","4":"has-post-thumbnail","6":"product_brand-trefl","7":"product_cat-4-5-lat","8":"product_cat-gry-planszowe","9":"product_shipping_class-mala-paczka-inpost-royalmail","10":"pa_producent-trefl","11":"pa_wiek-122","13":"first","14":"instock","15":"taxable","16":"shipping-taxable","17":"purchasable","18":"product-type-simple"},"aioseo_notices":[],"_links":{"self":[{"href":"https:\/\/krainazozolki.co.uk\/en\/wp-json\/wp\/v2\/product\/8633","targetHints":{"allow":["GET"]}}],"collection":[{"href":"https:\/\/krainazozolki.co.uk\/en\/wp-json\/wp\/v2\/product"}],"about":[{"href":"https:\/\/krainazozolki.co.uk\/en\/wp-json\/wp\/v2\/types\/product"}],"replies":[{"embeddable":true,"href":"https:\/\/krainazozolki.co.uk\/en\/wp-json\/wp\/v2\/comments?post=8633"}],"version-history":[{"count":2,"href":"https:\/\/krainazozolki.co.uk\/en\/wp-json\/wp\/v2\/product\/8633\/revisions"}],"predecessor-version":[{"id":8635,"href":"https:\/\/krainazozolki.co.uk\/en\/wp-json\/wp\/v2\/product\/8633\/revisions\/8635"}],"wp:featuredmedia":[{"embeddable":true,"href":"https:\/\/krainazozolki.co.uk\/en\/wp-json\/wp\/v2\/media\/8636"}],"wp:attachment":[{"href":"https:\/\/krainazozolki.co.uk\/en\/wp-json\/wp\/v2\/media?parent=8633"}],"wp:term":[{"taxonomy":"product_brand","embeddable":true,"href":"https:\/\/krainazozolki.co.uk\/en\/wp-json\/wp\/v2\/product_brand?post=8633"},{"taxonomy":"product_cat","embeddable":true,"href":"https:\/\/krainazozolki.co.uk\/en\/wp-json\/wp\/v2\/product_cat?post=8633"},{"taxonomy":"product_tag","embeddable":true,"href":"https:\/\/krainazozolki.co.uk\/en\/wp-json\/wp\/v2\/product_tag?post=8633"}],"curies":[{"name":"wp","href":"https:\/\/api.w.org\/{rel}","templated":true}]}}