{"id":8644,"date":"2026-03-19T21:39:38","date_gmt":"2026-03-19T21:39:38","guid":{"rendered":"https:\/\/krainazozolki.co.uk\/?post_type=product&#038;p=8644"},"modified":"2026-03-19T21:39:38","modified_gmt":"2026-03-19T21:39:38","slug":"goracy-ziemniak-wersja-kieszonkowa-alexander","status":"publish","type":"product","link":"https:\/\/krainazozolki.co.uk\/en\/product\/goracy-ziemniak-wersja-kieszonkowa-alexander\/","title":{"rendered":"Gor\u0105cy Ziemniak. Wersja Kieszonkowa &#8211; Alexander"},"content":{"rendered":"<h4 style=\"text-align: center;\">Gor\u0105cy Ziemniak w wersji kieszonkowej to kompaktowe wydanie kultowej gry imprezowej od Alexander &#8211; tym razem tak ma\u0142e, \u017ce zmie\u015bci si\u0119 dos\u0142ownie wsz\u0119dzie. Zasady s\u0105 proste i wci\u0105gaj\u0105 od pierwszej rundy. Zakr\u0119\u0107 ma\u0142ym b\u0105czkiem lub ustaw czas w aplikacji, odkryj kart\u0119 z pytaniem i odpowiedz jak najszybciej. Ka\u017cda poprawna odpowied\u017a pozwala przerzuci\u0107 gor\u0105cego ziemniaka do s\u0105siada &#8211; jednak ten, kto nie zd\u0105\u017cy odpowiedzie\u0107, zanim czas dobiegnie ko\u0144ca, zostaje ze spalonym ziemniakiem i jego pionek spada coraz bli\u017cej grilla. Wygrywa gracz, kt\u00f3ry wykona\u0142 najmniej ruch\u00f3w w\u0142asnym pionkiem. Gra sprawdza refleks, kreatywno\u015b\u0107 i poczucie humoru, a przy tym rozkr\u0119ca ka\u017cde spotkanie w kilka minut. W zestawie znajduje si\u0119 27 kart, 25 pche\u0142ek, b\u0105czek, kostka w kszta\u0142cie ziemniaka oraz instrukcja.<br \/>\nDla 2\u20135 graczy od 8 lat<\/h4>","protected":false},"excerpt":{"rendered":"<h4>Wielki hit imprezowy, kt\u00f3ry teraz zmie\u015bci si\u0119 w kieszeni! Zakr\u0119\u0107 b\u0105czkiem, odkryj pytanie i odpowiedz zanim czas si\u0119 sko\u0144czy &#8211; bo kto nie zd\u0105\u017cy, zostaje ze spalonym ziemniakiem i spada na planszy coraz bli\u017cej grilla. Szybka, g\u0142o\u015bna i gwarantuj\u0105ca mn\u00f3stwo \u015bmiechu!<\/h4>","protected":false},"featured_media":8645,"comment_status":"closed","ping_status":"closed","template":"","meta":{"_monsterinsights_skip_tracking":false,"_monsterinsights_sitenote_active":false,"_monsterinsights_sitenote_note":"","_monsterinsights_sitenote_category":0},"product_brand":[116],"product_cat":[82,75],"product_tag":[],"class_list":{"0":"post-8644","1":"product","2":"type-product","3":"status-publish","4":"has-post-thumbnail","6":"product_brand-alexander","7":"product_cat-8-9-lat","8":"product_cat-gry-planszowe","9":"product_shipping_class-mala-paczka-inpost-royalmail","10":"pa_producent-alexander","11":"pa_wiek-119","13":"first","14":"instock","15":"taxable","16":"shipping-taxable","17":"purchasable","18":"product-type-simple"},"aioseo_notices":[],"_links":{"self":[{"href":"https:\/\/krainazozolki.co.uk\/en\/wp-json\/wp\/v2\/product\/8644","targetHints":{"allow":["GET"]}}],"collection":[{"href":"https:\/\/krainazozolki.co.uk\/en\/wp-json\/wp\/v2\/product"}],"about":[{"href":"https:\/\/krainazozolki.co.uk\/en\/wp-json\/wp\/v2\/types\/product"}],"replies":[{"embeddable":true,"href":"https:\/\/krainazozolki.co.uk\/en\/wp-json\/wp\/v2\/comments?post=8644"}],"version-history":[{"count":1,"href":"https:\/\/krainazozolki.co.uk\/en\/wp-json\/wp\/v2\/product\/8644\/revisions"}],"predecessor-version":[{"id":8649,"href":"https:\/\/krainazozolki.co.uk\/en\/wp-json\/wp\/v2\/product\/8644\/revisions\/8649"}],"wp:featuredmedia":[{"embeddable":true,"href":"https:\/\/krainazozolki.co.uk\/en\/wp-json\/wp\/v2\/media\/8645"}],"wp:attachment":[{"href":"https:\/\/krainazozolki.co.uk\/en\/wp-json\/wp\/v2\/media?parent=8644"}],"wp:term":[{"taxonomy":"product_brand","embeddable":true,"href":"https:\/\/krainazozolki.co.uk\/en\/wp-json\/wp\/v2\/product_brand?post=8644"},{"taxonomy":"product_cat","embeddable":true,"href":"https:\/\/krainazozolki.co.uk\/en\/wp-json\/wp\/v2\/product_cat?post=8644"},{"taxonomy":"product_tag","embeddable":true,"href":"https:\/\/krainazozolki.co.uk\/en\/wp-json\/wp\/v2\/product_tag?post=8644"}],"curies":[{"name":"wp","href":"https:\/\/api.w.org\/{rel}","templated":true}]}}