{"id":8652,"date":"2026-03-20T11:37:42","date_gmt":"2026-03-20T11:37:42","guid":{"rendered":"https:\/\/krainazozolki.co.uk\/?post_type=product&#038;p=8652"},"modified":"2026-03-20T11:37:42","modified_gmt":"2026-03-20T11:37:42","slug":"montessori-fiszki-emocje-i-reakcje-headu","status":"publish","type":"product","link":"https:\/\/krainazozolki.co.uk\/en\/product\/montessori-fiszki-emocje-i-reakcje-headu\/","title":{"rendered":"Montessori. Fiszki Emocje i reakcje &#8211; Headu"},"content":{"rendered":"<h4 style=\"text-align: center;\">Montessori. Fiszki Emocje i reakcje to wielofunkcyjny zestaw 36 du\u017cych kart od Headu, stworzony zgodnie z metod\u0105 Montessori.<br \/>\nZestaw zawiera trzy rodzaje kart &#8211; karty reakcji, karty emocji oraz karty cz\u0119\u015bci cia\u0142a. Dzi\u0119ki temu dziecko poznaje jednocze\u015bnie codzienne czynno\u015bci, uczucia takie jak zmieszanie czy zakochanie, a tak\u017ce nazwy cz\u0119\u015bci twarzy i cia\u0142a. Co wa\u017cne, na odwrocie kart kryj\u0105 si\u0119 elementy twarzy &#8211; oczy, usta i nosy &#8211; z kt\u00f3rych maluchy mog\u0105 uk\u0142ada\u0107 w\u0142asne zabawne miny. Dzi\u0119ki temu zabawa anga\u017cuje wyobra\u017ani\u0119 i utrwala poznane s\u0142owa. Zestaw oferuje wiele wariant\u00f3w zabawy dopasowanych do wieku dziecka &#8211; od prostego nazywania dla rocznych maluch\u00f3w, a\u017c po \u0142\u0105czenie i por\u00f3wnywanie kart dla trzy- i czterolatk\u00f3w.<br \/>\nWyprodukowany we W\u0142oszech, dla dzieci od 1 do 4 lat.<\/h4>","protected":false},"excerpt":{"rendered":"<h4>40 dotykowych fiszek, kt\u00f3re ucz\u0105 maluch\u00f3w rozpoznawa\u0107 emocje, mimik\u0119 i codzienne czynno\u015bci! Zdj\u0119cia prawdziwych dzieci, piaskowana faktura kart i wiele wariant\u00f3w zabawy sprawiaj\u0105, \u017ce nauka emocji staje si\u0119 naturaln\u0105 cz\u0119\u015bci\u0105 codziennej zabawy<\/h4>","protected":false},"featured_media":8653,"comment_status":"closed","ping_status":"closed","template":"","meta":{"_monsterinsights_skip_tracking":false,"_monsterinsights_sitenote_active":false,"_monsterinsights_sitenote_note":"","_monsterinsights_sitenote_category":0},"product_brand":[144],"product_cat":[79,75],"product_tag":[],"class_list":{"0":"post-8652","1":"product","2":"type-product","3":"status-publish","4":"has-post-thumbnail","6":"product_brand-headu","7":"product_cat-0-3-lata","8":"product_cat-gry-planszowe","9":"product_shipping_class-mala-paczka-inpost-royalmail","10":"pa_producent-headu","11":"pa_wiek-124","13":"first","14":"instock","15":"taxable","16":"shipping-taxable","17":"purchasable","18":"product-type-simple"},"aioseo_notices":[],"_links":{"self":[{"href":"https:\/\/krainazozolki.co.uk\/en\/wp-json\/wp\/v2\/product\/8652","targetHints":{"allow":["GET"]}}],"collection":[{"href":"https:\/\/krainazozolki.co.uk\/en\/wp-json\/wp\/v2\/product"}],"about":[{"href":"https:\/\/krainazozolki.co.uk\/en\/wp-json\/wp\/v2\/types\/product"}],"replies":[{"embeddable":true,"href":"https:\/\/krainazozolki.co.uk\/en\/wp-json\/wp\/v2\/comments?post=8652"}],"version-history":[{"count":1,"href":"https:\/\/krainazozolki.co.uk\/en\/wp-json\/wp\/v2\/product\/8652\/revisions"}],"predecessor-version":[{"id":8655,"href":"https:\/\/krainazozolki.co.uk\/en\/wp-json\/wp\/v2\/product\/8652\/revisions\/8655"}],"wp:featuredmedia":[{"embeddable":true,"href":"https:\/\/krainazozolki.co.uk\/en\/wp-json\/wp\/v2\/media\/8653"}],"wp:attachment":[{"href":"https:\/\/krainazozolki.co.uk\/en\/wp-json\/wp\/v2\/media?parent=8652"}],"wp:term":[{"taxonomy":"product_brand","embeddable":true,"href":"https:\/\/krainazozolki.co.uk\/en\/wp-json\/wp\/v2\/product_brand?post=8652"},{"taxonomy":"product_cat","embeddable":true,"href":"https:\/\/krainazozolki.co.uk\/en\/wp-json\/wp\/v2\/product_cat?post=8652"},{"taxonomy":"product_tag","embeddable":true,"href":"https:\/\/krainazozolki.co.uk\/en\/wp-json\/wp\/v2\/product_tag?post=8652"}],"curies":[{"name":"wp","href":"https:\/\/api.w.org\/{rel}","templated":true}]}}