{"id":8656,"date":"2026-03-20T11:55:13","date_gmt":"2026-03-20T11:55:13","guid":{"rendered":"https:\/\/krainazozolki.co.uk\/?post_type=product&#038;p=8656"},"modified":"2026-03-30T20:48:15","modified_gmt":"2026-03-30T20:48:15","slug":"montessori-karty-edukacyjne-headu","status":"publish","type":"product","link":"https:\/\/krainazozolki.co.uk\/en\/product\/montessori-karty-edukacyjne-headu\/","title":{"rendered":"Montessori. Karty edukacyjne &#8211; Headu"},"content":{"rendered":"<h4 style=\"text-align: center;\">Montessori. Pierwsze s\u0142owa to zestaw 10 du\u017cych kart z 10 kolorowymi wyjmowanymi kszta\u0142tami od Headu, stworzony zgodnie z metod\u0105 tr\u00f3jstopniowej lekcji Marii Montessori. Zabawa przebiega w trzech etapach, dzi\u0119ki czemu ka\u017cdy maluch mo\u017ce uczy\u0107 si\u0119 we w\u0142asnym tempie. Na pocz\u0105tku rodzic pokazuje dziecku kart\u0119 i pomaga mu w\u0142o\u017cy\u0107 kszta\u0142t w odpowiednie miejsce. Nast\u0119pnie plansze i kszta\u0142ty le\u017c\u0105 osobno na stole &#8211; zadaniem malucha jest samodzielne dopasowanie ich do w\u0142a\u015bciwych ramek. W trzecim etapie rodzic wyjmuje kszta\u0142t z karty, a dziecko g\u0142o\u015bno wypowiada jego nazw\u0119. Dzi\u0119ki tej tr\u00f3jstopniowej metodzie maluch stopniowo uczy si\u0119 zapami\u0119tywa\u0107 i wymawia\u0107 pierwsze s\u0142owa. Co wi\u0119cej, podczas zabawy doskonali zdolno\u015bci manualne i uczy si\u0119 klasyfikowa\u0107 oraz rozpoznawa\u0107 kszta\u0142ty. Na kartach znajdziesz kolorowe ilustracje takich s\u0142\u00f3w jak: gitara, kot, jab\u0142ko, ksi\u0119\u017cyc, statek, traktor, gruszka, pies i inne.<br \/>\nWyprodukowany we W\u0142oszech, dla dzieci od 1 do 3 lat<\/h4>","protected":false},"excerpt":{"rendered":"<h4>Pierwszy s\u0142ownik malucha w wyj\u0105tkowej formie! Trwa\u0142e karty z wyjmowanymi kszta\u0142tami ucz\u0105 dziecko s\u0142uchania, wymowy i zapami\u0119tywania pierwszych s\u0142\u00f3w &#8211; w trzech etapach dopasowanych do mo\u017cliwo\u015bci maluszka. Inspirowane metod\u0105 tr\u00f3jstopniowej lekcji Marii Montessori.<\/h4>","protected":false},"featured_media":8657,"comment_status":"closed","ping_status":"closed","template":"","meta":{"_monsterinsights_skip_tracking":false,"_monsterinsights_sitenote_active":false,"_monsterinsights_sitenote_note":"","_monsterinsights_sitenote_category":0},"product_brand":[144],"product_cat":[79,75],"product_tag":[],"class_list":{"0":"post-8656","1":"product","2":"type-product","3":"status-publish","4":"has-post-thumbnail","6":"product_brand-headu","7":"product_cat-0-3-lata","8":"product_cat-gry-planszowe","9":"product_shipping_class-mala-paczka-inpost-royalmail","10":"pa_producent-headu","11":"pa_wiek-124","13":"first","14":"instock","15":"taxable","16":"shipping-taxable","17":"purchasable","18":"product-type-simple"},"aioseo_notices":[],"_links":{"self":[{"href":"https:\/\/krainazozolki.co.uk\/en\/wp-json\/wp\/v2\/product\/8656","targetHints":{"allow":["GET"]}}],"collection":[{"href":"https:\/\/krainazozolki.co.uk\/en\/wp-json\/wp\/v2\/product"}],"about":[{"href":"https:\/\/krainazozolki.co.uk\/en\/wp-json\/wp\/v2\/types\/product"}],"replies":[{"embeddable":true,"href":"https:\/\/krainazozolki.co.uk\/en\/wp-json\/wp\/v2\/comments?post=8656"}],"version-history":[{"count":2,"href":"https:\/\/krainazozolki.co.uk\/en\/wp-json\/wp\/v2\/product\/8656\/revisions"}],"predecessor-version":[{"id":9047,"href":"https:\/\/krainazozolki.co.uk\/en\/wp-json\/wp\/v2\/product\/8656\/revisions\/9047"}],"wp:featuredmedia":[{"embeddable":true,"href":"https:\/\/krainazozolki.co.uk\/en\/wp-json\/wp\/v2\/media\/8657"}],"wp:attachment":[{"href":"https:\/\/krainazozolki.co.uk\/en\/wp-json\/wp\/v2\/media?parent=8656"}],"wp:term":[{"taxonomy":"product_brand","embeddable":true,"href":"https:\/\/krainazozolki.co.uk\/en\/wp-json\/wp\/v2\/product_brand?post=8656"},{"taxonomy":"product_cat","embeddable":true,"href":"https:\/\/krainazozolki.co.uk\/en\/wp-json\/wp\/v2\/product_cat?post=8656"},{"taxonomy":"product_tag","embeddable":true,"href":"https:\/\/krainazozolki.co.uk\/en\/wp-json\/wp\/v2\/product_tag?post=8656"}],"curies":[{"name":"wp","href":"https:\/\/api.w.org\/{rel}","templated":true}]}}