{"id":8668,"date":"2026-03-20T15:25:59","date_gmt":"2026-03-20T15:25:59","guid":{"rendered":"https:\/\/krainazozolki.co.uk\/?post_type=product&#038;p=8668"},"modified":"2026-03-20T15:25:59","modified_gmt":"2026-03-20T15:25:59","slug":"w-glowie-sie-nie-miesci-2-lisciani","status":"publish","type":"product","link":"https:\/\/krainazozolki.co.uk\/en\/product\/w-glowie-sie-nie-miesci-2-lisciani\/","title":{"rendered":"W g\u0142owie si\u0119 nie mie\u015bci 2 \u2013 Lisciani"},"content":{"rendered":"<h4 style=\"text-align: center;\">W g\u0142owie si\u0119 nie mie\u015bci 2 \u2013 gra o emocjach to plansz\u00f3wka od Lisciani, inspirowana popularnym filmem Disney Pixar. Gra zabiera graczy w emocjonaln\u0105 podr\u00f3\u017c pe\u0142n\u0105 zagadek i wyzwa\u0144. Dzi\u0119ki wyj\u0105tkowej planszy i czterem tr\u00f3jwymiarowym konsolom ka\u017cdy gracz wciela si\u0119 w jedn\u0105 z emocji. W efekcie odkrywa, jak r\u00f3\u017cne uczucia wp\u0142ywaj\u0105 na codzienne \u017cycie. W zestawie znajdziesz plansz\u0119, spinner, 4 karty miejsc, 4 tr\u00f3jwymiarowe konsole, 25 kart emocji oraz 36 \u017ceton\u00f3w. Ka\u017cda rozgrywka trwa oko\u0142o 30 minut i anga\u017cuje wszystkich przy stole. Co wa\u017cne, gra nie tylko bawi, ale te\u017c naturalnie otwiera rozmow\u0119 o uczuciach. Ponadto \u015bwietnie sprawdza si\u0119 zar\u00f3wno w domu, jak i na zaj\u0119ciach szkolnych czy terapeutycznych. Jednak najwi\u0119ksz\u0105 zalet\u0105 jest to, \u017ce dzieci ucz\u0105 si\u0119 emocji przez zabaw\u0119 &#8211; bez narzucania tematu. Dla 2\u20134 graczy od 6 lat.<\/h4>","protected":false},"excerpt":{"rendered":"<h4>Wejd\u017a do kolorowego \u015bwiata Riley i jej emocji! W g\u0142owie si\u0119 nie mie\u015bci 2 to interaktywna gra planszowa pe\u0142na quiz\u00f3w i wyzwa\u0144, kt\u00f3ra pomaga dzieciom lepiej rozumie\u0107 uczucia. Dzi\u0119ki tr\u00f3jwymiarowym konsolom gracze wcielaj\u0105 si\u0119 w ulubione emocje z popularnego filmu Disney Pixar<\/h4>","protected":false},"featured_media":8669,"comment_status":"closed","ping_status":"closed","template":"","meta":{"_monsterinsights_skip_tracking":false,"_monsterinsights_sitenote_active":false,"_monsterinsights_sitenote_note":"","_monsterinsights_sitenote_category":0},"product_brand":[146],"product_cat":[81,75],"product_tag":[],"class_list":{"0":"post-8668","1":"product","2":"type-product","3":"status-publish","4":"has-post-thumbnail","6":"product_brand-lisciani","7":"product_cat-6-7-lat","8":"product_cat-gry-planszowe","9":"product_shipping_class-srednia-paczka-inpost","10":"pa_producent-lisciani","11":"pa_wiek-125","13":"first","14":"instock","15":"taxable","16":"shipping-taxable","17":"purchasable","18":"product-type-simple"},"aioseo_notices":[],"_links":{"self":[{"href":"https:\/\/krainazozolki.co.uk\/en\/wp-json\/wp\/v2\/product\/8668","targetHints":{"allow":["GET"]}}],"collection":[{"href":"https:\/\/krainazozolki.co.uk\/en\/wp-json\/wp\/v2\/product"}],"about":[{"href":"https:\/\/krainazozolki.co.uk\/en\/wp-json\/wp\/v2\/types\/product"}],"replies":[{"embeddable":true,"href":"https:\/\/krainazozolki.co.uk\/en\/wp-json\/wp\/v2\/comments?post=8668"}],"version-history":[{"count":2,"href":"https:\/\/krainazozolki.co.uk\/en\/wp-json\/wp\/v2\/product\/8668\/revisions"}],"predecessor-version":[{"id":8673,"href":"https:\/\/krainazozolki.co.uk\/en\/wp-json\/wp\/v2\/product\/8668\/revisions\/8673"}],"wp:featuredmedia":[{"embeddable":true,"href":"https:\/\/krainazozolki.co.uk\/en\/wp-json\/wp\/v2\/media\/8669"}],"wp:attachment":[{"href":"https:\/\/krainazozolki.co.uk\/en\/wp-json\/wp\/v2\/media?parent=8668"}],"wp:term":[{"taxonomy":"product_brand","embeddable":true,"href":"https:\/\/krainazozolki.co.uk\/en\/wp-json\/wp\/v2\/product_brand?post=8668"},{"taxonomy":"product_cat","embeddable":true,"href":"https:\/\/krainazozolki.co.uk\/en\/wp-json\/wp\/v2\/product_cat?post=8668"},{"taxonomy":"product_tag","embeddable":true,"href":"https:\/\/krainazozolki.co.uk\/en\/wp-json\/wp\/v2\/product_tag?post=8668"}],"curies":[{"name":"wp","href":"https:\/\/api.w.org\/{rel}","templated":true}]}}