{"id":8745,"date":"2026-03-21T22:29:38","date_gmt":"2026-03-21T22:29:38","guid":{"rendered":"https:\/\/krainazozolki.co.uk\/?post_type=product&#038;p=8745"},"modified":"2026-03-21T22:29:38","modified_gmt":"2026-03-21T22:29:38","slug":"skarbiec-gra-planszowa-z-przygoda-w-dzungli-kukuryku","status":"publish","type":"product","link":"https:\/\/krainazozolki.co.uk\/en\/product\/skarbiec-gra-planszowa-z-przygoda-w-dzungli-kukuryku\/","title":{"rendered":"Skarbiec. Gra planszowa z przygod\u0105 w d\u017cungli &#8211; Kukuryku"},"content":{"rendered":"<h4 class=\"font-claude-response-body break-words whitespace-normal leading-[1.7]\" style=\"text-align: center;\">Witajcie, odkrywcy! G\u0142\u0119boko w buszu czeka ukryty Skarbiec \u2013 ale droga do niego nie b\u0119dzie \u0142atwa. Gracze wyruszaj\u0105 w serce d\u017cungli, gdzie na ka\u017cdym kroku czyhaj\u0105 paj\u0105ki, w\u0119\u017ce, pantery, ruchome piaski i\u2026 inni poszukiwacze przyg\u00f3d, kt\u00f3rzy maj\u0105 dok\u0142adnie ten sam cel.<\/h4>\n<h4 class=\"font-claude-response-body break-words whitespace-normal leading-[1.7]\" style=\"text-align: center;\">Zadaniem graczy jest przemierzanie labiryntu \u015bcie\u017cek i zbieranie pomocnych przedmiot\u00f3w oraz amulet\u00f3w. Tylko ten, kto zdob\u0119dzie odpowiedni zestaw, zostanie wpuszczony do Skarbca. Warto wi\u0119c planowa\u0107 tras\u0119 z g\u0142ow\u0105 i nie da\u0107 si\u0119 wyprzedzi\u0107 rywalom.<\/h4>\n<h4 class=\"font-claude-response-body break-words whitespace-normal leading-[1.7]\" style=\"text-align: center;\">Skarbiec to gra, kt\u00f3ra \u0142\u0105czy element przygody z planowaniem i strategi\u0105. Zasady s\u0105 przyst\u0119pne, dlatego szybko wci\u0105ga ca\u0142\u0105 rodzin\u0119. Ka\u017cda rozgrywka przebiega inaczej \u2013 losowo\u015b\u0107 labiryntu i dzia\u0142ania innych graczy sprawiaj\u0105, \u017ce wyprawa po skarb zawsze dostarcza nowych emocji.<\/h4>\n<h4 class=\"font-claude-response-body break-words whitespace-normal leading-[1.7]\" style=\"text-align: center;\">Liczba graczy: 2\u20134, wiek: 7\u2013107 lat.<\/h4>\n","protected":false},"excerpt":{"rendered":"<h4>Wyprawa do serca d\u017cungli w poszukiwaniu ukrytego skarbu! Gracze przemierzaj\u0105 labirynt \u015bcie\u017cek, zbieraj\u0105 amulety i unikaj\u0105 niebezpiecze\u0144stw. 2\u20134 graczy, wiek 7+.<\/h4>","protected":false},"featured_media":8746,"comment_status":"closed","ping_status":"closed","template":"","meta":{"_monsterinsights_skip_tracking":false,"_monsterinsights_sitenote_active":false,"_monsterinsights_sitenote_note":"","_monsterinsights_sitenote_category":0},"product_brand":[135],"product_cat":[81,75],"product_tag":[],"class_list":{"0":"post-8745","1":"product","2":"type-product","3":"status-publish","4":"has-post-thumbnail","6":"product_brand-kukuryku","7":"product_cat-6-7-lat","8":"product_cat-gry-planszowe","9":"product_shipping_class-mala-paczka-inpost-royalmail","10":"pa_producent-kukuryku","11":"pa_wiek-126","13":"first","14":"instock","15":"taxable","16":"shipping-taxable","17":"purchasable","18":"product-type-simple"},"aioseo_notices":[],"_links":{"self":[{"href":"https:\/\/krainazozolki.co.uk\/en\/wp-json\/wp\/v2\/product\/8745","targetHints":{"allow":["GET"]}}],"collection":[{"href":"https:\/\/krainazozolki.co.uk\/en\/wp-json\/wp\/v2\/product"}],"about":[{"href":"https:\/\/krainazozolki.co.uk\/en\/wp-json\/wp\/v2\/types\/product"}],"replies":[{"embeddable":true,"href":"https:\/\/krainazozolki.co.uk\/en\/wp-json\/wp\/v2\/comments?post=8745"}],"version-history":[{"count":1,"href":"https:\/\/krainazozolki.co.uk\/en\/wp-json\/wp\/v2\/product\/8745\/revisions"}],"predecessor-version":[{"id":8749,"href":"https:\/\/krainazozolki.co.uk\/en\/wp-json\/wp\/v2\/product\/8745\/revisions\/8749"}],"wp:featuredmedia":[{"embeddable":true,"href":"https:\/\/krainazozolki.co.uk\/en\/wp-json\/wp\/v2\/media\/8746"}],"wp:attachment":[{"href":"https:\/\/krainazozolki.co.uk\/en\/wp-json\/wp\/v2\/media?parent=8745"}],"wp:term":[{"taxonomy":"product_brand","embeddable":true,"href":"https:\/\/krainazozolki.co.uk\/en\/wp-json\/wp\/v2\/product_brand?post=8745"},{"taxonomy":"product_cat","embeddable":true,"href":"https:\/\/krainazozolki.co.uk\/en\/wp-json\/wp\/v2\/product_cat?post=8745"},{"taxonomy":"product_tag","embeddable":true,"href":"https:\/\/krainazozolki.co.uk\/en\/wp-json\/wp\/v2\/product_tag?post=8745"}],"curies":[{"name":"wp","href":"https:\/\/api.w.org\/{rel}","templated":true}]}}