{"id":8752,"date":"2026-03-21T22:46:27","date_gmt":"2026-03-21T22:46:27","guid":{"rendered":"https:\/\/krainazozolki.co.uk\/?post_type=product&#038;p=8752"},"modified":"2026-03-21T22:46:27","modified_gmt":"2026-03-21T22:46:27","slug":"detektywi-sledztwo-w-toku-kukuryku","status":"publish","type":"product","link":"https:\/\/krainazozolki.co.uk\/en\/product\/detektywi-sledztwo-w-toku-kukuryku\/","title":{"rendered":"Detektywi: \u015aledztwo w toku &#8211; Kukuryku"},"content":{"rendered":"<h4 class=\"font-claude-response-body break-words whitespace-normal leading-[1.7]\" style=\"text-align: center;\">Cenne eksponaty znikn\u0119\u0142y z muzeum \u2013 i tylko sprawny detektyw zdo\u0142a odkry\u0107, kto za tym stoi! Detektywi: \u015aledztwo w toku to gra logiczna dla dw\u00f3ch graczy, w kt\u00f3rej ka\u017cdy wciel\u0430 si\u0119 w detektywa prowadz\u0105cego w\u0142asne dochodzenie.<\/h4>\n<h4 class=\"font-claude-response-body break-words whitespace-normal leading-[1.7]\" style=\"text-align: center;\">Podczas \u015bledztwa gracze por\u00f3wnuj\u0105 portrety pami\u0119ciowe podejrzanych i zadaj\u0105 \u015bwiadkom pytania o ich charakterystyczne cechy wygl\u0105du. Trzeba logicznie analizowa\u0107 zebrane informacje i systematycznie wyklucza\u0107 kolejnych podejrzanych. Wygrywa ten, kto rozwi\u0105\u017ce zagadk\u0119 w jak najkr\u00f3tszym czasie.<\/h4>\n<h4 class=\"font-claude-response-body break-words whitespace-normal leading-[1.7]\" style=\"text-align: center;\">Gra to \u015bwietny trening logicznego my\u015blenia, zadawania precyzyjnych pyta\u0144 i wyci\u0105gania wniosk\u00f3w na podstawie wskaz\u00f3wek. Zasady s\u0105 proste, dlatego sprawdza si\u0119 doskonale ju\u017c u sze\u015bciolatk\u00f3w, a jednocze\u015bnie wci\u0105ga starszych graczy. To te\u017c idealny format na czas we dwoje \u2013 na spokojne popo\u0142udnie z dzieckiem lub na rywalizacj\u0119 mi\u0119dzy rodze\u0144stwem.<\/h4>\n<h4 class=\"font-claude-response-body break-words whitespace-normal leading-[1.7]\" style=\"text-align: center;\">Liczba graczy: 2, wiek: 6+.<\/h4>\n","protected":false},"excerpt":{"rendered":"<h4>W nocy kto\u015b okrad\u0142 muzeum! Zosta\u0144 detektywem, por\u00f3wnuj portrety pami\u0119ciowe podejrzanych i pytaj \u015bwiadk\u00f3w, by jak najszybciej wskaza\u0107 z\u0142odzieja. Gra logiczna dla 2 graczy, wiek 6+.<\/h4>","protected":false},"featured_media":8753,"comment_status":"closed","ping_status":"closed","template":"","meta":{"_monsterinsights_skip_tracking":false,"_monsterinsights_sitenote_active":false,"_monsterinsights_sitenote_note":"","_monsterinsights_sitenote_category":0},"product_brand":[135],"product_cat":[81,75],"product_tag":[],"class_list":{"0":"post-8752","1":"product","2":"type-product","3":"status-publish","4":"has-post-thumbnail","6":"product_brand-kukuryku","7":"product_cat-6-7-lat","8":"product_cat-gry-planszowe","9":"product_shipping_class-mala-paczka-inpost-royalmail","10":"pa_producent-kukuryku","11":"pa_wiek-125","13":"first","14":"instock","15":"taxable","16":"shipping-taxable","17":"purchasable","18":"product-type-simple"},"aioseo_notices":[],"_links":{"self":[{"href":"https:\/\/krainazozolki.co.uk\/en\/wp-json\/wp\/v2\/product\/8752","targetHints":{"allow":["GET"]}}],"collection":[{"href":"https:\/\/krainazozolki.co.uk\/en\/wp-json\/wp\/v2\/product"}],"about":[{"href":"https:\/\/krainazozolki.co.uk\/en\/wp-json\/wp\/v2\/types\/product"}],"replies":[{"embeddable":true,"href":"https:\/\/krainazozolki.co.uk\/en\/wp-json\/wp\/v2\/comments?post=8752"}],"version-history":[{"count":1,"href":"https:\/\/krainazozolki.co.uk\/en\/wp-json\/wp\/v2\/product\/8752\/revisions"}],"predecessor-version":[{"id":8757,"href":"https:\/\/krainazozolki.co.uk\/en\/wp-json\/wp\/v2\/product\/8752\/revisions\/8757"}],"wp:featuredmedia":[{"embeddable":true,"href":"https:\/\/krainazozolki.co.uk\/en\/wp-json\/wp\/v2\/media\/8753"}],"wp:attachment":[{"href":"https:\/\/krainazozolki.co.uk\/en\/wp-json\/wp\/v2\/media?parent=8752"}],"wp:term":[{"taxonomy":"product_brand","embeddable":true,"href":"https:\/\/krainazozolki.co.uk\/en\/wp-json\/wp\/v2\/product_brand?post=8752"},{"taxonomy":"product_cat","embeddable":true,"href":"https:\/\/krainazozolki.co.uk\/en\/wp-json\/wp\/v2\/product_cat?post=8752"},{"taxonomy":"product_tag","embeddable":true,"href":"https:\/\/krainazozolki.co.uk\/en\/wp-json\/wp\/v2\/product_tag?post=8752"}],"curies":[{"name":"wp","href":"https:\/\/api.w.org\/{rel}","templated":true}]}}