{"id":8766,"date":"2026-03-21T23:20:06","date_gmt":"2026-03-21T23:20:06","guid":{"rendered":"https:\/\/krainazozolki.co.uk\/?post_type=product&#038;p=8766"},"modified":"2026-03-30T19:23:42","modified_gmt":"2026-03-30T19:23:42","slug":"gwiazdozbiory-kukuryku","status":"publish","type":"product","link":"https:\/\/krainazozolki.co.uk\/en\/product\/gwiazdozbiory-kukuryku\/","title":{"rendered":"Gwiazdozbiory &#8211;  Kukuryku"},"content":{"rendered":"<h4 class=\"font-claude-response-body break-words whitespace-normal leading-[1.7]\" style=\"text-align: center;\">Jeste\u015bmy w odleg\u0142ej galaktyce, a ka\u017cdy gracz ma jeden cel \u2013 podbi\u0107 jak najwi\u0119kszy gwiazdozbi\u00f3r! Wcielasz si\u0119 w kosmit\u0119 i lataj\u0105c swym statkiem kosmicznym, starasz si\u0119 zaj\u0105\u0107 jak najwi\u0119cej planet. Zasady s\u0105 proste: gracze dok\u0142adaj\u0105 tafelki w taki spos\u00f3b, aby planeta z plakietki styka\u0142a si\u0119 z identyczn\u0105, widniej\u0105c\u0105 na kartoniku le\u017c\u0105cym ju\u017c na stole.<\/h4>\n<h4 class=\"font-claude-response-body break-words whitespace-normal leading-[1.7]\" style=\"text-align: center;\">Jednak podbijanie kosmosu wcale nie jest \u0142atwe. Inni kosmici maj\u0105 dok\u0142adnie te same ambicje, dlatego trzeba uwa\u017cnie \u015bledzi\u0107 ruchy rywali i odpowiednio planowa\u0107 w\u0142asne kolejne kroki. Dlatego w\u0142a\u015bnie gra anga\u017cuje i wci\u0105ga od pierwszych minut \u2013 ka\u017cda decyzja ma znaczenie.<\/h4>\n<h4 class=\"font-claude-response-body break-words whitespace-normal leading-[1.7]\" style=\"text-align: center;\">Gwiazdozbiory ucz\u0105 przy tym tworzenia zbior\u00f3w i logicznego my\u015blenia, a ponadto \u0107wicz\u0105 pami\u0119\u0107, koncentracj\u0119 i spostrzegawczo\u015b\u0107. Dzi\u0119ki temu zabawa jest nie tylko emocjonuj\u0105ca, ale te\u017c rozwijaj\u0105ca. W rezultacie gra sprawdza si\u0119 zar\u00f3wno jako rodzinna wieczorna rozrywka, jak i pomoc edukacyjna dla przedszkolak\u00f3w i uczni\u00f3w.<\/h4>\n<h4 class=\"font-claude-response-body break-words whitespace-normal leading-[1.7]\" style=\"text-align: center;\">W pude\u0142ku znajdziesz 48 tafelk\u00f3w, 4 karty graczy, 16 statk\u00f3w kosmicznych, 16 \u017ceton\u00f3w z planetami, 16 podstawek i instrukcj\u0119. Liczba graczy: 2\u20134, wiek: 5+.<\/h4>\n<p class=\"font-claude-response-body break-words whitespace-normal leading-[1.7]\">\n","protected":false},"excerpt":{"rendered":"<h4>Wciel si\u0119 w kosmit\u0119 i podbij jak najwi\u0119ksz\u0105 przestrze\u0144 galaktyki! Dok\u0142adaj tafelki tak, by planety styka\u0142y si\u0119 z identycznymi, i buduj w\u0142asny gwiazdozbi\u00f3r. 2\u20134 graczy, wiek 5+.<\/h4>","protected":false},"featured_media":8987,"comment_status":"closed","ping_status":"closed","template":"","meta":{"_monsterinsights_skip_tracking":false,"_monsterinsights_sitenote_active":false,"_monsterinsights_sitenote_note":"","_monsterinsights_sitenote_category":0},"product_brand":[135],"product_cat":[80,75],"product_tag":[],"class_list":{"0":"post-8766","1":"product","2":"type-product","3":"status-publish","4":"has-post-thumbnail","6":"product_brand-kukuryku","7":"product_cat-4-5-lat","8":"product_cat-gry-planszowe","9":"product_shipping_class-mala-paczka-inpost-royalmail","10":"pa_producent-kukuryku","11":"pa_wiek-120","13":"first","14":"instock","15":"taxable","16":"shipping-taxable","17":"purchasable","18":"product-type-simple"},"aioseo_notices":[],"_links":{"self":[{"href":"https:\/\/krainazozolki.co.uk\/en\/wp-json\/wp\/v2\/product\/8766","targetHints":{"allow":["GET"]}}],"collection":[{"href":"https:\/\/krainazozolki.co.uk\/en\/wp-json\/wp\/v2\/product"}],"about":[{"href":"https:\/\/krainazozolki.co.uk\/en\/wp-json\/wp\/v2\/types\/product"}],"replies":[{"embeddable":true,"href":"https:\/\/krainazozolki.co.uk\/en\/wp-json\/wp\/v2\/comments?post=8766"}],"version-history":[{"count":1,"href":"https:\/\/krainazozolki.co.uk\/en\/wp-json\/wp\/v2\/product\/8766\/revisions"}],"predecessor-version":[{"id":8768,"href":"https:\/\/krainazozolki.co.uk\/en\/wp-json\/wp\/v2\/product\/8766\/revisions\/8768"}],"wp:featuredmedia":[{"embeddable":true,"href":"https:\/\/krainazozolki.co.uk\/en\/wp-json\/wp\/v2\/media\/8987"}],"wp:attachment":[{"href":"https:\/\/krainazozolki.co.uk\/en\/wp-json\/wp\/v2\/media?parent=8766"}],"wp:term":[{"taxonomy":"product_brand","embeddable":true,"href":"https:\/\/krainazozolki.co.uk\/en\/wp-json\/wp\/v2\/product_brand?post=8766"},{"taxonomy":"product_cat","embeddable":true,"href":"https:\/\/krainazozolki.co.uk\/en\/wp-json\/wp\/v2\/product_cat?post=8766"},{"taxonomy":"product_tag","embeddable":true,"href":"https:\/\/krainazozolki.co.uk\/en\/wp-json\/wp\/v2\/product_tag?post=8766"}],"curies":[{"name":"wp","href":"https:\/\/api.w.org\/{rel}","templated":true}]}}