{"id":8769,"date":"2026-03-21T23:27:18","date_gmt":"2026-03-21T23:27:18","guid":{"rendered":"https:\/\/krainazozolki.co.uk\/?post_type=product&#038;p=8769"},"modified":"2026-03-30T19:14:04","modified_gmt":"2026-03-30T19:14:04","slug":"emocje-kukuryku","status":"publish","type":"product","link":"https:\/\/krainazozolki.co.uk\/en\/product\/emocje-kukuryku\/","title":{"rendered":"Emocje. Gra planszowa &#8211; Kukuryku"},"content":{"rendered":"<h4 class=\"font-claude-response-body break-words whitespace-normal leading-[1.7]\" style=\"text-align: center;\">M\u00f3wienie o emocjach bywa trudne \u2013 jednak dzi\u0119ki tej grze staje si\u0119 naturalne i ca\u0142kiem przyjemne. Emocje to nagradzana gra planszowa polskiego wydawnictwa Kukuryku, wyr\u00f3\u017cniona tytu\u0142em Zabawka Roku 2019 przez portal Zabawkowicz. Ch\u0119tnie si\u0119gaj\u0105 po ni\u0105 zar\u00f3wno rodzice, jak i terapeuci oraz nauczyciele.<\/h4>\n<h4 class=\"font-claude-response-body break-words whitespace-normal leading-[1.7]\" style=\"text-align: center;\">Podczas rozgrywki gracze odpowiadaj\u0105 na pytania i wykonuj\u0105 zadania zwi\u0105zane z r\u00f3\u017cnymi uczuciami \u2013 od rado\u015bci i mi\u0142o\u015bci po z\u0142o\u015b\u0107, niepok\u00f3j i smutek. Karty z zadaniami zawieraj\u0105 historyjki i sytuacje z \u017cycia wzi\u0119te, dzi\u0119ki czemu dzieci rozumiej\u0105, sk\u0105d bior\u0105 si\u0119 okre\u015blone emocje i jak mo\u017cna na nie reagowa\u0107. W ten spos\u00f3b gra nie tylko bawi, ale te\u017c uczy.<\/h4>\n<h4 class=\"font-claude-response-body break-words whitespace-normal leading-[1.7]\" style=\"text-align: center;\">Co wa\u017cne, Emocje sprawdzaj\u0105 si\u0119 zar\u00f3wno w domu, jak i w plac\u00f3wkach edukacyjnych i terapeutycznych. Temat jest nie\u0142atwy, jednak gra podchodzi do niego w przyst\u0119pny i anga\u017cuj\u0105cy spos\u00f3b. Dlatego te\u017c polecaj\u0105 j\u0105 specjali\u015bci pracuj\u0105cy z dzie\u0107mi.<\/h4>\n<h4 class=\"font-claude-response-body break-words whitespace-normal leading-[1.7]\" style=\"text-align: center;\">W pude\u0142ku znajdziesz du\u017c\u0105 puzzlow\u0105 plansz\u0119 z 8 element\u00f3w, 112 kart z zadaniami i 16 okr\u0105g\u0142ych tafelk\u00f3w emocji. Liczba graczy: 2\u20134, wiek: 7\u201399 lat. Wyprodukowano w Polsce.<\/h4>\n","protected":false},"excerpt":{"rendered":"<h4>Gniew, rado\u015b\u0107, smutek, mi\u0142o\u015b\u0107, niepok\u00f3j \u2013 emocje towarzysz\u0105 nam na ka\u017cdym kroku. Ta nagrodzona gra pomaga dzieciom i doros\u0142ym pozna\u0107 swoje uczucia i m\u00f3wi\u0107 o nich wprost. 2\u20134 graczy, wiek 7+.<\/h4>","protected":false},"featured_media":8978,"comment_status":"closed","ping_status":"closed","template":"","meta":{"_monsterinsights_skip_tracking":false,"_monsterinsights_sitenote_active":false,"_monsterinsights_sitenote_note":"","_monsterinsights_sitenote_category":0},"product_brand":[135],"product_cat":[81,75],"product_tag":[],"class_list":{"0":"post-8769","1":"product","2":"type-product","3":"status-publish","4":"has-post-thumbnail","6":"product_brand-kukuryku","7":"product_cat-6-7-lat","8":"product_cat-gry-planszowe","9":"product_shipping_class-mala-paczka-inpost-royalmail","10":"pa_producent-kukuryku","11":"pa_wiek-126","13":"first","14":"instock","15":"taxable","16":"shipping-taxable","17":"purchasable","18":"product-type-simple"},"aioseo_notices":[],"_links":{"self":[{"href":"https:\/\/krainazozolki.co.uk\/en\/wp-json\/wp\/v2\/product\/8769","targetHints":{"allow":["GET"]}}],"collection":[{"href":"https:\/\/krainazozolki.co.uk\/en\/wp-json\/wp\/v2\/product"}],"about":[{"href":"https:\/\/krainazozolki.co.uk\/en\/wp-json\/wp\/v2\/types\/product"}],"replies":[{"embeddable":true,"href":"https:\/\/krainazozolki.co.uk\/en\/wp-json\/wp\/v2\/comments?post=8769"}],"version-history":[{"count":2,"href":"https:\/\/krainazozolki.co.uk\/en\/wp-json\/wp\/v2\/product\/8769\/revisions"}],"predecessor-version":[{"id":8982,"href":"https:\/\/krainazozolki.co.uk\/en\/wp-json\/wp\/v2\/product\/8769\/revisions\/8982"}],"wp:featuredmedia":[{"embeddable":true,"href":"https:\/\/krainazozolki.co.uk\/en\/wp-json\/wp\/v2\/media\/8978"}],"wp:attachment":[{"href":"https:\/\/krainazozolki.co.uk\/en\/wp-json\/wp\/v2\/media?parent=8769"}],"wp:term":[{"taxonomy":"product_brand","embeddable":true,"href":"https:\/\/krainazozolki.co.uk\/en\/wp-json\/wp\/v2\/product_brand?post=8769"},{"taxonomy":"product_cat","embeddable":true,"href":"https:\/\/krainazozolki.co.uk\/en\/wp-json\/wp\/v2\/product_cat?post=8769"},{"taxonomy":"product_tag","embeddable":true,"href":"https:\/\/krainazozolki.co.uk\/en\/wp-json\/wp\/v2\/product_tag?post=8769"}],"curies":[{"name":"wp","href":"https:\/\/api.w.org\/{rel}","templated":true}]}}