{"id":8786,"date":"2026-03-22T16:57:35","date_gmt":"2026-03-22T16:57:35","guid":{"rendered":"https:\/\/krainazozolki.co.uk\/?post_type=product&#038;p=8786"},"modified":"2026-03-30T19:55:50","modified_gmt":"2026-03-30T19:55:50","slug":"potwory-od-kuchni-granna","status":"publish","type":"product","link":"https:\/\/krainazozolki.co.uk\/en\/product\/potwory-od-kuchni-granna\/","title":{"rendered":"Potwory od kuchni &#8211; Granna"},"content":{"rendered":"<h4 class=\"font-claude-response-body break-words whitespace-normal leading-[1.7]\" style=\"text-align: center;\">Pora na podwieczorek, a wyg\u0142odnia\u0142e potwory ju\u017c szalej\u0105! W tej grze liczy si\u0119 przede wszystkim spostrzegawczo\u015b\u0107 i refleks \u2013 bo kto najszybciej znajdzie w\u0142a\u015bciwy smako\u0142yk, ten zdobywa punkt.<\/h4>\n<h4 class=\"font-claude-response-body break-words whitespace-normal leading-[1.7]\" style=\"text-align: center;\">Zasady s\u0105 bardzo proste. Odkryj now\u0105 kart\u0119 i sprawd\u017a, od kt\u00f3rej strony zaczniesz poszukiwania. Nast\u0119pnie pod\u0105\u017caj drog\u0105 od smako\u0142yku do smako\u0142yku, by odkry\u0107, na co potworek ma najwi\u0119ksz\u0105 ochot\u0119. Je\u015bli Ci si\u0119 uda \u2013 chwy\u0107 \u017ceton i zgarnij punkt! Jednak uwaga, bo konkurencja nie \u015bpi i wszyscy szukaj\u0105 jednocze\u015bnie.<\/h4>\n<h4 class=\"font-claude-response-body break-words whitespace-normal leading-[1.7]\" style=\"text-align: center;\">Potwory od kuchni to autorska gra Roberta Fragi, wydana przez Grann\u0119 w 2024 roku. Dost\u0119pne s\u0105 dwa poziomy trudno\u015bci, dzi\u0119ki czemu zestaw sprawdza si\u0119 zar\u00f3wno u najm\u0142odszych, jak i u starszych graczy. Ponadto kr\u00f3tki czas rozgrywki \u2013 zaledwie oko\u0142o 10 minut \u2013 sprawia, \u017ce gra idealna nadaje si\u0119 na spontaniczn\u0105 zabaw\u0119 w ka\u017cdej chwili.<\/h4>\n<h4 class=\"font-claude-response-body break-words whitespace-normal leading-[1.7]\" style=\"text-align: center;\">Liczba graczy: 2\u20135, wiek: 4+, czas rozgrywki: ~10 minut.<\/h4>\n","protected":false},"excerpt":{"rendered":"<h4>Wyg\u0142odnia\u0142e stworki ruszaj\u0105 na poszukiwanie smako\u0142yk\u00f3w \u2013 kto pierwszy zape\u0142ni brzuszek potworka? Szybka gra na spostrzegawczo\u015b\u0107 i refleks dla ca\u0142ej rodziny. 2\u20135 graczy, wiek 4+, ~10 min.<\/h4>","protected":false},"featured_media":8999,"comment_status":"closed","ping_status":"closed","template":"","meta":{"_monsterinsights_skip_tracking":false,"_monsterinsights_sitenote_active":false,"_monsterinsights_sitenote_note":"","_monsterinsights_sitenote_category":0},"product_brand":[114],"product_cat":[80,75],"product_tag":[],"class_list":{"0":"post-8786","1":"product","2":"type-product","3":"status-publish","4":"has-post-thumbnail","6":"product_brand-granna","7":"product_cat-4-5-lat","8":"product_cat-gry-planszowe","9":"product_shipping_class-mala-paczka-inpost-royalmail","10":"pa_producent-granna","11":"pa_wiek-122","13":"first","14":"instock","15":"taxable","16":"shipping-taxable","17":"purchasable","18":"product-type-simple"},"aioseo_notices":[],"_links":{"self":[{"href":"https:\/\/krainazozolki.co.uk\/en\/wp-json\/wp\/v2\/product\/8786","targetHints":{"allow":["GET"]}}],"collection":[{"href":"https:\/\/krainazozolki.co.uk\/en\/wp-json\/wp\/v2\/product"}],"about":[{"href":"https:\/\/krainazozolki.co.uk\/en\/wp-json\/wp\/v2\/types\/product"}],"replies":[{"embeddable":true,"href":"https:\/\/krainazozolki.co.uk\/en\/wp-json\/wp\/v2\/comments?post=8786"}],"version-history":[{"count":1,"href":"https:\/\/krainazozolki.co.uk\/en\/wp-json\/wp\/v2\/product\/8786\/revisions"}],"predecessor-version":[{"id":8787,"href":"https:\/\/krainazozolki.co.uk\/en\/wp-json\/wp\/v2\/product\/8786\/revisions\/8787"}],"wp:featuredmedia":[{"embeddable":true,"href":"https:\/\/krainazozolki.co.uk\/en\/wp-json\/wp\/v2\/media\/8999"}],"wp:attachment":[{"href":"https:\/\/krainazozolki.co.uk\/en\/wp-json\/wp\/v2\/media?parent=8786"}],"wp:term":[{"taxonomy":"product_brand","embeddable":true,"href":"https:\/\/krainazozolki.co.uk\/en\/wp-json\/wp\/v2\/product_brand?post=8786"},{"taxonomy":"product_cat","embeddable":true,"href":"https:\/\/krainazozolki.co.uk\/en\/wp-json\/wp\/v2\/product_cat?post=8786"},{"taxonomy":"product_tag","embeddable":true,"href":"https:\/\/krainazozolki.co.uk\/en\/wp-json\/wp\/v2\/product_tag?post=8786"}],"curies":[{"name":"wp","href":"https:\/\/api.w.org\/{rel}","templated":true}]}}