{"id":8788,"date":"2026-03-22T17:14:06","date_gmt":"2026-03-22T17:14:06","guid":{"rendered":"https:\/\/krainazozolki.co.uk\/?post_type=product&#038;p=8788"},"modified":"2026-03-31T19:08:01","modified_gmt":"2026-03-31T19:08:01","slug":"szybcy-i-ze-wsi-granna","status":"publish","type":"product","link":"https:\/\/krainazozolki.co.uk\/en\/product\/szybcy-i-ze-wsi-granna\/","title":{"rendered":"Szybcy i ze wsi \u2013  Granna"},"content":{"rendered":"<h4 class=\"font-claude-response-body break-words whitespace-normal leading-[1.7]\" style=\"text-align: center;\">Uwaga, na starcie! Wszystkie zwierz\u0119ta i warzywa z gospodarstwa zebra\u0142y si\u0119 na corocznych zawodach sztafetowych, a emocje si\u0119gaj\u0105 zenitu. Dru\u017cyny s\u0105 rozgrzane, trenerzy udzielaj\u0105 ostatnich wskaz\u00f3wek \u2013 i w\u0142a\u015bnie ty poprowadzisz swoj\u0105 ekip\u0119 do zwyci\u0119stwa!<\/h4>\n<h4 class=\"font-claude-response-body break-words whitespace-normal leading-[1.7]\" style=\"text-align: center;\">W grze Szybcy i ze wsi wszyscy gracze maj\u0105 te same karty, jednak ka\u017cdy zagrywa je po swojemu. Dlatego kluczem do wygranej jest przewidywanie ruch\u00f3w przeciwnik\u00f3w i sprytne wykorzystanie efekt\u00f3w kart we w\u0142a\u015bciwym momencie. Kto odgadnie zamiary rywali i dotrze do mety jako pierwszy \u2013 wygrywa!<\/h4>\n<h4 class=\"font-claude-response-body break-words whitespace-normal leading-[1.7]\" style=\"text-align: center;\">Zestaw zawiera drewniane pionki sztafetowe, kt\u00f3re nadaj\u0105 grze wyj\u0105tkowego charakteru. Ponadto por\u0119czne, niedu\u017ce pude\u0142ko sprawia, \u017ce gr\u0119 mo\u017cna zabra\u0107 ze sob\u0105 w podr\u00f3\u017c lub na spotkanie ze znajomymi. Dzi\u0119ki szybkiej i intensywnej rozgrywce gra \u015bwietnie sprawdza si\u0119 zar\u00f3wno jako rozgrzewka przed wi\u0119ksz\u0105 plansz\u00f3wk\u0105, jak i samodzielna zabawa.<\/h4>\n<h4 class=\"font-claude-response-body break-words whitespace-normal leading-[1.7]\" style=\"text-align: center;\">W pude\u0142ku znajdziesz 3 karty toru wy\u015bcigowego, 30 kart dru\u017cyn, 5 drewnianych pionk\u00f3w sztafetowych, lini\u0119 startu i lini\u0119 mety. Liczba graczy: 2\u20135, wiek: 6+.<\/h4>\n","protected":false},"excerpt":{"rendered":"<h4>Dru\u017cyna kukurydzy czy papryki? Coroczne zawody sztafetowe w gospodarstwie w\u0142a\u015bnie si\u0119 zaczynaj\u0105! Zagraj kart\u0119, wyprzed\u017a rywali i dobie\u017a do mety pierwszy. 2\u20135 graczy, wiek 6+.<\/h4>","protected":false},"featured_media":9049,"comment_status":"closed","ping_status":"closed","template":"","meta":{"_monsterinsights_skip_tracking":false,"_monsterinsights_sitenote_active":false,"_monsterinsights_sitenote_note":"","_monsterinsights_sitenote_category":0},"product_brand":[114],"product_cat":[81,75],"product_tag":[],"class_list":{"0":"post-8788","1":"product","2":"type-product","3":"status-publish","4":"has-post-thumbnail","6":"product_brand-granna","7":"product_cat-6-7-lat","8":"product_cat-gry-planszowe","9":"product_shipping_class-mala-paczka-inpost-royalmail","10":"pa_producent-granna","11":"pa_wiek-126","13":"first","14":"instock","15":"taxable","16":"shipping-taxable","17":"purchasable","18":"product-type-simple"},"aioseo_notices":[],"_links":{"self":[{"href":"https:\/\/krainazozolki.co.uk\/en\/wp-json\/wp\/v2\/product\/8788","targetHints":{"allow":["GET"]}}],"collection":[{"href":"https:\/\/krainazozolki.co.uk\/en\/wp-json\/wp\/v2\/product"}],"about":[{"href":"https:\/\/krainazozolki.co.uk\/en\/wp-json\/wp\/v2\/types\/product"}],"replies":[{"embeddable":true,"href":"https:\/\/krainazozolki.co.uk\/en\/wp-json\/wp\/v2\/comments?post=8788"}],"version-history":[{"count":1,"href":"https:\/\/krainazozolki.co.uk\/en\/wp-json\/wp\/v2\/product\/8788\/revisions"}],"predecessor-version":[{"id":8789,"href":"https:\/\/krainazozolki.co.uk\/en\/wp-json\/wp\/v2\/product\/8788\/revisions\/8789"}],"wp:featuredmedia":[{"embeddable":true,"href":"https:\/\/krainazozolki.co.uk\/en\/wp-json\/wp\/v2\/media\/9049"}],"wp:attachment":[{"href":"https:\/\/krainazozolki.co.uk\/en\/wp-json\/wp\/v2\/media?parent=8788"}],"wp:term":[{"taxonomy":"product_brand","embeddable":true,"href":"https:\/\/krainazozolki.co.uk\/en\/wp-json\/wp\/v2\/product_brand?post=8788"},{"taxonomy":"product_cat","embeddable":true,"href":"https:\/\/krainazozolki.co.uk\/en\/wp-json\/wp\/v2\/product_cat?post=8788"},{"taxonomy":"product_tag","embeddable":true,"href":"https:\/\/krainazozolki.co.uk\/en\/wp-json\/wp\/v2\/product_tag?post=8788"}],"curies":[{"name":"wp","href":"https:\/\/api.w.org\/{rel}","templated":true}]}}