{"id":8790,"date":"2026-03-22T17:23:54","date_gmt":"2026-03-22T17:23:54","guid":{"rendered":"https:\/\/krainazozolki.co.uk\/?post_type=product&#038;p=8790"},"modified":"2026-03-30T18:15:26","modified_gmt":"2026-03-30T18:15:26","slug":"sztos-gra-imprezowa-granna","status":"publish","type":"product","link":"https:\/\/krainazozolki.co.uk\/en\/product\/sztos-gra-imprezowa-granna\/","title":{"rendered":"Sztos! gra imprezowa &#8211; Granna"},"content":{"rendered":"<h4 class=\"font-claude-response-body break-words whitespace-normal leading-[1.7]\" style=\"text-align: center;\">Uwaga \u2013 zaczyna si\u0119 Sztos! Ta szalona gra imprezowa rozkr\u0119ci ka\u017cde spotkanie, niezale\u017cnie od tego, czy bawisz si\u0119 z rodzin\u0105, znajomymi ze szko\u0142y, czy z doros\u0142\u0105 ekip\u0105.<\/h4>\n<h4 class=\"font-claude-response-body break-words whitespace-normal leading-[1.7]\" style=\"text-align: center;\">Zasady s\u0105 proste: podzielcie si\u0119 na trzy dru\u017cyny. W ka\u017cdej rundzie dwa zespo\u0142y rywalizuj\u0105 ze sob\u0105 w wylosowanym zadaniu, natomiast trzecia dru\u017cyna s\u0119dziuje. Zwyci\u0119zcy danej konkurencji zostaj\u0105 na kolejn\u0105 rund\u0119 i mierz\u0105 si\u0119 z dotychczasowymi s\u0119dziami. Wygrywa ten, kto jako pierwszy zdob\u0119dzie siedem kart.<\/h4>\n<h4 class=\"font-claude-response-body break-words whitespace-normal leading-[1.7]\" style=\"text-align: center;\">Zadania w grze testuj\u0105 wszystko \u2013 wiedz\u0119 og\u00f3ln\u0105, zr\u0119czno\u015b\u0107 r\u0105k, sprawno\u015b\u0107 fizyczn\u0105 i spryt. Co wi\u0119cej, ka\u017cde zadanie wymaga innych akcesori\u00f3w z pude\u0142ka, dlatego kolejne rundy s\u0105 zawsze zaskakuj\u0105ce. W sumie w zestawie czeka 150 r\u00f3\u017cnorodnych wyzwa\u0144, dzi\u0119ki czemu gra nie nudzi si\u0119 przez d\u0142ugi czas.<\/h4>\n<h4 class=\"font-claude-response-body break-words whitespace-normal leading-[1.7]\" style=\"text-align: center;\">W pude\u0142ku znajdziesz 150 kart zada\u0144, 10 ko\u015bci, 10 pche\u0142ek, 2 drewniane b\u0105czki, 2 o\u0142\u00f3wki, 2 notesy, 2 miarki i 30-sekundow\u0105 klepsydr\u0119.<br \/>\nLiczba graczy: 3\u201318, wiek: 8+, czas rozgrywki: ~30 minut.<\/h4>\n","protected":false},"excerpt":{"rendered":"<h4>150 szalonych zada\u0144, trzy dru\u017cyny i pe\u0142ne pude\u0142ko akcesori\u00f3w \u2013 kto zdob\u0119dzie 7 wygranych, ten triumfuje! Sprawd\u017a wiedz\u0119, zr\u0119czno\u015b\u0107 i spryt ca\u0142ej ekipy. 3\u201318 graczy, wiek 8+, ~30 min.<\/h4>","protected":false},"featured_media":8937,"comment_status":"closed","ping_status":"closed","template":"","meta":{"_monsterinsights_skip_tracking":false,"_monsterinsights_sitenote_active":false,"_monsterinsights_sitenote_note":"","_monsterinsights_sitenote_category":0},"product_brand":[114],"product_cat":[82,75],"product_tag":[],"class_list":{"0":"post-8790","1":"product","2":"type-product","3":"status-publish","4":"has-post-thumbnail","6":"product_brand-granna","7":"product_cat-8-9-lat","8":"product_cat-gry-planszowe","9":"product_shipping_class-srednia-paczka-inpost","10":"pa_producent-granna","11":"pa_wiek-119","13":"first","14":"instock","15":"taxable","16":"shipping-taxable","17":"purchasable","18":"product-type-simple"},"aioseo_notices":[],"_links":{"self":[{"href":"https:\/\/krainazozolki.co.uk\/en\/wp-json\/wp\/v2\/product\/8790","targetHints":{"allow":["GET"]}}],"collection":[{"href":"https:\/\/krainazozolki.co.uk\/en\/wp-json\/wp\/v2\/product"}],"about":[{"href":"https:\/\/krainazozolki.co.uk\/en\/wp-json\/wp\/v2\/types\/product"}],"replies":[{"embeddable":true,"href":"https:\/\/krainazozolki.co.uk\/en\/wp-json\/wp\/v2\/comments?post=8790"}],"version-history":[{"count":1,"href":"https:\/\/krainazozolki.co.uk\/en\/wp-json\/wp\/v2\/product\/8790\/revisions"}],"predecessor-version":[{"id":8791,"href":"https:\/\/krainazozolki.co.uk\/en\/wp-json\/wp\/v2\/product\/8790\/revisions\/8791"}],"wp:featuredmedia":[{"embeddable":true,"href":"https:\/\/krainazozolki.co.uk\/en\/wp-json\/wp\/v2\/media\/8937"}],"wp:attachment":[{"href":"https:\/\/krainazozolki.co.uk\/en\/wp-json\/wp\/v2\/media?parent=8790"}],"wp:term":[{"taxonomy":"product_brand","embeddable":true,"href":"https:\/\/krainazozolki.co.uk\/en\/wp-json\/wp\/v2\/product_brand?post=8790"},{"taxonomy":"product_cat","embeddable":true,"href":"https:\/\/krainazozolki.co.uk\/en\/wp-json\/wp\/v2\/product_cat?post=8790"},{"taxonomy":"product_tag","embeddable":true,"href":"https:\/\/krainazozolki.co.uk\/en\/wp-json\/wp\/v2\/product_tag?post=8790"}],"curies":[{"name":"wp","href":"https:\/\/api.w.org\/{rel}","templated":true}]}}