{"id":8792,"date":"2026-03-22T17:33:38","date_gmt":"2026-03-22T17:33:38","guid":{"rendered":"https:\/\/krainazozolki.co.uk\/?post_type=product&#038;p=8792"},"modified":"2026-03-25T21:17:18","modified_gmt":"2026-03-25T21:17:18","slug":"pokaz-jezyk-granna","status":"publish","type":"product","link":"https:\/\/krainazozolki.co.uk\/en\/product\/pokaz-jezyk-granna\/","title":{"rendered":"Poka\u017c j\u0119zyk! gra memo &#8211; Granna"},"content":{"rendered":"<div class=\"flex-1 flex flex-col px-4 max-w-3xl mx-auto w-full pt-1\">\n<div data-test-render-count=\"1\">\n<div class=\"group\">\n<div class=\"contents\">\n<div class=\"group relative relative pb-3\" data-is-streaming=\"false\">\n<div class=\"font-claude-response relative leading-[1.65rem] [&amp;_pre&gt;div]:bg-bg-000\/50 [&amp;_pre&gt;div]:border-0.5 [&amp;_pre&gt;div]:border-border-400 [&amp;_.ignore-pre-bg&gt;div]:bg-transparent [&amp;_.standard-markdown_:is(p,blockquote,h1,h2,h3,h4,h5,h6)]:pl-2 [&amp;_.standard-markdown_:is(p,blockquote,ul,ol,h1,h2,h3,h4,h5,h6)]:pr-8 [&amp;_.progressive-markdown_:is(p,blockquote,h1,h2,h3,h4,h5,h6)]:pl-2 [&amp;_.progressive-markdown_:is(p,blockquote,ul,ol,h1,h2,h3,h4,h5,h6)]:pr-8\">\n<div class=\"grid grid-rows-[auto_auto] min-w-0\">\n<div class=\"row-start-2 col-start-1 relative grid isolate min-w-0\">\n<div class=\"row-start-1 col-start-1 relative z-[2] min-w-0\">\n<div class=\"standard-markdown grid-cols-1 grid [&amp;_&gt;_*]:min-w-0 gap-3 standard-markdown\">\n<h4 class=\"font-claude-response-body break-words whitespace-normal leading-[1.7]\" style=\"text-align: center;\">No nie! Gromadka uroczych mops\u00f3w dorwa\u0142a si\u0119 do lizak\u00f3w i ka\u017cdy zjad\u0142 inny smako\u0142yk. Na szcz\u0119\u015bcie j\u0119zyczki piesk\u00f3w zabarwi\u0142y si\u0119 na kolor zjedzonego lizaka \u2013 dzi\u0119ki temu mo\u017cemy rozpozna\u0107 wszystkich \u0142obuziak\u00f3w! Twoje zadanie? Zapami\u0119ta\u0107, kt\u00f3ry piesek zjad\u0142 lizaka jakiego koloru, i zbiera\u0107 w\u0142a\u015bciwe mopsy szybciej ni\u017c rywale.<\/h4>\n<h4 class=\"font-claude-response-body break-words whitespace-normal leading-[1.7]\" style=\"text-align: center;\">Gra Poka\u017c j\u0119zyk! korzysta z lubianej mechaniki memo, jednak wzbogaca j\u0105 o wyj\u0105tkowy element \u2013 12 figurek mops\u00f3w z wysuwanymi kolorowymi j\u0119zyczkami. Po lekkim naci\u015bni\u0119ciu ka\u017cdy piesek pokazuje sw\u00f3j sekret. Granna wykona\u0142a figurki z du\u017c\u0105 staranno\u015bci\u0105 i dba\u0142o\u015bci\u0105 o szczeg\u00f3\u0142y, dzi\u0119ki czemu same w sobie stanowi\u0105 urocz\u0105 zabawk\u0119, po kt\u00f3r\u0105 dzieci ch\u0119tnie si\u0119gaj\u0105.<\/h4>\n<h4 class=\"font-claude-response-body break-words whitespace-normal leading-[1.7]\" style=\"text-align: center;\">Zasady s\u0105 bardzo proste. Na pocz\u0105tku ka\u017cdej tury rzucasz ko\u015b\u0107mi i sprawdzasz, jakie kolory wypad\u0142y. Nast\u0119pnie starasz si\u0119 wskaza\u0107 mopsy, kt\u00f3rych j\u0119zyczki maj\u0105 wylosowane barwy. Je\u015bli trafisz \u2013 piesek trafia na twoj\u0105 plansz\u0119. Wygrywa ten, kto zbierze ich najwi\u0119cej.<\/h4>\n<h4 class=\"font-claude-response-body break-words whitespace-normal leading-[1.7]\" style=\"text-align: center;\">Gra doskonale \u0107wiczy pami\u0119\u0107 i koncentracj\u0119. Ponadto \u015bwietnie sprawdza si\u0119 jako pomoc terapeutyczna i narz\u0119dzie wspieraj\u0105ce trening pami\u0119ci w przedszkolu. W zestawie znajdziesz 12 figurek mops\u00f3w, 4 plansze, 2 kostki z lizakami i instrukcj\u0119. Liczba graczy: 2\u20134, wiek: 4+, czas rozgrywki: ~15 minut.<\/h4>\n<h4 class=\"font-claude-response-body break-words whitespace-normal leading-[1.7]\" style=\"text-align: center;\"><\/h4>\n<\/div>\n<\/div>\n<\/div>\n<\/div>\n<\/div>\n<\/div>\n<\/div>\n<div class=\"flex justify-start\" role=\"group\" aria-label=\"Message actions\">\n<div class=\"text-text-300\">\n<div class=\"text-text-300 flex items-stretch justify-between\">\n<div class=\"w-fit\" data-state=\"closed\">\n<div class=\"relative text-text-500 group-hover\/btn:text-text-100\">\n<div class=\"transition-all opacity-100 scale-100\"><\/div>\n<div class=\"absolute top-0 left-0 transition-all opacity-0 scale-50\"><\/div>\n<\/div>\n<\/div>\n<div class=\"w-fit\" data-state=\"closed\">\n<div class=\"text-text-500 group-hover\/btn:text-text-100\"><\/div>\n<\/div>\n<div class=\"w-fit\" data-state=\"closed\">\n<div class=\"text-text-500 group-hover\/btn:text-text-100\"><\/div>\n<\/div>\n<div class=\"flex items-center\">\n<div class=\"w-fit\" data-state=\"closed\">\n<div class=\"text-text-500 group-hover\/btn:text-text-100\"><\/div>\n<\/div>\n<\/div>\n<\/div>\n<\/div>\n<\/div>\n<\/div>\n<\/div>\n<div class=\"h-px w-full pointer-events-none\" aria-hidden=\"true\"><\/div>\n<div>\n<div class=\"ml-1 flex items-center transition-transform duration-300 ease-out mt-6\">\n<div class=\"p-1 -translate-x-px\">\n<div aria-hidden=\"true\">\n<div class=\"w-8 text-accent-brand inline-block select-none\" data-state=\"closed\"><\/div>\n<\/div>\n<\/div>\n<\/div>\n<\/div>\n<div class=\"h-12\"><\/div>\n<div aria-hidden=\"true\"><\/div>\n<\/div>\n<div class=\"sticky bottom-0 mx-auto w-full pt-6 z-[5]\" data-chat-input-container=\"true\">\n<div aria-hidden=\"true\">\n<div class=\"absolute blur-md transition duration-300 pointer-events-none opacity-0 w-8 text-accent-brand inline-block select-none\" data-state=\"closed\"><\/div>\n<\/div>\n<div class=\"mix-blend-luminosity\"><\/div>\n<div class=\"grid\" data-testid=\"chat-input-grid-container\">\n<div class=\"[grid-area:1\/1] min-w-0\" data-testid=\"chat-input-grid-area\">\n<fieldset class=\"flex w-full min-w-0 flex-col\"><input id=\"chat-input-file-upload-bottom\" class=\"absolute -z-10 h-0 w-0 overflow-hidden opacity-0 select-none\" tabindex=\"-1\" accept=\"\" multiple=\"multiple\" type=\"file\" data-testid=\"file-upload\" aria-hidden=\"true\" aria-label=\"Upload files\" \/><\/p>\n<div class=\"px-3 md:px-2\" data-alert-band-wrapper=\"true\"><\/div>\n<div class=\"relative\">\n<div class=\"absolute bottom-0 left-1\/2 -translate-x-1\/2 z-0 pointer-events-none transition-opacity duration-500\"><\/div>\n<\/div>\n<\/fieldset>\n<\/div>\n<\/div>\n<\/div>\n","protected":false},"excerpt":{"rendered":"<h4>Niesforni mopsi zjadli wszystkie lizaki i zabarwili sobie j\u0119zyczki! Rzu\u0107 kostk\u0105, znajd\u017a pieska z odpowiednim kolorem j\u0119zyka i zbierz najwi\u0119cej mops\u00f3w. Urocza gra pami\u0119ciowa dla dzieci 4+.<\/h4>","protected":false},"featured_media":8893,"comment_status":"closed","ping_status":"closed","template":"","meta":{"_monsterinsights_skip_tracking":false,"_monsterinsights_sitenote_active":false,"_monsterinsights_sitenote_note":"","_monsterinsights_sitenote_category":0},"product_brand":[114],"product_cat":[80,75],"product_tag":[],"class_list":{"0":"post-8792","1":"product","2":"type-product","3":"status-publish","4":"has-post-thumbnail","6":"product_brand-granna","7":"product_cat-4-5-lat","8":"product_cat-gry-planszowe","9":"product_shipping_class-srednia-paczka-inpost","10":"pa_producent-granna","11":"pa_wiek-122","13":"first","14":"instock","15":"taxable","16":"shipping-taxable","17":"purchasable","18":"product-type-simple"},"aioseo_notices":[],"_links":{"self":[{"href":"https:\/\/krainazozolki.co.uk\/en\/wp-json\/wp\/v2\/product\/8792","targetHints":{"allow":["GET"]}}],"collection":[{"href":"https:\/\/krainazozolki.co.uk\/en\/wp-json\/wp\/v2\/product"}],"about":[{"href":"https:\/\/krainazozolki.co.uk\/en\/wp-json\/wp\/v2\/types\/product"}],"replies":[{"embeddable":true,"href":"https:\/\/krainazozolki.co.uk\/en\/wp-json\/wp\/v2\/comments?post=8792"}],"version-history":[{"count":2,"href":"https:\/\/krainazozolki.co.uk\/en\/wp-json\/wp\/v2\/product\/8792\/revisions"}],"predecessor-version":[{"id":8794,"href":"https:\/\/krainazozolki.co.uk\/en\/wp-json\/wp\/v2\/product\/8792\/revisions\/8794"}],"wp:featuredmedia":[{"embeddable":true,"href":"https:\/\/krainazozolki.co.uk\/en\/wp-json\/wp\/v2\/media\/8893"}],"wp:attachment":[{"href":"https:\/\/krainazozolki.co.uk\/en\/wp-json\/wp\/v2\/media?parent=8792"}],"wp:term":[{"taxonomy":"product_brand","embeddable":true,"href":"https:\/\/krainazozolki.co.uk\/en\/wp-json\/wp\/v2\/product_brand?post=8792"},{"taxonomy":"product_cat","embeddable":true,"href":"https:\/\/krainazozolki.co.uk\/en\/wp-json\/wp\/v2\/product_cat?post=8792"},{"taxonomy":"product_tag","embeddable":true,"href":"https:\/\/krainazozolki.co.uk\/en\/wp-json\/wp\/v2\/product_tag?post=8792"}],"curies":[{"name":"wp","href":"https:\/\/api.w.org\/{rel}","templated":true}]}}