{"id":8795,"date":"2026-03-22T17:43:05","date_gmt":"2026-03-22T17:43:05","guid":{"rendered":"https:\/\/krainazozolki.co.uk\/?post_type=product&#038;p=8795"},"modified":"2026-03-30T20:04:45","modified_gmt":"2026-03-30T20:04:45","slug":"madry-domek-domek-3d-granna","status":"publish","type":"product","link":"https:\/\/krainazozolki.co.uk\/en\/product\/madry-domek-domek-3d-granna\/","title":{"rendered":"M\u0105dry domek &#8211; domek 3D &#8211; Granna"},"content":{"rendered":"<h4 class=\"font-claude-response-body break-words whitespace-normal leading-[1.7]\" style=\"text-align: center;\">Rodzinka Grannowskich zaprasza do swojego domku \u2013 i czeka tu na ciebie mn\u00f3stwo niespodzianek! M\u0105dry Domek to wyj\u0105tkowy zestaw, kt\u00f3ry \u0142\u0105czy w sobie trzy r\u00f3\u017cne formy zabawy: samodzielne sk\u0142adanie domku 3D, rozwi\u0105zywanie \u0142amig\u0142\u00f3wek i swobodn\u0105 zabaw\u0119 kreatywn\u0105.<\/h4>\n<h4 class=\"font-claude-response-body break-words whitespace-normal leading-[1.7]\" style=\"text-align: center;\">Po z\u0142o\u017ceniu domku dziecko wybiera jedno z 10 r\u00f3\u017cnych zada\u0144 z instrukcji. Czy uda mu si\u0119 nazwa\u0107 wszystkie pomieszczenia? Wskaza\u0107 przedmioty, kt\u00f3re nie pasuj\u0105 do danego pokoju? Znale\u017a\u0107 poukrywane figury geometryczne, rozwi\u0105za\u0107 labirynty albo odnale\u017a\u0107 wszystkie motylki? Ka\u017cde wyzwanie anga\u017cuje inne umiej\u0119tno\u015bci, dlatego zestaw nie nudzi si\u0119 przez d\u0142ugi czas.<\/h4>\n<h4 class=\"font-claude-response-body break-words whitespace-normal leading-[1.7]\" style=\"text-align: center;\">M\u0105dry Domek to przy tym doskona\u0142e narz\u0119dzie edukacyjne. Dzi\u0119ki niemu dziecko \u0107wiczy s\u0142ownictwo, spostrzegawczo\u015b\u0107 i motoryk\u0119 ma\u0142\u0105. Ponadto zestaw wprowadza podstawowe angielskie s\u0142\u00f3wka zwi\u0105zane z domem, co stanowi \u015bwietny wst\u0119p do nauki j\u0119zyka. W rezultacie zabawa \u0142\u0105czy przyjemne z po\u017cytecznym w naturalny i anga\u017cuj\u0105cy spos\u00f3b.<\/h4>\n<h4 class=\"font-claude-response-body break-words whitespace-normal leading-[1.7]\" style=\"text-align: center;\">W zestawie znajdziesz domek 3D do samodzielnego z\u0142o\u017cenia, 27 element\u00f3w wyposa\u017cenia oraz instrukcj\u0119 z zadaniami. Wiek: 4\u20138 lat, liczba graczy: 1+.<\/h4>\n","protected":false},"excerpt":{"rendered":"<h4>Z\u0142\u00f3\u017c domek, wybierz zadanie i rozwi\u0105zuj zagadki! M\u0105dry Domek to po\u0142\u0105czenie zestawu kreatywnego, \u0142amig\u0142\u00f3wek i zabawki w jednym. 10 r\u00f3\u017cnych wyzwa\u0144 dla dzieci 4\u20138 lat.<\/h4>","protected":false},"featured_media":9008,"comment_status":"closed","ping_status":"closed","template":"","meta":{"_monsterinsights_skip_tracking":false,"_monsterinsights_sitenote_active":false,"_monsterinsights_sitenote_note":"","_monsterinsights_sitenote_category":0},"product_brand":[114],"product_cat":[80,75],"product_tag":[],"class_list":{"0":"post-8795","1":"product","2":"type-product","3":"status-publish","4":"has-post-thumbnail","6":"product_brand-granna","7":"product_cat-4-5-lat","8":"product_cat-gry-planszowe","9":"product_shipping_class-srednia-paczka-inpost","10":"pa_producent-granna","11":"pa_wiek-122","13":"first","14":"instock","15":"taxable","16":"shipping-taxable","17":"purchasable","18":"product-type-simple"},"aioseo_notices":[],"_links":{"self":[{"href":"https:\/\/krainazozolki.co.uk\/en\/wp-json\/wp\/v2\/product\/8795","targetHints":{"allow":["GET"]}}],"collection":[{"href":"https:\/\/krainazozolki.co.uk\/en\/wp-json\/wp\/v2\/product"}],"about":[{"href":"https:\/\/krainazozolki.co.uk\/en\/wp-json\/wp\/v2\/types\/product"}],"replies":[{"embeddable":true,"href":"https:\/\/krainazozolki.co.uk\/en\/wp-json\/wp\/v2\/comments?post=8795"}],"version-history":[{"count":2,"href":"https:\/\/krainazozolki.co.uk\/en\/wp-json\/wp\/v2\/product\/8795\/revisions"}],"predecessor-version":[{"id":9013,"href":"https:\/\/krainazozolki.co.uk\/en\/wp-json\/wp\/v2\/product\/8795\/revisions\/9013"}],"wp:featuredmedia":[{"embeddable":true,"href":"https:\/\/krainazozolki.co.uk\/en\/wp-json\/wp\/v2\/media\/9008"}],"wp:attachment":[{"href":"https:\/\/krainazozolki.co.uk\/en\/wp-json\/wp\/v2\/media?parent=8795"}],"wp:term":[{"taxonomy":"product_brand","embeddable":true,"href":"https:\/\/krainazozolki.co.uk\/en\/wp-json\/wp\/v2\/product_brand?post=8795"},{"taxonomy":"product_cat","embeddable":true,"href":"https:\/\/krainazozolki.co.uk\/en\/wp-json\/wp\/v2\/product_cat?post=8795"},{"taxonomy":"product_tag","embeddable":true,"href":"https:\/\/krainazozolki.co.uk\/en\/wp-json\/wp\/v2\/product_tag?post=8795"}],"curies":[{"name":"wp","href":"https:\/\/api.w.org\/{rel}","templated":true}]}}