{"id":8802,"date":"2026-03-22T18:07:34","date_gmt":"2026-03-22T18:07:34","guid":{"rendered":"https:\/\/krainazozolki.co.uk\/?post_type=product&#038;p=8802"},"modified":"2026-03-30T18:20:25","modified_gmt":"2026-03-30T18:20:25","slug":"tecza-gra-edukacyjna-granna","status":"publish","type":"product","link":"https:\/\/krainazozolki.co.uk\/en\/product\/tecza-gra-edukacyjna-granna\/","title":{"rendered":"T\u0119cza. Gra edukacyjna &#8211; Granna"},"content":{"rendered":"<h4 class=\"font-claude-response-body break-words whitespace-normal leading-[1.7]\" style=\"text-align: center;\">Kolory t\u0119czy nigdy nie by\u0142y tak wci\u0105gaj\u0105ce! T\u0119cza to gra edukacyjna Granny, kt\u00f3ra \u0142\u0105czy w sobie a\u017c trzy r\u00f3\u017cne sposoby zabawy. Dzi\u0119ki temu jeden zestaw ro\u015bnie razem z dzieckiem i sprawdza si\u0119 zar\u00f3wno u trzylatka stawiaj\u0105cego pierwsze kroki z kolorami, jak i u starszego przedszkolaka trenuj\u0105cego pami\u0119\u0107 i koncentracj\u0119.<\/h4>\n<h4 class=\"font-claude-response-body break-words whitespace-normal leading-[1.7]\" style=\"text-align: center;\">Ka\u017cdy wariant anga\u017cuje inne umiej\u0119tno\u015bci. Po pierwsze, uk\u0142adanka pomaga w nauce rozpoznawania i nazywania kolor\u00f3w, dlatego doskonale nadaje si\u0119 na start. Po drugie, podstawowa wersja gry wspiera \u0107wiczenie pami\u0119ci \u2013 dziecko musi zapami\u0119ta\u0107, co kryje si\u0119 pod \u017cetonem wskazanym przez kostk\u0119. Po trzecie natomiast, trudniejszy poziom stanowi \u015bwietny trening koncentracji i spostrzegawczo\u015bci dla starszych graczy.<\/h4>\n<h4 class=\"font-claude-response-body break-words whitespace-normal leading-[1.7]\" style=\"text-align: center;\">Zasady jednego z wariant\u00f3w s\u0105 przy tym bardzo proste. Wystarczy rzuci\u0107 t\u0119czow\u0105 kostk\u0105, nast\u0119pnie powiedzie\u0107 z pami\u0119ci, co pokazuje wskazany \u017ceton, i w ko\u0144cu zebra\u0107 go do swojej kolekcji. Wygrywa oczywi\u015bcie ten, kto zbierze najwi\u0119cej \u017ceton\u00f3w.<\/h4>\n<h4 class=\"font-claude-response-body break-words whitespace-normal leading-[1.7]\" style=\"text-align: center;\">W zestawie znajdziesz 36 kolorowych \u017ceton\u00f3w z obrazkami (po 6 dla ka\u017cdego koloru), t\u0119czow\u0105 plansz\u0119, kostk\u0119 z kolorami i instrukcj\u0119. Wiek: 3+.<\/h4>\n","protected":false},"excerpt":{"rendered":"<h4 class=\"font-claude-response-body break-words whitespace-normal leading-[1.7]\">Naucz si\u0119 kolor\u00f3w, po\u0107wicz pami\u0119\u0107 i trenuj koncentracj\u0119 \u2013 wszystko w jednym pude\u0142ku! T\u0119cza to gra z t\u0119czow\u0105 plansz\u0105, 36 \u017cetonami i trzema wariantami rozgrywki. Wiek 3+.<\/h4>\n","protected":false},"featured_media":8940,"comment_status":"closed","ping_status":"closed","template":"","meta":{"_monsterinsights_skip_tracking":false,"_monsterinsights_sitenote_active":false,"_monsterinsights_sitenote_note":"","_monsterinsights_sitenote_category":0},"product_brand":[114],"product_cat":[79,80,75],"product_tag":[],"class_list":{"0":"post-8802","1":"product","2":"type-product","3":"status-publish","4":"has-post-thumbnail","6":"product_brand-granna","7":"product_cat-0-3-lata","8":"product_cat-4-5-lat","9":"product_cat-gry-planszowe","10":"product_shipping_class-srednia-paczka-inpost","11":"pa_producent-granna","12":"pa_wiek-94","14":"first","15":"instock","16":"taxable","17":"shipping-taxable","18":"purchasable","19":"product-type-simple"},"aioseo_notices":[],"_links":{"self":[{"href":"https:\/\/krainazozolki.co.uk\/en\/wp-json\/wp\/v2\/product\/8802","targetHints":{"allow":["GET"]}}],"collection":[{"href":"https:\/\/krainazozolki.co.uk\/en\/wp-json\/wp\/v2\/product"}],"about":[{"href":"https:\/\/krainazozolki.co.uk\/en\/wp-json\/wp\/v2\/types\/product"}],"replies":[{"embeddable":true,"href":"https:\/\/krainazozolki.co.uk\/en\/wp-json\/wp\/v2\/comments?post=8802"}],"version-history":[{"count":1,"href":"https:\/\/krainazozolki.co.uk\/en\/wp-json\/wp\/v2\/product\/8802\/revisions"}],"predecessor-version":[{"id":8803,"href":"https:\/\/krainazozolki.co.uk\/en\/wp-json\/wp\/v2\/product\/8802\/revisions\/8803"}],"wp:featuredmedia":[{"embeddable":true,"href":"https:\/\/krainazozolki.co.uk\/en\/wp-json\/wp\/v2\/media\/8940"}],"wp:attachment":[{"href":"https:\/\/krainazozolki.co.uk\/en\/wp-json\/wp\/v2\/media?parent=8802"}],"wp:term":[{"taxonomy":"product_brand","embeddable":true,"href":"https:\/\/krainazozolki.co.uk\/en\/wp-json\/wp\/v2\/product_brand?post=8802"},{"taxonomy":"product_cat","embeddable":true,"href":"https:\/\/krainazozolki.co.uk\/en\/wp-json\/wp\/v2\/product_cat?post=8802"},{"taxonomy":"product_tag","embeddable":true,"href":"https:\/\/krainazozolki.co.uk\/en\/wp-json\/wp\/v2\/product_tag?post=8802"}],"curies":[{"name":"wp","href":"https:\/\/api.w.org\/{rel}","templated":true}]}}