{"id":8804,"date":"2026-03-22T18:14:50","date_gmt":"2026-03-22T18:14:50","guid":{"rendered":"https:\/\/krainazozolki.co.uk\/?post_type=product&#038;p=8804"},"modified":"2026-05-11T21:06:31","modified_gmt":"2026-05-11T21:06:31","slug":"bim-bom-gra-edukacyjna-granna","status":"publish","type":"product","link":"https:\/\/krainazozolki.co.uk\/en\/product\/bim-bom-gra-edukacyjna-granna\/","title":{"rendered":"Bim Bom. Gra edukacyjna &#8211; Granna"},"content":{"rendered":"<h4 class=\"font-claude-response-body break-words whitespace-normal leading-[1.7]\" style=\"text-align: center;\">Czy s\u0142yszysz, co to za d\u017awi\u0119k? Bim Bom to powr\u00f3t jednej z ulubionych gier nauczycieli przedszkolnych w od\u015bwie\u017conym wydaniu! Gra \u0107wiczy s\u0142uch fonematyczny i uczy rozpoznawania przer\u00f3\u017cnych d\u017awi\u0119k\u00f3w \u2013 zar\u00f3wno naturalnych, jak tych z otoczenia cz\u0142owieka.<\/h4>\n<h4 class=\"font-claude-response-body break-words whitespace-normal leading-[1.7]\" style=\"text-align: center;\">Zasady s\u0105 bardzo proste. Najpierw rozk\u0142adasz przed sob\u0105 plansz\u0119 i \u017cetony. Nast\u0119pnie rozpoznajesz obrazek z \u017cetonu lub d\u017awi\u0119k z nagrania i wskazujesz odpowiedni obrazek na planszy. W ko\u0144cu zbierasz \u017cetony za prawid\u0142owe odpowiedzi \u2013 wygrywa ten, kto zbierze ich najwi\u0119cej. Gra oferuje r\u00f3\u017cne warianty rozgrywki, dzi\u0119ki czemu doskonale sprawdza si\u0119 zar\u00f3wno w pracy indywidualnej z dzieckiem, jak i w grupie przedszkolnej.<\/h4>\n<h4 class=\"font-claude-response-body break-words whitespace-normal leading-[1.7]\" style=\"text-align: center;\">Du\u017cym atutem zestawu jest bezp\u0142atna aplikacja z nagraniami d\u017awi\u0119k\u00f3w, kt\u00f3ra dodatkowo urozmaica zabaw\u0119. Dzi\u0119ki niej dzieci s\u0142uchaj\u0105 autentycznych odg\u0142os\u00f3w i musz\u0105 skojarzy\u0107 je z w\u0142a\u015bciwymi obrazkami \u2013 co stanowi zupe\u0142nie nowy wymiar rozgrywki w por\u00f3wnaniu z tradycyjnymi grami s\u0142uchowymi.<\/h4>\n<h4 class=\"font-claude-response-body break-words whitespace-normal leading-[1.7]\" style=\"text-align: center;\">W pude\u0142ku znajdziesz 4 dwustronne plansze i 32 \u017cetony. Wiek: 3+.<\/h4>\n","protected":false},"excerpt":{"rendered":"<h4>Powr\u00f3t ulubionej gry nauczycieli przedszkolnych! Bim Bom \u0107wiczy s\u0142uch i uczy rozpoznawania d\u017awi\u0119k\u00f3w naturalnych i codziennych. Gra z aplikacj\u0105, 4 plansze, 32 \u017cetony. Wiek 3+.<\/h4>","protected":false},"featured_media":8996,"comment_status":"closed","ping_status":"closed","template":"","meta":{"_monsterinsights_skip_tracking":false,"_monsterinsights_sitenote_active":false,"_monsterinsights_sitenote_note":"","_monsterinsights_sitenote_category":0},"product_brand":[114],"product_cat":[79,80,75],"product_tag":[],"class_list":{"0":"post-8804","1":"product","2":"type-product","3":"status-publish","4":"has-post-thumbnail","6":"product_brand-granna","7":"product_cat-0-3-lata","8":"product_cat-4-5-lat","9":"product_cat-gry-planszowe","10":"product_shipping_class-srednia-paczka-inpost","11":"pa_producent-granna","12":"pa_wiek-94","14":"first","15":"instock","16":"taxable","17":"shipping-taxable","18":"purchasable","19":"product-type-simple"},"aioseo_notices":[],"_links":{"self":[{"href":"https:\/\/krainazozolki.co.uk\/en\/wp-json\/wp\/v2\/product\/8804","targetHints":{"allow":["GET"]}}],"collection":[{"href":"https:\/\/krainazozolki.co.uk\/en\/wp-json\/wp\/v2\/product"}],"about":[{"href":"https:\/\/krainazozolki.co.uk\/en\/wp-json\/wp\/v2\/types\/product"}],"replies":[{"embeddable":true,"href":"https:\/\/krainazozolki.co.uk\/en\/wp-json\/wp\/v2\/comments?post=8804"}],"version-history":[{"count":2,"href":"https:\/\/krainazozolki.co.uk\/en\/wp-json\/wp\/v2\/product\/8804\/revisions"}],"predecessor-version":[{"id":8806,"href":"https:\/\/krainazozolki.co.uk\/en\/wp-json\/wp\/v2\/product\/8804\/revisions\/8806"}],"wp:featuredmedia":[{"embeddable":true,"href":"https:\/\/krainazozolki.co.uk\/en\/wp-json\/wp\/v2\/media\/8996"}],"wp:attachment":[{"href":"https:\/\/krainazozolki.co.uk\/en\/wp-json\/wp\/v2\/media?parent=8804"}],"wp:term":[{"taxonomy":"product_brand","embeddable":true,"href":"https:\/\/krainazozolki.co.uk\/en\/wp-json\/wp\/v2\/product_brand?post=8804"},{"taxonomy":"product_cat","embeddable":true,"href":"https:\/\/krainazozolki.co.uk\/en\/wp-json\/wp\/v2\/product_cat?post=8804"},{"taxonomy":"product_tag","embeddable":true,"href":"https:\/\/krainazozolki.co.uk\/en\/wp-json\/wp\/v2\/product_tag?post=8804"}],"curies":[{"name":"wp","href":"https:\/\/api.w.org\/{rel}","templated":true}]}}