{"id":8813,"date":"2026-03-22T19:02:18","date_gmt":"2026-03-22T19:02:18","guid":{"rendered":"https:\/\/krainazozolki.co.uk\/?post_type=product&#038;p=8813"},"modified":"2026-05-13T18:13:02","modified_gmt":"2026-05-13T18:13:02","slug":"sniadanko-kreatywna-ukladanka-granna","status":"publish","type":"product","link":"https:\/\/krainazozolki.co.uk\/en\/product\/sniadanko-kreatywna-ukladanka-granna\/","title":{"rendered":"\u015aniadanko. Kreatywna uk\u0142adanka &#8211; Granna"},"content":{"rendered":"<h4 class=\"font-claude-response-body break-words whitespace-normal leading-[1.7]\" style=\"text-align: center;\">Czas na \u015bniadanie! \u015aniadanko to wyj\u0105tkowo kolorowa i \u201epyszna&#8221; uk\u0142adanka, kt\u00f3ra zaprasza maluchy do zabawy w przygotowywanie kanapek. Dziecko samo decyduje, co trafi na bu\u0142eczk\u0119 lub kromk\u0119 chleba \u2013 plasterki sera, jajko, pomidory, og\u00f3rek i inne kolorowe warzywa. Ka\u017cda sesja mo\u017ce wygl\u0105da\u0107 inaczej, dlatego zabawa nie nudzi si\u0119 szybko.<\/h4>\n<h4 class=\"font-claude-response-body break-words whitespace-normal leading-[1.7]\" style=\"text-align: center;\">Przy okazji gra naturalnie uczy wielu poj\u0119\u0107 przestrzennych \u2013 pod, na, obok, nad \u2013 co stanowi doskona\u0142y fundament dla p\u00f3\u017aniejszej nauki. Ponadto tworzenie kolejnych kanapek \u0107wiczy koncentracj\u0119, spostrzegawczo\u015b\u0107 i wyobra\u017ani\u0119, a nowe nazwy sk\u0142adnik\u00f3w wzbogacaj\u0105 s\u0142ownictwo maluszka. Dzi\u0119ki temu \u015aniadanko to zabawa, kt\u00f3ra daje efekty edukacyjne bez \u017cadnego wysi\u0142ku z jego strony.<\/h4>\n<h4 class=\"font-claude-response-body break-words whitespace-normal leading-[1.7]\" style=\"text-align: center;\">Elementy wykonano z grubego, trwa\u0142ego kartonu, dobrze dopasowanego do ma\u0142ych r\u0105czek. W pude\u0142ku znajdziesz 2 kromki chleba, 2 po\u0142\u00f3wki bu\u0142eczki, 4 plastry sera, 2 roladki serowe, 6 plasterk\u00f3w jajek, 18 sztuk warzyw i propozycje zabaw z instrukcj\u0105.<\/h4>\n","protected":false},"excerpt":{"rendered":"<h4 class=\"font-claude-response-body break-words whitespace-normal leading-[1.7]\">Przygotuj kanapk\u0119 dla ca\u0142ej rodziny! \u015aniadanko to kolorowa uk\u0142adanka, w kt\u00f3rej dziecko sk\u0142ada w\u0142asne smaczne kanapki z warzyw, sera i jajek. Rozwija wyobra\u017ani\u0119 i s\u0142ownictwo. Wiek 2+.<\/h4>\n","protected":false},"featured_media":8954,"comment_status":"closed","ping_status":"closed","template":"","meta":{"_monsterinsights_skip_tracking":false,"_monsterinsights_sitenote_active":false,"_monsterinsights_sitenote_note":"","_monsterinsights_sitenote_category":0},"product_brand":[114],"product_cat":[79,75,77],"product_tag":[],"class_list":{"0":"post-8813","1":"product","2":"type-product","3":"status-publish","4":"has-post-thumbnail","6":"product_brand-granna","7":"product_cat-0-3-lata","8":"product_cat-gry-planszowe","9":"product_cat-puzzle","10":"product_shipping_class-mala-paczka-inpost-royalmail","11":"pa_producent-granna","12":"pa_wiek-123","14":"first","15":"instock","16":"taxable","17":"shipping-taxable","18":"purchasable","19":"product-type-simple"},"aioseo_notices":[],"_links":{"self":[{"href":"https:\/\/krainazozolki.co.uk\/en\/wp-json\/wp\/v2\/product\/8813","targetHints":{"allow":["GET"]}}],"collection":[{"href":"https:\/\/krainazozolki.co.uk\/en\/wp-json\/wp\/v2\/product"}],"about":[{"href":"https:\/\/krainazozolki.co.uk\/en\/wp-json\/wp\/v2\/types\/product"}],"replies":[{"embeddable":true,"href":"https:\/\/krainazozolki.co.uk\/en\/wp-json\/wp\/v2\/comments?post=8813"}],"version-history":[{"count":2,"href":"https:\/\/krainazozolki.co.uk\/en\/wp-json\/wp\/v2\/product\/8813\/revisions"}],"predecessor-version":[{"id":9504,"href":"https:\/\/krainazozolki.co.uk\/en\/wp-json\/wp\/v2\/product\/8813\/revisions\/9504"}],"wp:featuredmedia":[{"embeddable":true,"href":"https:\/\/krainazozolki.co.uk\/en\/wp-json\/wp\/v2\/media\/8954"}],"wp:attachment":[{"href":"https:\/\/krainazozolki.co.uk\/en\/wp-json\/wp\/v2\/media?parent=8813"}],"wp:term":[{"taxonomy":"product_brand","embeddable":true,"href":"https:\/\/krainazozolki.co.uk\/en\/wp-json\/wp\/v2\/product_brand?post=8813"},{"taxonomy":"product_cat","embeddable":true,"href":"https:\/\/krainazozolki.co.uk\/en\/wp-json\/wp\/v2\/product_cat?post=8813"},{"taxonomy":"product_tag","embeddable":true,"href":"https:\/\/krainazozolki.co.uk\/en\/wp-json\/wp\/v2\/product_tag?post=8813"}],"curies":[{"name":"wp","href":"https:\/\/api.w.org\/{rel}","templated":true}]}}