{"id":8819,"date":"2026-03-22T19:21:22","date_gmt":"2026-03-22T19:21:22","guid":{"rendered":"https:\/\/krainazozolki.co.uk\/?post_type=product&#038;p=8819"},"modified":"2026-03-30T20:07:16","modified_gmt":"2026-03-30T20:07:16","slug":"ciuchcia-maxi-ukladanka-granna","status":"publish","type":"product","link":"https:\/\/krainazozolki.co.uk\/en\/product\/ciuchcia-maxi-ukladanka-granna\/","title":{"rendered":"Ciuchcia &#8211; maxi uk\u0142adanka &#8211; Granna"},"content":{"rendered":"<h4 class=\"font-claude-response-body break-words whitespace-normal leading-[1.7]\" style=\"text-align: center;\">Za chwil\u0119 odje\u017cd\u017camy! Ciuchcia to maxi uk\u0142adanka z nowej serii Granny, kt\u00f3ra \u0142\u0105czy rado\u015b\u0107 z uk\u0142adania z pierwszymi krokami w nauce liczenia. Dziecko sk\u0142ada poci\u0105g z poszczeg\u00f3lnych element\u00f3w, a nast\u0119pnie liczy zwierz\u0105tka podr\u00f3\u017cuj\u0105ce w ka\u017cdym wagonie. Ile ma\u0142pek jedzie dzisiaj? A mo\u017ce z nami wybiera si\u0119 s\u0142o\u0144?<\/h4>\n<h4 class=\"font-claude-response-body break-words whitespace-normal leading-[1.7]\" style=\"text-align: center;\">Zabawa przebiega w prostych krokach. Najpierw dziecko uk\u0142ada ciuchci\u0119 z kawa\u0142k\u00f3w. Potem liczy zwierz\u0105tka i dopasowuje do ka\u017cdego wagonu odpowiedni\u0105 cyfer\u0119. Na koniec sprawdza, czy wszystko si\u0119 zgadza. Dzi\u0119ki temu nauka cyfr i liczenia odbywa si\u0119 w naturalny, bezstresowy spos\u00f3b \u2013 przy okazji zabawy, a nie przy \u0107wiczeniach.<\/h4>\n<h4 class=\"font-claude-response-body break-words whitespace-normal leading-[1.7]\" style=\"text-align: center;\">R\u00f3wnocze\u015bnie Ciuchcia \u0107wiczy s\u0142ownictwo, spostrzegawczo\u015b\u0107 i motoryk\u0119 ma\u0142\u0105. Ponadto du\u017cy format uk\u0142adanki (170 x 25 cm po z\u0142o\u017ceniu) sprawia, \u017ce zabawa anga\u017cuje ca\u0142e cia\u0142o i doskonale sprawdza si\u0119 na pod\u0142odze. Seria Maxi Uk\u0142adanek Granny to prosta, ale przemy\u015blana propozycja dla maluch\u00f3w, kt\u00f3re dopiero zaczynaj\u0105 swoj\u0105 przygod\u0119 z liczbami.<br \/>\nWiek: 3+, liczba graczy: 1, czas zabawy: 20\u201330 minut.<\/h4>\n","protected":false},"excerpt":{"rendered":"<h4>Pora wsiada\u0107! Ciuchcia to maxi uk\u0142adanka, w kt\u00f3rej dziecko sk\u0142ada poci\u0105g, liczy zwierz\u0105tka w wagonach i dopasowuje odpowiednie cyfry. Nauka liczenia przez zabaw\u0119! Wiek 3+.<\/h4>","protected":false},"featured_media":9014,"comment_status":"closed","ping_status":"closed","template":"","meta":{"_monsterinsights_skip_tracking":false,"_monsterinsights_sitenote_active":false,"_monsterinsights_sitenote_note":"","_monsterinsights_sitenote_category":0},"product_brand":[114],"product_cat":[79,80,77],"product_tag":[],"class_list":{"0":"post-8819","1":"product","2":"type-product","3":"status-publish","4":"has-post-thumbnail","6":"product_brand-granna","7":"product_cat-0-3-lata","8":"product_cat-4-5-lat","9":"product_cat-puzzle","10":"product_shipping_class-srednia-paczka-inpost","11":"pa_producent-granna","12":"pa_wiek-94","14":"first","15":"instock","16":"taxable","17":"shipping-taxable","18":"purchasable","19":"product-type-simple"},"aioseo_notices":[],"_links":{"self":[{"href":"https:\/\/krainazozolki.co.uk\/en\/wp-json\/wp\/v2\/product\/8819","targetHints":{"allow":["GET"]}}],"collection":[{"href":"https:\/\/krainazozolki.co.uk\/en\/wp-json\/wp\/v2\/product"}],"about":[{"href":"https:\/\/krainazozolki.co.uk\/en\/wp-json\/wp\/v2\/types\/product"}],"replies":[{"embeddable":true,"href":"https:\/\/krainazozolki.co.uk\/en\/wp-json\/wp\/v2\/comments?post=8819"}],"version-history":[{"count":1,"href":"https:\/\/krainazozolki.co.uk\/en\/wp-json\/wp\/v2\/product\/8819\/revisions"}],"predecessor-version":[{"id":8820,"href":"https:\/\/krainazozolki.co.uk\/en\/wp-json\/wp\/v2\/product\/8819\/revisions\/8820"}],"wp:featuredmedia":[{"embeddable":true,"href":"https:\/\/krainazozolki.co.uk\/en\/wp-json\/wp\/v2\/media\/9014"}],"wp:attachment":[{"href":"https:\/\/krainazozolki.co.uk\/en\/wp-json\/wp\/v2\/media?parent=8819"}],"wp:term":[{"taxonomy":"product_brand","embeddable":true,"href":"https:\/\/krainazozolki.co.uk\/en\/wp-json\/wp\/v2\/product_brand?post=8819"},{"taxonomy":"product_cat","embeddable":true,"href":"https:\/\/krainazozolki.co.uk\/en\/wp-json\/wp\/v2\/product_cat?post=8819"},{"taxonomy":"product_tag","embeddable":true,"href":"https:\/\/krainazozolki.co.uk\/en\/wp-json\/wp\/v2\/product_tag?post=8819"}],"curies":[{"name":"wp","href":"https:\/\/api.w.org\/{rel}","templated":true}]}}