{"id":8829,"date":"2026-03-22T21:42:29","date_gmt":"2026-03-22T21:42:29","guid":{"rendered":"https:\/\/krainazozolki.co.uk\/?post_type=product&#038;p=8829"},"modified":"2026-03-30T20:10:12","modified_gmt":"2026-03-30T20:10:12","slug":"domino-gra-w-liczenie-granna","status":"publish","type":"product","link":"https:\/\/krainazozolki.co.uk\/en\/product\/domino-gra-w-liczenie-granna\/","title":{"rendered":"Domino \u2013 gra w liczenie &#8211; Granna"},"content":{"rendered":"<h4 class=\"font-claude-response-body break-words whitespace-normal leading-[1.7]\" style=\"text-align: center;\">Klasyczne domino w nowej, kolorowej szacie graficznej! Domino \u2013 gra w liczenie to propozycja z serii Klub Przedszkolaka, kt\u00f3ra \u0142\u0105czy dobrze znane zasady z nauk\u0105 liczenia. Zamiast tradycyjnych oczek na kafelkach znajdziesz cyfry arabskie oraz kolorowe babeczki \u2013 tak, by ka\u017cde dziecko mog\u0142o dopasowywa\u0107 kartoniki zar\u00f3wno wzrokowo, jak i przez liczenie.<\/h4>\n<h4 class=\"font-claude-response-body break-words whitespace-normal leading-[1.7]\" style=\"text-align: center;\">Zasady s\u0105 proste i zrozumia\u0142e dla przedszkolaka. Po pierwsze, gracze dobieraj\u0105 kafelki z puli. Nast\u0119pnie kolejno dok\u0142adaj\u0105 do rz\u0119du na stole te, kt\u00f3re pasuj\u0105 \u2013 cyfra lub liczba babeczek musi si\u0119 zgadza\u0107 z s\u0105siednim kafelkiem. Ten, kto pierwszy pozb\u0119dzie si\u0119 wszystkich swoich kartonik\u00f3w, wygrywa! Dzi\u0119ki temu ka\u017cda runda jest kr\u00f3tka i pe\u0142na emocji.<\/h4>\n<h4 class=\"font-claude-response-body break-words whitespace-normal leading-[1.7]\" style=\"text-align: center;\">Poniewa\u017c dziecko musi liczy\u0107 babeczki i por\u00f3wnywa\u0107 zbiory, gra naturalnie wspiera pierwsze kroki w matematyce. Ponadto dopasowywanie i uk\u0142adanie du\u017cych kartonik\u00f3w \u0107wiczy koncentracj\u0119, spostrzegawczo\u015b\u0107 i logiczne my\u015blenie. Co wi\u0119cej, w pude\u0142ku czeka na dziecko mi\u0142a niespodzianka \u2013 bonusowe puzzle z muffinkami w 18 elementach! W zestawie znajdziesz 28 kartonik\u00f3w domina, puzzle oraz instrukcj\u0119. Liczba graczy: 1\u20134, wiek: 4\u20138 lat, czas gry: ok. 20 minut. Made in Poland.<\/h4>\n","protected":false},"excerpt":{"rendered":"<p>Domino w nowej ods\u0142onie! Gra w liczenie to kolorowa wersja klasyka dla przedszkolak\u00f3w, w kt\u00f3rej cyfry i babeczki zast\u0119puj\u0105 tradycyjne oczka. Nauka liczenia przez zabaw\u0119! 1\u20134 graczy, wiek 4+.<\/p>","protected":false},"featured_media":9018,"comment_status":"closed","ping_status":"closed","template":"","meta":{"_monsterinsights_skip_tracking":false,"_monsterinsights_sitenote_active":false,"_monsterinsights_sitenote_note":"","_monsterinsights_sitenote_category":0},"product_brand":[114],"product_cat":[80,75],"product_tag":[],"class_list":{"0":"post-8829","1":"product","2":"type-product","3":"status-publish","4":"has-post-thumbnail","6":"product_brand-granna","7":"product_cat-4-5-lat","8":"product_cat-gry-planszowe","9":"product_shipping_class-mala-paczka-inpost-royalmail","10":"pa_producent-granna","11":"pa_wiek-122","13":"first","14":"instock","15":"taxable","16":"shipping-taxable","17":"purchasable","18":"product-type-simple"},"aioseo_notices":[],"_links":{"self":[{"href":"https:\/\/krainazozolki.co.uk\/en\/wp-json\/wp\/v2\/product\/8829","targetHints":{"allow":["GET"]}}],"collection":[{"href":"https:\/\/krainazozolki.co.uk\/en\/wp-json\/wp\/v2\/product"}],"about":[{"href":"https:\/\/krainazozolki.co.uk\/en\/wp-json\/wp\/v2\/types\/product"}],"replies":[{"embeddable":true,"href":"https:\/\/krainazozolki.co.uk\/en\/wp-json\/wp\/v2\/comments?post=8829"}],"version-history":[{"count":1,"href":"https:\/\/krainazozolki.co.uk\/en\/wp-json\/wp\/v2\/product\/8829\/revisions"}],"predecessor-version":[{"id":8830,"href":"https:\/\/krainazozolki.co.uk\/en\/wp-json\/wp\/v2\/product\/8829\/revisions\/8830"}],"wp:featuredmedia":[{"embeddable":true,"href":"https:\/\/krainazozolki.co.uk\/en\/wp-json\/wp\/v2\/media\/9018"}],"wp:attachment":[{"href":"https:\/\/krainazozolki.co.uk\/en\/wp-json\/wp\/v2\/media?parent=8829"}],"wp:term":[{"taxonomy":"product_brand","embeddable":true,"href":"https:\/\/krainazozolki.co.uk\/en\/wp-json\/wp\/v2\/product_brand?post=8829"},{"taxonomy":"product_cat","embeddable":true,"href":"https:\/\/krainazozolki.co.uk\/en\/wp-json\/wp\/v2\/product_cat?post=8829"},{"taxonomy":"product_tag","embeddable":true,"href":"https:\/\/krainazozolki.co.uk\/en\/wp-json\/wp\/v2\/product_tag?post=8829"}],"curies":[{"name":"wp","href":"https:\/\/api.w.org\/{rel}","templated":true}]}}