{"id":8833,"date":"2026-03-22T21:54:23","date_gmt":"2026-03-22T21:54:23","guid":{"rendered":"https:\/\/krainazozolki.co.uk\/?post_type=product&#038;p=8833"},"modified":"2026-03-25T22:12:32","modified_gmt":"2026-03-25T22:12:32","slug":"potwory-do-szafy-granna","status":"publish","type":"product","link":"https:\/\/krainazozolki.co.uk\/en\/product\/potwory-do-szafy-granna\/","title":{"rendered":"Potwory do szafy &#8211; Granna"},"content":{"rendered":"<h4 class=\"font-claude-response-body break-words whitespace-normal leading-[1.7]\" style=\"text-align: center;\">Uciekaj potworze do szafy! Potwory do szafy to ciep\u0142a i pomys\u0142owa gra karciana, kt\u00f3ra w zabawny spos\u00f3b pomaga dzieciom oswoi\u0107 l\u0119k przed ciemno\u015bci\u0105. Zamiast ba\u0107 si\u0119 nocnych strach\u00f3w, mali gracze ucz\u0105 si\u0119, \u017ce potwory mo\u017cna&#8230; zamkn\u0105\u0107 w magicznej szafie!<\/h4>\n<h4 class=\"font-claude-response-body break-words whitespace-normal leading-[1.7]\" style=\"text-align: center;\">Rozgrywka jest prosta i anga\u017cuje wszystkich uczestnik\u00f3w. Po pierwsze, na stole rozk\u0142adamy karty z kolorowymi potworami, kt\u00f3rych ilustracje stworzy\u0142 Maciej Szymanowicz. Nast\u0119pnie gracze szukaj\u0105 odpowiedniej zabawki, kt\u00f3ra p\u0142oszy wybranego stwora, i triumfalnie wo\u0142aj\u0105: \u201eUciekaj potworze do szafy!&#8221;. Poniewa\u017c mechanika opiera si\u0119 na klasycznym memory, przy okazji gra skutecznie \u0107wiczy pami\u0119\u0107 i koncentracj\u0119. Co wi\u0119cej, dla starszych dzieci dost\u0119pny jest wariant z \u017cetonami \u0141owc\u00f3w Doskona\u0142ych, kt\u00f3ry dodaje rozgrywce dodatkow\u0105 warstw\u0119 trudno\u015bci. Dzi\u0119ki temu gra ro\u015bnie razem z dzieckiem i nie nudzi si\u0119 szybko.<\/h4>\n<h4 class=\"font-claude-response-body break-words whitespace-normal leading-[1.7]\" style=\"text-align: center;\">W pude\u0142ku znajdziesz 20 kart z potworami oraz 10 \u017ceton\u00f3w z dzieci\u0119cymi zabawkami. Gra sprawdza si\u0119 zar\u00f3wno jako samodzielna zabawa, jak i rozrywka dla ca\u0142ej rodziny.<br \/>\nLiczba graczy: 1\u20136, wiek: 3\u20138 lat.<\/h4>\n","protected":false},"excerpt":{"rendered":"<h4>Gdy zapada zmrok, z zakamark\u00f3w wychodz\u0105 kolorowe potwory \u2013 ale jest na nie spos\u00f3b! Potwory do szafy to wyj\u0105tkowa gra memory, kt\u00f3ra nocne strachy zamienia w \u015bwietn\u0105 zabaw\u0119. 1\u20136 graczy, wiek 3+.<\/h4>","protected":false},"featured_media":8918,"comment_status":"closed","ping_status":"closed","template":"","meta":{"_monsterinsights_skip_tracking":false,"_monsterinsights_sitenote_active":false,"_monsterinsights_sitenote_note":"","_monsterinsights_sitenote_category":0},"product_brand":[114],"product_cat":[79,80,75],"product_tag":[],"class_list":{"0":"post-8833","1":"product","2":"type-product","3":"status-publish","4":"has-post-thumbnail","6":"product_brand-granna","7":"product_cat-0-3-lata","8":"product_cat-4-5-lat","9":"product_cat-gry-planszowe","10":"product_shipping_class-mala-paczka-inpost-royalmail","11":"pa_producent-granna","12":"pa_wiek-94","14":"first","15":"instock","16":"taxable","17":"shipping-taxable","18":"purchasable","19":"product-type-simple"},"aioseo_notices":[],"_links":{"self":[{"href":"https:\/\/krainazozolki.co.uk\/en\/wp-json\/wp\/v2\/product\/8833","targetHints":{"allow":["GET"]}}],"collection":[{"href":"https:\/\/krainazozolki.co.uk\/en\/wp-json\/wp\/v2\/product"}],"about":[{"href":"https:\/\/krainazozolki.co.uk\/en\/wp-json\/wp\/v2\/types\/product"}],"replies":[{"embeddable":true,"href":"https:\/\/krainazozolki.co.uk\/en\/wp-json\/wp\/v2\/comments?post=8833"}],"version-history":[{"count":2,"href":"https:\/\/krainazozolki.co.uk\/en\/wp-json\/wp\/v2\/product\/8833\/revisions"}],"predecessor-version":[{"id":8922,"href":"https:\/\/krainazozolki.co.uk\/en\/wp-json\/wp\/v2\/product\/8833\/revisions\/8922"}],"wp:featuredmedia":[{"embeddable":true,"href":"https:\/\/krainazozolki.co.uk\/en\/wp-json\/wp\/v2\/media\/8918"}],"wp:attachment":[{"href":"https:\/\/krainazozolki.co.uk\/en\/wp-json\/wp\/v2\/media?parent=8833"}],"wp:term":[{"taxonomy":"product_brand","embeddable":true,"href":"https:\/\/krainazozolki.co.uk\/en\/wp-json\/wp\/v2\/product_brand?post=8833"},{"taxonomy":"product_cat","embeddable":true,"href":"https:\/\/krainazozolki.co.uk\/en\/wp-json\/wp\/v2\/product_cat?post=8833"},{"taxonomy":"product_tag","embeddable":true,"href":"https:\/\/krainazozolki.co.uk\/en\/wp-json\/wp\/v2\/product_tag?post=8833"}],"curies":[{"name":"wp","href":"https:\/\/api.w.org\/{rel}","templated":true}]}}