{"id":8843,"date":"2026-03-23T20:51:59","date_gmt":"2026-03-23T20:51:59","guid":{"rendered":"https:\/\/krainazozolki.co.uk\/?post_type=product&#038;p=8843"},"modified":"2026-03-30T17:27:53","modified_gmt":"2026-03-30T17:27:53","slug":"mafia-gra-psychologiczna-granna","status":"publish","type":"product","link":"https:\/\/krainazozolki.co.uk\/en\/product\/mafia-gra-psychologiczna-granna\/","title":{"rendered":"Mafia. Gra psychologiczna &#8211; Granna"},"content":{"rendered":"<h4 class=\"font-claude-response-body break-words whitespace-normal leading-[1.7]\" style=\"text-align: center;\">Bandyci terroryzuj\u0105 miasto Spytown, a policja wprowadza tajnego agenta w szeregi mafii. Czy str\u00f3\u017com prawa uda si\u0119 rozbi\u0107 gang, zanim mafiosi wyeliminuj\u0105 wszystkich policjant\u00f3w? Tak zaczyna si\u0119 jedna z najbardziej wci\u0105gaj\u0105cych gier psychologicznych, jakie mo\u017cna rozegra\u0107 w du\u017cym gronie.<\/h4>\n<h4 class=\"font-claude-response-body break-words whitespace-normal leading-[1.7]\" style=\"text-align: center;\">Rozgrywka opiera si\u0119 na prostym, lecz genialnym schemacie. Jeden z graczy zostaje Mistrzem Gry i prowadzi rozgrywk\u0119. Pozosta\u0142e osoby losowo otrzymuj\u0105 role \u2013 mafios\u00f3w, policjant\u00f3w lub tajnego agenta \u2013 i musz\u0105 je zachowa\u0107 w \u015bcis\u0142ej tajemnicy. Nast\u0119pnie gracze na zmian\u0119 pr\u00f3buj\u0105 odgadn\u0105\u0107, kto jest po kt\u00f3rej stronie \u2013 przekonuj\u0105c, blefuj\u0105c i dyskutuj\u0105c. Poniewa\u017c nikt nikomu nie mo\u017ce do ko\u0144ca ufa\u0107, ka\u017cda runda dostarcza zupe\u0142nie nowych emocji.<\/h4>\n<h4 class=\"font-claude-response-body break-words whitespace-normal leading-[1.7]\" style=\"text-align: center;\">Mafia doskonale sprawdza si\u0119 na imprezach, wyjazdach integracyjnych, obozach i ka\u017cdym spotkaniu, gdzie jest du\u017ce grono \u2013 im wi\u0119cej graczy, tym lepsza zabawa. Zestaw zawiera \u017cetony do podstawowej wersji gry oraz karty umo\u017cliwiaj\u0105ce zaawansowanym graczom rozszerzenie zasad i wzbogacenie rozgrywki o dodatkowe role.<br \/>\nOptymalnie gra anga\u017cuje 10\u201320 os\u00f3b. Liczba graczy: 7\u201322, wiek: 8+.<\/h4>\n","protected":false},"excerpt":{"rendered":"<h4>W Spytown grasuje mafia! Mafia to kultowa gra psychologiczna, w kt\u00f3rej policjanci i mafiosi walcz\u0105 o przetrwanie. Blef, dedukcja i emocje gwarantowane. 7\u201322 graczy, wiek 8+.<\/h4>","protected":false},"featured_media":8933,"comment_status":"closed","ping_status":"closed","template":"","meta":{"_monsterinsights_skip_tracking":false,"_monsterinsights_sitenote_active":false,"_monsterinsights_sitenote_note":"","_monsterinsights_sitenote_category":0},"product_brand":[114],"product_cat":[82,75],"product_tag":[],"class_list":{"0":"post-8843","1":"product","2":"type-product","3":"status-publish","4":"has-post-thumbnail","6":"product_brand-granna","7":"product_cat-8-9-lat","8":"product_cat-gry-planszowe","9":"product_shipping_class-mala-paczka-inpost-royalmail","10":"pa_producent-granna","11":"pa_wiek-119","13":"first","14":"instock","15":"taxable","16":"shipping-taxable","17":"purchasable","18":"product-type-simple"},"aioseo_notices":[],"_links":{"self":[{"href":"https:\/\/krainazozolki.co.uk\/en\/wp-json\/wp\/v2\/product\/8843","targetHints":{"allow":["GET"]}}],"collection":[{"href":"https:\/\/krainazozolki.co.uk\/en\/wp-json\/wp\/v2\/product"}],"about":[{"href":"https:\/\/krainazozolki.co.uk\/en\/wp-json\/wp\/v2\/types\/product"}],"replies":[{"embeddable":true,"href":"https:\/\/krainazozolki.co.uk\/en\/wp-json\/wp\/v2\/comments?post=8843"}],"version-history":[{"count":1,"href":"https:\/\/krainazozolki.co.uk\/en\/wp-json\/wp\/v2\/product\/8843\/revisions"}],"predecessor-version":[{"id":8844,"href":"https:\/\/krainazozolki.co.uk\/en\/wp-json\/wp\/v2\/product\/8843\/revisions\/8844"}],"wp:featuredmedia":[{"embeddable":true,"href":"https:\/\/krainazozolki.co.uk\/en\/wp-json\/wp\/v2\/media\/8933"}],"wp:attachment":[{"href":"https:\/\/krainazozolki.co.uk\/en\/wp-json\/wp\/v2\/media?parent=8843"}],"wp:term":[{"taxonomy":"product_brand","embeddable":true,"href":"https:\/\/krainazozolki.co.uk\/en\/wp-json\/wp\/v2\/product_brand?post=8843"},{"taxonomy":"product_cat","embeddable":true,"href":"https:\/\/krainazozolki.co.uk\/en\/wp-json\/wp\/v2\/product_cat?post=8843"},{"taxonomy":"product_tag","embeddable":true,"href":"https:\/\/krainazozolki.co.uk\/en\/wp-json\/wp\/v2\/product_tag?post=8843"}],"curies":[{"name":"wp","href":"https:\/\/api.w.org\/{rel}","templated":true}]}}