{"id":8845,"date":"2026-03-23T20:58:46","date_gmt":"2026-03-23T20:58:46","guid":{"rendered":"https:\/\/krainazozolki.co.uk\/?post_type=product&#038;p=8845"},"modified":"2026-03-30T18:55:46","modified_gmt":"2026-03-30T18:55:46","slug":"ale-balagan-gra-rodzinna-granna","status":"publish","type":"product","link":"https:\/\/krainazozolki.co.uk\/en\/product\/ale-balagan-gra-rodzinna-granna\/","title":{"rendered":"Ale Ba\u0142agan! Gra rodzinna &#8211; Granna"},"content":{"rendered":"<h4 class=\"font-claude-response-body break-words whitespace-normal leading-[1.7]\" style=\"text-align: center;\">Chyba jaki\u015b huragan t\u0119dy przeszed\u0142! Ale Ba\u0142agan to gra pami\u0119ciowa autorstwa Martina Nedergaarda Andersena, w kt\u00f3rej zadaniem graczy jest zapami\u0119tanie, kt\u00f3re przedmioty znajduj\u0105 si\u0119 w pokoju, a nast\u0119pnie odnalezienie ich w narastaj\u0105cym chaosie. Czy to ten z\u0142oty pier\u015bcionek, kt\u00f3rego szukali\u015bmy? Gdzie jest moja pi\u0142ka i druga skarpetka?<\/h4>\n<h4 class=\"font-claude-response-body break-words whitespace-normal leading-[1.7]\" style=\"text-align: center;\">Rozgrywka toczy si\u0119 w trzech prostych krokach. Po pierwsze, gracze robi\u0105 ba\u0142agan, rozk\u0142adaj\u0105c karty i kafelki na stole. Nast\u0119pnie wszyscy uwa\u017cnie ogl\u0105daj\u0105 rozk\u0142ad przedmiot\u00f3w, staraj\u0105c si\u0119 jak najwi\u0119cej zapami\u0119ta\u0107. Potem zaczyna si\u0119 prawdziwe wyzwanie \u2013 szukanie konkretnych rzeczy w g\u0105szczu ba\u0142aganu! Zwyci\u0119zc\u0105 zostaje gracz, kt\u00f3ry jako pierwszy pozb\u0119dzie si\u0119 wszystkich kart ze swojej talii.<\/h4>\n<h4 class=\"font-claude-response-body break-words whitespace-normal leading-[1.7]\" style=\"text-align: center;\">Poniewa\u017c ka\u017cda rozgrywka wygl\u0105da inaczej, gra nie nudzi si\u0119 nawet po wielokrotnym powracaniu do pude\u0142ka. Przy okazji Ale Ba\u0142agan skutecznie \u0107wiczy pami\u0119\u0107 wzrokow\u0105, koncentracj\u0119 i spostrzegawczo\u015b\u0107 \u2013 i to w spos\u00f3b tak naturalny, \u017ce dzieci w og\u00f3le nie czuj\u0105, \u017ce si\u0119 ucz\u0105. Ilustracje stworzy\u0142y El\u017cbieta Jarz\u0105bek i Beata Batorska. W pude\u0142ku znajdziesz 60 kart ba\u0142aganu, 40 kafelk\u00f3w przedmiot\u00f3w, 24 dwustronne \u017cetony odpowiedzi, woreczek oraz instrukcj\u0119.<br \/>\nLiczba graczy: 2\u20134, wiek: 5+, czas gry: ok. 20 minut.<\/h4>\n","protected":false},"excerpt":{"rendered":"<h4>A co tu si\u0119 wydarzy\u0142o?! Ale Ba\u0142agan to wci\u0105gaj\u0105ca gra pami\u0119ciowa, w kt\u00f3rej gracze zapami\u0119tuj\u0105 rozk\u0142ad przedmiot\u00f3w, a nast\u0119pnie odnajduj\u0105 je w chaosie. \u015awietna zabawa na spostrzegawczo\u015b\u0107! 2\u20134 graczy, wiek 5+.<\/h4>","protected":false},"featured_media":8962,"comment_status":"closed","ping_status":"closed","template":"","meta":{"_monsterinsights_skip_tracking":false,"_monsterinsights_sitenote_active":false,"_monsterinsights_sitenote_note":"","_monsterinsights_sitenote_category":0},"product_brand":[114],"product_cat":[80,75],"product_tag":[],"class_list":{"0":"post-8845","1":"product","2":"type-product","3":"status-publish","4":"has-post-thumbnail","6":"product_brand-granna","7":"product_cat-4-5-lat","8":"product_cat-gry-planszowe","9":"product_shipping_class-srednia-paczka-inpost","10":"pa_producent-granna","11":"pa_wiek-120","13":"first","14":"instock","15":"taxable","16":"shipping-taxable","17":"purchasable","18":"product-type-simple"},"aioseo_notices":[],"_links":{"self":[{"href":"https:\/\/krainazozolki.co.uk\/en\/wp-json\/wp\/v2\/product\/8845","targetHints":{"allow":["GET"]}}],"collection":[{"href":"https:\/\/krainazozolki.co.uk\/en\/wp-json\/wp\/v2\/product"}],"about":[{"href":"https:\/\/krainazozolki.co.uk\/en\/wp-json\/wp\/v2\/types\/product"}],"replies":[{"embeddable":true,"href":"https:\/\/krainazozolki.co.uk\/en\/wp-json\/wp\/v2\/comments?post=8845"}],"version-history":[{"count":1,"href":"https:\/\/krainazozolki.co.uk\/en\/wp-json\/wp\/v2\/product\/8845\/revisions"}],"predecessor-version":[{"id":8846,"href":"https:\/\/krainazozolki.co.uk\/en\/wp-json\/wp\/v2\/product\/8845\/revisions\/8846"}],"wp:featuredmedia":[{"embeddable":true,"href":"https:\/\/krainazozolki.co.uk\/en\/wp-json\/wp\/v2\/media\/8962"}],"wp:attachment":[{"href":"https:\/\/krainazozolki.co.uk\/en\/wp-json\/wp\/v2\/media?parent=8845"}],"wp:term":[{"taxonomy":"product_brand","embeddable":true,"href":"https:\/\/krainazozolki.co.uk\/en\/wp-json\/wp\/v2\/product_brand?post=8845"},{"taxonomy":"product_cat","embeddable":true,"href":"https:\/\/krainazozolki.co.uk\/en\/wp-json\/wp\/v2\/product_cat?post=8845"},{"taxonomy":"product_tag","embeddable":true,"href":"https:\/\/krainazozolki.co.uk\/en\/wp-json\/wp\/v2\/product_tag?post=8845"}],"curies":[{"name":"wp","href":"https:\/\/api.w.org\/{rel}","templated":true}]}}