{"id":9127,"date":"2026-04-01T21:01:02","date_gmt":"2026-04-01T21:01:02","guid":{"rendered":"https:\/\/krainazozolki.co.uk\/?post_type=product&#038;p=9127"},"modified":"2026-04-01T21:18:17","modified_gmt":"2026-04-01T21:18:17","slug":"art-therapy-disney-kolory-natury-kolorowanka","status":"publish","type":"product","link":"https:\/\/krainazozolki.co.uk\/en\/product\/art-therapy-disney-kolory-natury-kolorowanka\/","title":{"rendered":"Art Therapy. Disney. Kolory natury \u2013 kolorowanka"},"content":{"rendered":"<h4 class=\"font-claude-response-body break-words whitespace-normal leading-[1.7]\" style=\"text-align: center;\">Wyobra\u017a sobie Kubusia Puchatka w\u015br\u00f3d z\u0142otych jesiennych li\u015bci albo Elz\u0119 na o\u015bnie\u017conych g\u00f3rskich szczytach. Art Therapy Kolory natury to kolorowanka antystresowa, kt\u00f3ra przenosi ukochanych bohater\u00f3w Disneya w samo serce pi\u0119knych krajobraz\u00f3w. Dzi\u0119ki temu ka\u017cda plansza to nie tylko chwila relaksu, ale te\u017c ma\u0142a podr\u00f3\u017c do bajkowego \u015bwiata.<\/h4>\n<h4 class=\"font-claude-response-body break-words whitespace-normal leading-[1.7]\" style=\"text-align: center;\">Zabawa opiera si\u0119 na prostym, ale wci\u0105gaj\u0105cym systemie. Poniewa\u017c ka\u017cda strona zawiera kod numeryczny, wystarczy dobra\u0107 odpowiednie kolory do oznaczonych p\u00f3l i obserwowa\u0107, jak pi\u0119kny obraz wy\u0142ania si\u0119 spod kredek. Co wi\u0119cej, na niekt\u00f3rych planszach zastosowano r\u00f3\u017cne odcienie tego samego koloru, co pozwala uzyska\u0107 g\u0142\u0119bi\u0119 i realistyczne detale. Dzi\u0119ki temu efekt ko\u0144cowy naprawd\u0119 zachwyca.<\/h4>\n<h4 class=\"font-claude-response-body break-words whitespace-normal leading-[1.7]\" style=\"text-align: center;\">W zestawie znajdziesz a\u017c 100 plansz do pokolorowania z pe\u0142nymi uroku krajobrazami i ulubionymi postaciami.<\/h4>\n","protected":false},"excerpt":{"rendered":"<h4>Ukochane postacie Disneya po\u015br\u00f3d natury! Kolorowanka antystresowa z serii Zagadkowe rysunki to 100 plansz z bohaterami Disneya w\u015br\u00f3d jesiennych li\u015bci, g\u00f3r i \u0142\u0105k. Relaks z kodem kolor\u00f3w. Dla doros\u0142ych i starszej m\u0142odzie\u017cy.<\/h4>","protected":false},"featured_media":9128,"comment_status":"closed","ping_status":"closed","template":"","meta":{"_monsterinsights_skip_tracking":false,"_monsterinsights_sitenote_active":false,"_monsterinsights_sitenote_note":"","_monsterinsights_sitenote_category":0},"product_brand":[161],"product_cat":[84,78],"product_tag":[],"class_list":{"0":"post-9127","1":"product","2":"type-product","3":"status-publish","4":"has-post-thumbnail","6":"product_brand-olesiejuk","7":"product_cat-12-lat","8":"product_cat-artykuly-plastyczne","9":"product_shipping_class-mala-paczka-inpost-royalmail","10":"pa_producent-olesiejuk","11":"pa_wiek-130","13":"first","14":"instock","15":"taxable","16":"shipping-taxable","17":"purchasable","18":"product-type-simple"},"aioseo_notices":[],"_links":{"self":[{"href":"https:\/\/krainazozolki.co.uk\/en\/wp-json\/wp\/v2\/product\/9127","targetHints":{"allow":["GET"]}}],"collection":[{"href":"https:\/\/krainazozolki.co.uk\/en\/wp-json\/wp\/v2\/product"}],"about":[{"href":"https:\/\/krainazozolki.co.uk\/en\/wp-json\/wp\/v2\/types\/product"}],"replies":[{"embeddable":true,"href":"https:\/\/krainazozolki.co.uk\/en\/wp-json\/wp\/v2\/comments?post=9127"}],"version-history":[{"count":1,"href":"https:\/\/krainazozolki.co.uk\/en\/wp-json\/wp\/v2\/product\/9127\/revisions"}],"predecessor-version":[{"id":9130,"href":"https:\/\/krainazozolki.co.uk\/en\/wp-json\/wp\/v2\/product\/9127\/revisions\/9130"}],"wp:featuredmedia":[{"embeddable":true,"href":"https:\/\/krainazozolki.co.uk\/en\/wp-json\/wp\/v2\/media\/9128"}],"wp:attachment":[{"href":"https:\/\/krainazozolki.co.uk\/en\/wp-json\/wp\/v2\/media?parent=9127"}],"wp:term":[{"taxonomy":"product_brand","embeddable":true,"href":"https:\/\/krainazozolki.co.uk\/en\/wp-json\/wp\/v2\/product_brand?post=9127"},{"taxonomy":"product_cat","embeddable":true,"href":"https:\/\/krainazozolki.co.uk\/en\/wp-json\/wp\/v2\/product_cat?post=9127"},{"taxonomy":"product_tag","embeddable":true,"href":"https:\/\/krainazozolki.co.uk\/en\/wp-json\/wp\/v2\/product_tag?post=9127"}],"curies":[{"name":"wp","href":"https:\/\/api.w.org\/{rel}","templated":true}]}}