{"id":9135,"date":"2026-04-01T21:25:39","date_gmt":"2026-04-01T21:25:39","guid":{"rendered":"https:\/\/krainazozolki.co.uk\/?post_type=product&#038;p=9135"},"modified":"2026-04-01T21:28:38","modified_gmt":"2026-04-01T21:28:38","slug":"blok-techniczny-kolorowy-a3-bambino","status":"publish","type":"product","link":"https:\/\/krainazozolki.co.uk\/en\/product\/blok-techniczny-kolorowy-a3-bambino\/","title":{"rendered":"Blok techniczny kolorowy A3 &#8211; Bambino"},"content":{"rendered":"<h4 class=\"font-claude-response-body break-words whitespace-normal leading-[1.7]\" style=\"text-align: center;\">Ka\u017cde dziecko potrzebuje dobrego bloku technicznego! Blok techniczny A3 Bambino to zestaw 10 kolorowych kartek wykonanych z grubszego papieru, kt\u00f3ry \u015bwietnie sprawdza si\u0119 przy rysowaniu, wycinaniu, klejeniu i tworzeniu wszelkich prac plastycznych. Poniewa\u017c format A3 daje du\u017co miejsca, dziecko mo\u017ce pu\u015bci\u0107 wodze wyobra\u017ani i tworzy\u0107 naprawd\u0119 du\u017ce kompozycje.<\/h4>\n<h4 class=\"font-claude-response-body break-words whitespace-normal leading-[1.7]\" style=\"text-align: center;\">Kolorowe kartki to nie tylko frajda z tworzenia \u2013 dzi\u0119ki nim prace plastyczne od razu wygl\u0105daj\u0105 efektownie i kolorowo. Ponadto blok Bambino doskonale sprawdza si\u0119 zar\u00f3wno jako pomoc szkolna, jak i materia\u0142 do zabawy w domu. Marka Bambino od lat cieszy si\u0119 zaufaniem rodzic\u00f3w i nauczycieli, a jej produkty s\u0105 dost\u0119pne w polskich szko\u0142ach i przedszkolach.<br \/>\nProducent: St. Majewski. Format: A3, 10 kartek.<\/h4>\n","protected":false},"excerpt":{"rendered":"<h4>Kolorowe kartki do rysowania, wycinania i tworzenia! Blok techniczny A3 marki Bambino to 10 kolorowych kartek \u2013 niezb\u0119dnik ka\u017cdego ma\u0142ego artysty. Idealny do szko\u0142y i domu.<\/h4>","protected":false},"featured_media":9137,"comment_status":"closed","ping_status":"closed","template":"","meta":{"_monsterinsights_skip_tracking":false,"_monsterinsights_sitenote_active":false,"_monsterinsights_sitenote_note":"","_monsterinsights_sitenote_category":0},"product_brand":[142],"product_cat":[79,83,84,80,81,82,78],"product_tag":[],"class_list":{"0":"post-9135","1":"product","2":"type-product","3":"status-publish","4":"has-post-thumbnail","6":"product_brand-bambino","7":"product_cat-0-3-lata","8":"product_cat-10-11-lat","9":"product_cat-12-lat","10":"product_cat-4-5-lat","11":"product_cat-6-7-lat","12":"product_cat-8-9-lat","13":"product_cat-artykuly-plastyczne","14":"product_shipping_class-mala-paczka-inpost-royalmail","15":"pa_producent-fabryka-olowkow-majewski-s-a","16":"pa_wiek-94","18":"first","19":"instock","20":"taxable","21":"shipping-taxable","22":"purchasable","23":"product-type-simple"},"aioseo_notices":[],"_links":{"self":[{"href":"https:\/\/krainazozolki.co.uk\/en\/wp-json\/wp\/v2\/product\/9135","targetHints":{"allow":["GET"]}}],"collection":[{"href":"https:\/\/krainazozolki.co.uk\/en\/wp-json\/wp\/v2\/product"}],"about":[{"href":"https:\/\/krainazozolki.co.uk\/en\/wp-json\/wp\/v2\/types\/product"}],"replies":[{"embeddable":true,"href":"https:\/\/krainazozolki.co.uk\/en\/wp-json\/wp\/v2\/comments?post=9135"}],"version-history":[{"count":2,"href":"https:\/\/krainazozolki.co.uk\/en\/wp-json\/wp\/v2\/product\/9135\/revisions"}],"predecessor-version":[{"id":9139,"href":"https:\/\/krainazozolki.co.uk\/en\/wp-json\/wp\/v2\/product\/9135\/revisions\/9139"}],"wp:featuredmedia":[{"embeddable":true,"href":"https:\/\/krainazozolki.co.uk\/en\/wp-json\/wp\/v2\/media\/9137"}],"wp:attachment":[{"href":"https:\/\/krainazozolki.co.uk\/en\/wp-json\/wp\/v2\/media?parent=9135"}],"wp:term":[{"taxonomy":"product_brand","embeddable":true,"href":"https:\/\/krainazozolki.co.uk\/en\/wp-json\/wp\/v2\/product_brand?post=9135"},{"taxonomy":"product_cat","embeddable":true,"href":"https:\/\/krainazozolki.co.uk\/en\/wp-json\/wp\/v2\/product_cat?post=9135"},{"taxonomy":"product_tag","embeddable":true,"href":"https:\/\/krainazozolki.co.uk\/en\/wp-json\/wp\/v2\/product_tag?post=9135"}],"curies":[{"name":"wp","href":"https:\/\/api.w.org\/{rel}","templated":true}]}}