{"id":9169,"date":"2026-04-11T10:24:22","date_gmt":"2026-04-11T10:24:22","guid":{"rendered":"https:\/\/krainazozolki.co.uk\/?post_type=product&#038;p=9169"},"modified":"2026-04-11T10:24:22","modified_gmt":"2026-04-11T10:24:22","slug":"blok-techniczny-bialy-a4-bambino","status":"publish","type":"product","link":"https:\/\/krainazozolki.co.uk\/en\/product\/blok-techniczny-bialy-a4-bambino\/","title":{"rendered":"Blok techniczny bia\u0142y A4 &#8211; Bambino"},"content":{"rendered":"<h4 class=\"font-claude-response-body break-words whitespace-normal leading-[1.7]\" style=\"text-align: center;\">Dobry blok techniczny to podstawa ka\u017cdej plastycznej przygody! Blok techniczny bia\u0142y A4 Bambino zawiera 10 kartek grubego bia\u0142ego papieru o gramaturze 200 g\/m2, kt\u00f3ry \u015bwietnie sprawdza si\u0119 przy rysowaniu, malowaniu, wycinaniu i wszelkiego rodzaju pracach plastycznych. Poniewa\u017c format A4 jest wygodny i por\u0119czny, blok mo\u017cna \u0142atwo zabra\u0107 wsz\u0119dzie.<\/h4>\n<h4 class=\"font-claude-response-body break-words whitespace-normal leading-[1.7]\" style=\"text-align: center;\">Ok\u0142adka bloku wykonana jest z kredowego papieru o gramaturze 115 g\/m2, dodatkowo nab\u0142yszczana, co nadaje mu estetyczny wygl\u0105d. Co wi\u0119cej, ca\u0142o\u015b\u0107 wzmocniona jest tekturowym podk\u0142adem, dzi\u0119ki czemu blok nie gnie si\u0119 podczas pracy. Marka Bambino od lat cieszy si\u0119 zaufaniem rodzic\u00f3w i nauczycieli w polskich szko\u0142ach i przedszkolach. Producent: St. Majewski. Format: A4, 10 kartek.<\/h4>\n","protected":false},"excerpt":{"rendered":"<h4>Bia\u0142y blok techniczny do ka\u017cdej pracy plastycznej! Blok A4 marki Bambino to 10 kartek bia\u0142ego papieru 200 g\/m2 \u2013 idealny do rysowania, malowania i tworzenia prac.<\/h4>","protected":false},"featured_media":9170,"comment_status":"closed","ping_status":"closed","template":"","meta":{"_monsterinsights_skip_tracking":false,"_monsterinsights_sitenote_active":false,"_monsterinsights_sitenote_note":"","_monsterinsights_sitenote_category":0},"product_brand":[142],"product_cat":[83,84,80,81,82,78],"product_tag":[],"class_list":{"0":"post-9169","1":"product","2":"type-product","3":"status-publish","4":"has-post-thumbnail","6":"product_brand-bambino","7":"product_cat-10-11-lat","8":"product_cat-12-lat","9":"product_cat-4-5-lat","10":"product_cat-6-7-lat","11":"product_cat-8-9-lat","12":"product_cat-artykuly-plastyczne","13":"product_shipping_class-mala-paczka-inpost-royalmail","14":"pa_producent-fabryka-olowkow-majewski-s-a","15":"pa_wiek-128","16":"pa_wiek-129","17":"pa_wiek-130","18":"pa_wiek-122","19":"pa_wiek-120","20":"pa_wiek-125","21":"pa_wiek-126","22":"pa_wiek-119","23":"pa_wiek-127","25":"first","26":"instock","27":"taxable","28":"shipping-taxable","29":"purchasable","30":"product-type-simple"},"aioseo_notices":[],"_links":{"self":[{"href":"https:\/\/krainazozolki.co.uk\/en\/wp-json\/wp\/v2\/product\/9169","targetHints":{"allow":["GET"]}}],"collection":[{"href":"https:\/\/krainazozolki.co.uk\/en\/wp-json\/wp\/v2\/product"}],"about":[{"href":"https:\/\/krainazozolki.co.uk\/en\/wp-json\/wp\/v2\/types\/product"}],"replies":[{"embeddable":true,"href":"https:\/\/krainazozolki.co.uk\/en\/wp-json\/wp\/v2\/comments?post=9169"}],"version-history":[{"count":1,"href":"https:\/\/krainazozolki.co.uk\/en\/wp-json\/wp\/v2\/product\/9169\/revisions"}],"predecessor-version":[{"id":9171,"href":"https:\/\/krainazozolki.co.uk\/en\/wp-json\/wp\/v2\/product\/9169\/revisions\/9171"}],"wp:featuredmedia":[{"embeddable":true,"href":"https:\/\/krainazozolki.co.uk\/en\/wp-json\/wp\/v2\/media\/9170"}],"wp:attachment":[{"href":"https:\/\/krainazozolki.co.uk\/en\/wp-json\/wp\/v2\/media?parent=9169"}],"wp:term":[{"taxonomy":"product_brand","embeddable":true,"href":"https:\/\/krainazozolki.co.uk\/en\/wp-json\/wp\/v2\/product_brand?post=9169"},{"taxonomy":"product_cat","embeddable":true,"href":"https:\/\/krainazozolki.co.uk\/en\/wp-json\/wp\/v2\/product_cat?post=9169"},{"taxonomy":"product_tag","embeddable":true,"href":"https:\/\/krainazozolki.co.uk\/en\/wp-json\/wp\/v2\/product_tag?post=9169"}],"curies":[{"name":"wp","href":"https:\/\/api.w.org\/{rel}","templated":true}]}}