{"id":9176,"date":"2026-04-11T11:29:37","date_gmt":"2026-04-11T11:29:37","guid":{"rendered":"https:\/\/krainazozolki.co.uk\/?post_type=product&#038;p=9176"},"modified":"2026-04-11T11:30:20","modified_gmt":"2026-04-11T11:30:20","slug":"zuzia-piecze-pizze-madra-mysz","status":"publish","type":"product","link":"https:\/\/krainazozolki.co.uk\/en\/product\/zuzia-piecze-pizze-madra-mysz\/","title":{"rendered":"Zuzia piecze pizz\u0119 &#8211; M\u0105dra Mysz"},"content":{"rendered":"<h4 class=\"font-claude-response-body break-words whitespace-normal leading-[1.7]\" style=\"text-align: center;\">Szpinak na talerzu? Nie, dzi\u0119kuj\u0119! Zuzia piecze pizz\u0119 to pe\u0142na humoru historia o tym, jak Zuzia i jej najlepszy przyjaciel Szymon bior\u0105 sprawy w swoje r\u0119ce i sami bior\u0105 si\u0119 za gotowanie. Towarzyszymy im w ca\u0142ych przygotowaniach \u2013 od wyboru sk\u0142adnik\u00f3w a\u017c po wyj\u0119cie pizzy z piekarnika.<\/h4>\n<h4 class=\"font-claude-response-body break-words whitespace-normal leading-[1.7]\" style=\"text-align: center;\">Ksi\u0105\u017ceczka \u015bwietnie sprawdza si\u0119 jako lektura do czytania na g\u0142os \u2013 rodzice mog\u0105 si\u0119ga\u0107 po ni\u0105 ju\u017c przy niemowlakach i maluchach, kt\u00f3rym ciep\u0142e ilustracje Evy Wenzel-B\u00fcrger dostarczaj\u0105 mn\u00f3stwa wra\u017ce\u0144 wzrokowych. Poniewa\u017c seria M\u0105dra Mysz opowiada o sytuacjach bliskich ka\u017cdemu dziecku, starsze dzieci \u0142atwo uto\u017csamiaj\u0105 si\u0119 z Zuzi\u0105 i jej przygodami. Co wi\u0119cej, na ko\u0144cu ksi\u0105\u017ceczki czeka na ma\u0142ych czytelnik\u00f3w prawdziwy przepis na pizz\u0119 \u2013 pycha!<\/h4>\n<h4 class=\"font-claude-response-body break-words whitespace-normal leading-[1.7]\" style=\"text-align: center;\">Dzieci, kt\u00f3re opanuj\u0105 ju\u017c czytanie, mog\u0105 si\u0119ga\u0107 po Zuzi\u0119 samodzielnie.<br \/>\nWydawnictwo Media Rodzina.<\/h4>\n","protected":false},"excerpt":{"rendered":"<h4>Czy dzieci lubi\u0105 szpinak? Zuzia nie! Dlatego postanawia upiec pizz\u0119 ze swoim najlepszym przyjacielem Szymonem. Ksi\u0105\u017ceczka z przepisem w \u015brodku! Idealna do czytania razem \u2013 od niemowlaka po samodzielnego czytelnika!<\/h4>","protected":false},"featured_media":9179,"comment_status":"closed","ping_status":"closed","template":"","meta":{"_monsterinsights_skip_tracking":false,"_monsterinsights_sitenote_active":false,"_monsterinsights_sitenote_note":"","_monsterinsights_sitenote_category":0},"product_brand":[166],"product_cat":[79,80,81,76],"product_tag":[],"class_list":{"0":"post-9176","1":"product","2":"type-product","3":"status-publish","4":"has-post-thumbnail","6":"product_brand-madra-mysz","7":"product_cat-0-3-lata","8":"product_cat-4-5-lat","9":"product_cat-6-7-lat","10":"product_cat-ksiazki","11":"product_shipping_class-mala-paczka-inpost-royalmail","12":"pa_producent-media-rodzina","13":"pa_wiek-124","14":"pa_wiek-123","15":"pa_wiek-94","16":"pa_wiek-122","17":"pa_wiek-120","18":"pa_wiek-125","20":"first","21":"instock","22":"taxable","23":"shipping-taxable","24":"purchasable","25":"product-type-simple"},"aioseo_notices":[],"_links":{"self":[{"href":"https:\/\/krainazozolki.co.uk\/en\/wp-json\/wp\/v2\/product\/9176","targetHints":{"allow":["GET"]}}],"collection":[{"href":"https:\/\/krainazozolki.co.uk\/en\/wp-json\/wp\/v2\/product"}],"about":[{"href":"https:\/\/krainazozolki.co.uk\/en\/wp-json\/wp\/v2\/types\/product"}],"replies":[{"embeddable":true,"href":"https:\/\/krainazozolki.co.uk\/en\/wp-json\/wp\/v2\/comments?post=9176"}],"version-history":[{"count":1,"href":"https:\/\/krainazozolki.co.uk\/en\/wp-json\/wp\/v2\/product\/9176\/revisions"}],"predecessor-version":[{"id":9182,"href":"https:\/\/krainazozolki.co.uk\/en\/wp-json\/wp\/v2\/product\/9176\/revisions\/9182"}],"wp:featuredmedia":[{"embeddable":true,"href":"https:\/\/krainazozolki.co.uk\/en\/wp-json\/wp\/v2\/media\/9179"}],"wp:attachment":[{"href":"https:\/\/krainazozolki.co.uk\/en\/wp-json\/wp\/v2\/media?parent=9176"}],"wp:term":[{"taxonomy":"product_brand","embeddable":true,"href":"https:\/\/krainazozolki.co.uk\/en\/wp-json\/wp\/v2\/product_brand?post=9176"},{"taxonomy":"product_cat","embeddable":true,"href":"https:\/\/krainazozolki.co.uk\/en\/wp-json\/wp\/v2\/product_cat?post=9176"},{"taxonomy":"product_tag","embeddable":true,"href":"https:\/\/krainazozolki.co.uk\/en\/wp-json\/wp\/v2\/product_tag?post=9176"}],"curies":[{"name":"wp","href":"https:\/\/api.w.org\/{rel}","templated":true}]}}