{"id":9190,"date":"2026-04-11T12:08:34","date_gmt":"2026-04-11T12:08:34","guid":{"rendered":"https:\/\/krainazozolki.co.uk\/?post_type=product&#038;p=9190"},"modified":"2026-04-11T12:08:34","modified_gmt":"2026-04-11T12:08:34","slug":"kicia-kocia-wielka-klotnia","status":"publish","type":"product","link":"https:\/\/krainazozolki.co.uk\/en\/product\/kicia-kocia-wielka-klotnia\/","title":{"rendered":"Kicia Kocia &#8211; Wielka k\u0142\u00f3tnia"},"content":{"rendered":"<h4 class=\"font-claude-response-body break-words whitespace-normal leading-[1.7]\" style=\"text-align: center;\">Kto powiedzia\u0142, \u017ce najlepsza restauracja musi by\u0107 w budynku? Kicia Kocia i jej przyjaciel Pacek otwieraj\u0105 w\u0142asn\u0105 restauracj\u0119 w piaskownicy \u2013 b\u0119d\u0105 serwowa\u0107 go\u015bciom zupy, desery i \u015bniadania! Zabawa jest cudowna, do czasu gdy mi\u0119dzy przyjaci\u00f3\u0142mi wybucha wielka k\u0142\u00f3tnia o\u2026 jajecznic\u0119! Rozgniewane dzieci obra\u017caj\u0105 si\u0119 na siebie. Czy to mo\u017cliwe, \u017ce jeszcze kiedy\u015b si\u0119 pogodz\u0105?<\/h4>\n<h4 class=\"font-claude-response-body break-words whitespace-normal leading-[1.7]\" style=\"text-align: center;\">Ksi\u0105\u017ceczka \u015bwietnie sprawdza si\u0119 jako lektura do czytania na g\u0142os \u2013 rodzice mog\u0105 si\u0119ga\u0107 po ni\u0105 ju\u017c przy niemowlakach i maluchach, kt\u00f3rym ciep\u0142e ilustracje Anity G\u0142owi\u0144skiej dostarczaj\u0105 mn\u00f3stwo wzrokowych wra\u017ce\u0144. Poniewa\u017c seria Kicia Kocia opowiada o sytuacjach bliskich ka\u017cdemu dziecku, starsze dzieci \u0142atwo uto\u017csamiaj\u0105 si\u0119 z bohaterk\u0105 i jej prze\u017cyciami. Dzi\u0119ki temu historia naturalnie uczy, jak radzi\u0107 sobie z trudnymi emocjami, rozwi\u0105zywa\u0107 konflikty i godzi\u0107 si\u0119 z przyjacielem. Co wi\u0119cej, wsp\u00f3lne czytanie to \u015bwietna okazja do rozmowy o przyja\u017ani i k\u0142\u00f3tniach.<\/h4>\n<h4 class=\"font-claude-response-body break-words whitespace-normal leading-[1.7]\" style=\"text-align: center;\">Dzieci, kt\u00f3re opanuj\u0105 ju\u017c czytanie, mog\u0105 si\u0119ga\u0107 po Kici\u0119 Koci\u0119 samodzielnie.<br \/>\nWydawnictwo Media Rodzina.<\/h4>\n","protected":false},"excerpt":{"rendered":"<h4 class=\"font-claude-response-body break-words whitespace-normal leading-[1.7]\">K\u0142\u00f3tnia o jajecznic\u0119? To mo\u017ce si\u0119 zdarzy\u0107! Kicia Kocia i Pacek bawi\u0105 si\u0119 w restauracj\u0119 w piaskownicy, a\u017c nagle wybucha wielka k\u0142\u00f3tnia. Ciep\u0142a ksi\u0105\u017ceczka o przyja\u017ani i godzeniu si\u0119. Idealna do czytania razem \u2013 od niemowlaka po samodzielnego czytelnika!<\/h4>\n","protected":false},"featured_media":9191,"comment_status":"closed","ping_status":"closed","template":"","meta":{"_monsterinsights_skip_tracking":false,"_monsterinsights_sitenote_active":false,"_monsterinsights_sitenote_note":"","_monsterinsights_sitenote_category":0},"product_brand":[168],"product_cat":[79,80,81,76],"product_tag":[],"class_list":{"0":"post-9190","1":"product","2":"type-product","3":"status-publish","4":"has-post-thumbnail","6":"product_brand-kicia-kocia","7":"product_cat-0-3-lata","8":"product_cat-4-5-lat","9":"product_cat-6-7-lat","10":"product_cat-ksiazki","11":"product_shipping_class-mala-paczka-inpost-royalmail","12":"pa_producent-media-rodzina","13":"pa_wiek-124","14":"pa_wiek-123","15":"pa_wiek-94","16":"pa_wiek-122","17":"pa_wiek-120","18":"pa_wiek-125","20":"first","21":"instock","22":"taxable","23":"shipping-taxable","24":"purchasable","25":"product-type-simple"},"aioseo_notices":[],"_links":{"self":[{"href":"https:\/\/krainazozolki.co.uk\/en\/wp-json\/wp\/v2\/product\/9190","targetHints":{"allow":["GET"]}}],"collection":[{"href":"https:\/\/krainazozolki.co.uk\/en\/wp-json\/wp\/v2\/product"}],"about":[{"href":"https:\/\/krainazozolki.co.uk\/en\/wp-json\/wp\/v2\/types\/product"}],"replies":[{"embeddable":true,"href":"https:\/\/krainazozolki.co.uk\/en\/wp-json\/wp\/v2\/comments?post=9190"}],"version-history":[{"count":1,"href":"https:\/\/krainazozolki.co.uk\/en\/wp-json\/wp\/v2\/product\/9190\/revisions"}],"predecessor-version":[{"id":9194,"href":"https:\/\/krainazozolki.co.uk\/en\/wp-json\/wp\/v2\/product\/9190\/revisions\/9194"}],"wp:featuredmedia":[{"embeddable":true,"href":"https:\/\/krainazozolki.co.uk\/en\/wp-json\/wp\/v2\/media\/9191"}],"wp:attachment":[{"href":"https:\/\/krainazozolki.co.uk\/en\/wp-json\/wp\/v2\/media?parent=9190"}],"wp:term":[{"taxonomy":"product_brand","embeddable":true,"href":"https:\/\/krainazozolki.co.uk\/en\/wp-json\/wp\/v2\/product_brand?post=9190"},{"taxonomy":"product_cat","embeddable":true,"href":"https:\/\/krainazozolki.co.uk\/en\/wp-json\/wp\/v2\/product_cat?post=9190"},{"taxonomy":"product_tag","embeddable":true,"href":"https:\/\/krainazozolki.co.uk\/en\/wp-json\/wp\/v2\/product_tag?post=9190"}],"curies":[{"name":"wp","href":"https:\/\/api.w.org\/{rel}","templated":true}]}}