{"id":9195,"date":"2026-04-11T12:15:14","date_gmt":"2026-04-11T12:15:14","guid":{"rendered":"https:\/\/krainazozolki.co.uk\/?post_type=product&#038;p=9195"},"modified":"2026-04-11T12:15:14","modified_gmt":"2026-04-11T12:15:14","slug":"kicia-kocia-na-plenerze","status":"publish","type":"product","link":"https:\/\/krainazozolki.co.uk\/en\/product\/kicia-kocia-na-plenerze\/","title":{"rendered":"Kicia Kocia &#8211; Na plenerze"},"content":{"rendered":"<h4 class=\"font-claude-response-body break-words whitespace-normal leading-[1.7]\" style=\"text-align: center;\">P\u0119dzle w d\u0142o\u0144 i w drog\u0119! Kicia Kocia i jej przyjaciele wybieraj\u0105 si\u0119 na prawdziwy plener malarski \u2013 b\u0119d\u0105 tworzy\u0107 obrazy na \u0142onie natury, jak wielcy arty\u015bci. Ka\u017cde z dzieci ju\u017c wie, co chce namalowa\u0107. Tylko Kicia Kocia jest smutna, bo zupe\u0142nie nie mo\u017ce si\u0119 zdecydowa\u0107. Na szcz\u0119\u015bcie w trudnych chwilach zawsze mo\u017cna liczy\u0107 na przyjaci\u00f3\u0142!<\/h4>\n<h4 class=\"font-claude-response-body break-words whitespace-normal leading-[1.7]\" style=\"text-align: center;\">Ksi\u0105\u017ceczka \u015bwietnie sprawdza si\u0119 jako lektura do czytania na g\u0142os \u2013 rodzice mog\u0105 si\u0119ga\u0107 po ni\u0105 ju\u017c przy niemowlakach i maluchach, kt\u00f3rym ciep\u0142e ilustracje Anity G\u0142owi\u0144skiej dostarczaj\u0105 mn\u00f3stwo wra\u017ce\u0144. Poniewa\u017c seria Kicia Kocia opowiada o sytuacjach bliskich ka\u017cdemu dziecku, starsze dzieci \u0142atwo uto\u017csamiaj\u0105 si\u0119 z bohaterk\u0105 i jej prze\u017cyciami. Dzi\u0119ki temu historia naturalnie zach\u0119ca do tw\u00f3rczo\u015bci i pokazuje, jak wa\u017cne jest wsparcie przyjaci\u00f3\u0142 w chwilach zw\u0105tpienia. Co wi\u0119cej, wsp\u00f3lne czytanie to \u015bwietna okazja, by porozmawia\u0107 o sztuce i w\u0142asnych pasjach.<\/h4>\n<h4 class=\"font-claude-response-body break-words whitespace-normal leading-[1.7]\" style=\"text-align: center;\">Dzieci, kt\u00f3re opanuj\u0105 ju\u017c czytanie, mog\u0105 si\u0119ga\u0107 po Kici\u0119 Koci\u0119 samodzielnie.<br \/>\nWydawnictwo Media Rodzina.<\/h4>\n","protected":false},"excerpt":{"rendered":"<h4 class=\"font-claude-response-body break-words whitespace-normal leading-[1.7]\">Malowanie obraz\u00f3w na \u0142onie natury \u2013 jak prawdziwi arty\u015bci! Kicia Kocia i przyjaciele wybieraj\u0105 si\u0119 na plener malarski. Ale Kicia nie mo\u017ce zdecydowa\u0107, co namalowa\u0107&#8230; Ciep\u0142a ksi\u0105\u017ceczka o tw\u00f3rczo\u015bci i przyja\u017ani. Idealna do czytania razem \u2013 od niemowlaka po samodzielnego czytelnika!<\/h4>\n","protected":false},"featured_media":9196,"comment_status":"closed","ping_status":"closed","template":"","meta":{"_monsterinsights_skip_tracking":false,"_monsterinsights_sitenote_active":false,"_monsterinsights_sitenote_note":"","_monsterinsights_sitenote_category":0},"product_brand":[168],"product_cat":[79,80,81,76],"product_tag":[],"class_list":{"0":"post-9195","1":"product","2":"type-product","3":"status-publish","4":"has-post-thumbnail","6":"product_brand-kicia-kocia","7":"product_cat-0-3-lata","8":"product_cat-4-5-lat","9":"product_cat-6-7-lat","10":"product_cat-ksiazki","11":"product_shipping_class-mala-paczka-inpost-royalmail","12":"pa_producent-media-rodzina","13":"pa_wiek-124","14":"pa_wiek-123","15":"pa_wiek-94","16":"pa_wiek-122","17":"pa_wiek-120","18":"pa_wiek-125","20":"first","21":"instock","22":"taxable","23":"shipping-taxable","24":"purchasable","25":"product-type-simple"},"aioseo_notices":[],"_links":{"self":[{"href":"https:\/\/krainazozolki.co.uk\/en\/wp-json\/wp\/v2\/product\/9195","targetHints":{"allow":["GET"]}}],"collection":[{"href":"https:\/\/krainazozolki.co.uk\/en\/wp-json\/wp\/v2\/product"}],"about":[{"href":"https:\/\/krainazozolki.co.uk\/en\/wp-json\/wp\/v2\/types\/product"}],"replies":[{"embeddable":true,"href":"https:\/\/krainazozolki.co.uk\/en\/wp-json\/wp\/v2\/comments?post=9195"}],"version-history":[{"count":1,"href":"https:\/\/krainazozolki.co.uk\/en\/wp-json\/wp\/v2\/product\/9195\/revisions"}],"predecessor-version":[{"id":9199,"href":"https:\/\/krainazozolki.co.uk\/en\/wp-json\/wp\/v2\/product\/9195\/revisions\/9199"}],"wp:featuredmedia":[{"embeddable":true,"href":"https:\/\/krainazozolki.co.uk\/en\/wp-json\/wp\/v2\/media\/9196"}],"wp:attachment":[{"href":"https:\/\/krainazozolki.co.uk\/en\/wp-json\/wp\/v2\/media?parent=9195"}],"wp:term":[{"taxonomy":"product_brand","embeddable":true,"href":"https:\/\/krainazozolki.co.uk\/en\/wp-json\/wp\/v2\/product_brand?post=9195"},{"taxonomy":"product_cat","embeddable":true,"href":"https:\/\/krainazozolki.co.uk\/en\/wp-json\/wp\/v2\/product_cat?post=9195"},{"taxonomy":"product_tag","embeddable":true,"href":"https:\/\/krainazozolki.co.uk\/en\/wp-json\/wp\/v2\/product_tag?post=9195"}],"curies":[{"name":"wp","href":"https:\/\/api.w.org\/{rel}","templated":true}]}}