{"id":9200,"date":"2026-04-11T12:19:02","date_gmt":"2026-04-11T12:19:02","guid":{"rendered":"https:\/\/krainazozolki.co.uk\/?post_type=product&#038;p=9200"},"modified":"2026-04-11T12:19:03","modified_gmt":"2026-04-11T12:19:03","slug":"kicia-kocia-wyprawa-po-skarb","status":"publish","type":"product","link":"https:\/\/krainazozolki.co.uk\/en\/product\/kicia-kocia-wyprawa-po-skarb\/","title":{"rendered":"Kicia Kocia &#8211; Wyprawa po skarb"},"content":{"rendered":"<h4 class=\"font-claude-response-body break-words whitespace-normal leading-[1.7]\" style=\"text-align: center;\">Mapa w d\u0142o\u0144 i w drog\u0119 po skarb! Kicia Kocia razem z Packiem, Adelk\u0105 i Juliankiem szykuje si\u0119 na prawdziw\u0105 wypraw\u0119. Ka\u017cde z dzieci ma sw\u00f3j ekwipunek \u2013 \u0142opatk\u0119, latark\u0119 i lornetk\u0119 \u2013 a tajemnicza mapa wska\u017ce im, gdzie kopa\u0107. To dopiero b\u0119dzie przygoda!<\/h4>\n<h4 class=\"font-claude-response-body break-words whitespace-normal leading-[1.7]\" style=\"text-align: center;\">Ksi\u0105\u017ceczka \u015bwietnie sprawdza si\u0119 jako lektura do czytania na g\u0142os \u2013 rodzice mog\u0105 si\u0119ga\u0107 po ni\u0105 ju\u017c przy niemowlakach i maluchach, kt\u00f3rym ciep\u0142e ilustracje Anity G\u0142owi\u0144skiej dostarczaj\u0105 mn\u00f3stwo wra\u017ce\u0144. Poniewa\u017c seria Kicia Kocia opowiada o sytuacjach bliskich ka\u017cdemu dziecku, starsze dzieci \u0142atwo uto\u017csamiaj\u0105 si\u0119 z bohaterk\u0105 i jej przygodami. Dzi\u0119ki temu historia naturalnie zach\u0119ca do wsp\u00f3lnej zabawy i pokazuje, jak wiele mo\u017cna osi\u0105gn\u0105\u0107 dzia\u0142aj\u0105c razem z przyjaci\u00f3\u0142mi. Co wi\u0119cej, motyw skarbu i wyprawy rozbudza wyobra\u017ani\u0119 i ciekawo\u015b\u0107 \u015bwiata.<\/h4>\n<h4 class=\"font-claude-response-body break-words whitespace-normal leading-[1.7]\" style=\"text-align: center;\">Dzieci, kt\u00f3re opanuj\u0105 ju\u017c czytanie, mog\u0105 si\u0119ga\u0107 po Kici\u0119 Koci\u0119 samodzielnie.<br \/>\nWydawnictwo Media Rodzina.<\/h4>\n","protected":false},"excerpt":{"rendered":"<h4>\u0141opatka, latarka, lornetka i mapa \u2013 szykuje si\u0119 prawdziwa wyprawa! Kicia Kocia i przyjaciele wyruszaj\u0105 na poszukiwanie skarbu. Pe\u0142na emocji ksi\u0105\u017ceczka o przyja\u017ani i odwadze. Idealna do czytania razem \u2013 od niemowlaka po samodzielnego czytelnika!<\/h4>","protected":false},"featured_media":9201,"comment_status":"closed","ping_status":"closed","template":"","meta":{"_monsterinsights_skip_tracking":false,"_monsterinsights_sitenote_active":false,"_monsterinsights_sitenote_note":"","_monsterinsights_sitenote_category":0},"product_brand":[168],"product_cat":[79,80,81,76],"product_tag":[],"class_list":{"0":"post-9200","1":"product","2":"type-product","3":"status-publish","4":"has-post-thumbnail","6":"product_brand-kicia-kocia","7":"product_cat-0-3-lata","8":"product_cat-4-5-lat","9":"product_cat-6-7-lat","10":"product_cat-ksiazki","11":"product_shipping_class-mala-paczka-inpost-royalmail","12":"pa_producent-media-rodzina","13":"pa_wiek-124","14":"pa_wiek-123","15":"pa_wiek-94","16":"pa_wiek-122","17":"pa_wiek-120","18":"pa_wiek-125","20":"first","21":"instock","22":"taxable","23":"shipping-taxable","24":"purchasable","25":"product-type-simple"},"aioseo_notices":[],"_links":{"self":[{"href":"https:\/\/krainazozolki.co.uk\/en\/wp-json\/wp\/v2\/product\/9200","targetHints":{"allow":["GET"]}}],"collection":[{"href":"https:\/\/krainazozolki.co.uk\/en\/wp-json\/wp\/v2\/product"}],"about":[{"href":"https:\/\/krainazozolki.co.uk\/en\/wp-json\/wp\/v2\/types\/product"}],"replies":[{"embeddable":true,"href":"https:\/\/krainazozolki.co.uk\/en\/wp-json\/wp\/v2\/comments?post=9200"}],"version-history":[{"count":1,"href":"https:\/\/krainazozolki.co.uk\/en\/wp-json\/wp\/v2\/product\/9200\/revisions"}],"predecessor-version":[{"id":9204,"href":"https:\/\/krainazozolki.co.uk\/en\/wp-json\/wp\/v2\/product\/9200\/revisions\/9204"}],"wp:featuredmedia":[{"embeddable":true,"href":"https:\/\/krainazozolki.co.uk\/en\/wp-json\/wp\/v2\/media\/9201"}],"wp:attachment":[{"href":"https:\/\/krainazozolki.co.uk\/en\/wp-json\/wp\/v2\/media?parent=9200"}],"wp:term":[{"taxonomy":"product_brand","embeddable":true,"href":"https:\/\/krainazozolki.co.uk\/en\/wp-json\/wp\/v2\/product_brand?post=9200"},{"taxonomy":"product_cat","embeddable":true,"href":"https:\/\/krainazozolki.co.uk\/en\/wp-json\/wp\/v2\/product_cat?post=9200"},{"taxonomy":"product_tag","embeddable":true,"href":"https:\/\/krainazozolki.co.uk\/en\/wp-json\/wp\/v2\/product_tag?post=9200"}],"curies":[{"name":"wp","href":"https:\/\/api.w.org\/{rel}","templated":true}]}}