{"id":9210,"date":"2026-04-11T19:34:45","date_gmt":"2026-04-11T19:34:45","guid":{"rendered":"https:\/\/krainazozolki.co.uk\/?post_type=product&#038;p=9210"},"modified":"2026-04-11T20:40:54","modified_gmt":"2026-04-11T20:40:54","slug":"wrozki-zeszyt-zabaw-dragon","status":"publish","type":"product","link":"https:\/\/krainazozolki.co.uk\/en\/product\/wrozki-zeszyt-zabaw-dragon\/","title":{"rendered":"Wr\u00f3\u017cki. Zeszyt zabaw &#8211; Dragon"},"content":{"rendered":"<h4 class=\"font-claude-response-body break-words whitespace-normal leading-[1.7]\" style=\"text-align: center;\">Czy Twoje dziecko marzy o magicznym \u015bwiecie wr\u00f3\u017cek? Wr\u00f3\u017cki. Zeszyt zabaw to zbi\u00f3r r\u00f3\u017cnorodnych zada\u0144 edukacyjnych dla najm\u0142odszych, w kt\u00f3rym \u0142amig\u0142\u00f3wki, rebusy, kolorowanki, labirynty i krzy\u017c\u00f3wki \u0142\u0105cz\u0105 si\u0119 z czaruj\u0105cymi ilustracjami. Dzi\u0119ki temu nauka przez zabaw\u0119 staje si\u0119 prawdziw\u0105 przyjemno\u015bci\u0105!<\/h4>\n<h4 class=\"font-claude-response-body break-words whitespace-normal leading-[1.7]\" style=\"text-align: center;\">Poniewa\u017c ka\u017cde zadanie jest starannie dopasowane do mo\u017cliwo\u015bci przedszkolaka, dziecko stopniowo rozwija spostrzegawczo\u015b\u0107, kreatywno\u015b\u0107 i logiczne my\u015blenie. Co wi\u0119cej, regularne \u0107wiczenia pomagaj\u0105 wzmocni\u0107 koncentracj\u0119 i przygotowa\u0107 malucha do edukacji wczesnoszkolnej. Zeszyt to te\u017c \u015bwietny spos\u00f3b na rozwijanie sprawno\u015bci manualnej \u2013 kolorowanie i rysowanie w wyznaczonych polach \u0107wicz\u0105 precyzj\u0119 ruch\u00f3w r\u0119ki.<\/h4>\n","protected":false},"excerpt":{"rendered":"<h4>Magiczny zeszyt pe\u0142en zada\u0144 dla najm\u0142odszych! \u0141amig\u0142\u00f3wki, rebusy, kolorowanki, labirynty i krzy\u017c\u00f3wki \u2013 wszystko w uroczej wr\u00f3\u017ckowej oprawie.Do zeszytu do\u0142\u0105czone s\u0105 naklejki! \u015awietna zabawa i nauka w jednym dla dzieci 3\u20136 lat.<\/h4>","protected":false},"featured_media":9212,"comment_status":"closed","ping_status":"closed","template":"","meta":{"_monsterinsights_skip_tracking":false,"_monsterinsights_sitenote_active":false,"_monsterinsights_sitenote_note":"","_monsterinsights_sitenote_category":0},"product_brand":[169],"product_cat":[79,80,78],"product_tag":[],"class_list":{"0":"post-9210","1":"product","2":"type-product","3":"status-publish","4":"has-post-thumbnail","6":"product_brand-wydawnictwo-dragon","7":"product_cat-0-3-lata","8":"product_cat-4-5-lat","9":"product_cat-artykuly-plastyczne","10":"product_shipping_class-mala-paczka-inpost-royalmail","11":"pa_producent-wydawnicto-dragon","12":"pa_wiek-94","13":"pa_wiek-122","14":"pa_wiek-120","16":"first","17":"instock","18":"taxable","19":"shipping-taxable","20":"purchasable","21":"product-type-simple"},"aioseo_notices":[],"_links":{"self":[{"href":"https:\/\/krainazozolki.co.uk\/en\/wp-json\/wp\/v2\/product\/9210","targetHints":{"allow":["GET"]}}],"collection":[{"href":"https:\/\/krainazozolki.co.uk\/en\/wp-json\/wp\/v2\/product"}],"about":[{"href":"https:\/\/krainazozolki.co.uk\/en\/wp-json\/wp\/v2\/types\/product"}],"replies":[{"embeddable":true,"href":"https:\/\/krainazozolki.co.uk\/en\/wp-json\/wp\/v2\/comments?post=9210"}],"version-history":[{"count":5,"href":"https:\/\/krainazozolki.co.uk\/en\/wp-json\/wp\/v2\/product\/9210\/revisions"}],"predecessor-version":[{"id":9238,"href":"https:\/\/krainazozolki.co.uk\/en\/wp-json\/wp\/v2\/product\/9210\/revisions\/9238"}],"wp:featuredmedia":[{"embeddable":true,"href":"https:\/\/krainazozolki.co.uk\/en\/wp-json\/wp\/v2\/media\/9212"}],"wp:attachment":[{"href":"https:\/\/krainazozolki.co.uk\/en\/wp-json\/wp\/v2\/media?parent=9210"}],"wp:term":[{"taxonomy":"product_brand","embeddable":true,"href":"https:\/\/krainazozolki.co.uk\/en\/wp-json\/wp\/v2\/product_brand?post=9210"},{"taxonomy":"product_cat","embeddable":true,"href":"https:\/\/krainazozolki.co.uk\/en\/wp-json\/wp\/v2\/product_cat?post=9210"},{"taxonomy":"product_tag","embeddable":true,"href":"https:\/\/krainazozolki.co.uk\/en\/wp-json\/wp\/v2\/product_tag?post=9210"}],"curies":[{"name":"wp","href":"https:\/\/api.w.org\/{rel}","templated":true}]}}