{"id":9226,"date":"2026-04-11T20:23:01","date_gmt":"2026-04-11T20:23:01","guid":{"rendered":"https:\/\/krainazozolki.co.uk\/?post_type=product&#038;p=9226"},"modified":"2026-04-11T20:40:15","modified_gmt":"2026-04-11T20:40:15","slug":"wrozki-kolorowanka-z-naklejkami-dragon","status":"publish","type":"product","link":"https:\/\/krainazozolki.co.uk\/en\/product\/wrozki-kolorowanka-z-naklejkami-dragon\/","title":{"rendered":"Wr\u00f3\u017cki. Kolorowanka z naklejkami &#8211; Dragon"},"content":{"rendered":"<h4 class=\"font-claude-response-body break-words whitespace-normal leading-[1.7]\" style=\"text-align: center;\">Zapraszamy do magicznego \u015bwiata wr\u00f3\u017cek! Wr\u00f3\u017cki. Kolorowanka z naklejkami to pe\u0142na uroku ksi\u0105\u017ceczka, kt\u00f3ra \u0142\u0105czy przyjemno\u015b\u0107 kolorowania z interaktywn\u0105 zabaw\u0105 naklejkami. Pi\u0119kne ilustracje przedstawiaj\u0105ce wr\u00f3\u017cki w bajkowych sceneriach zach\u0119caj\u0105 dziecko do wyra\u017cenia swojej kreatywno\u015bci i zabawy kolorem.<\/h4>\n<h4 class=\"font-claude-response-body break-words whitespace-normal leading-[1.7]\" style=\"text-align: center;\">Poniewa\u017c kolorowanie doskonale rozwija sprawno\u015b\u0107 manualn\u0105 i koordynacj\u0119 wzrokowo-ruchow\u0105, ka\u017cda sesja z kredkami to jednocze\u015bnie warto\u015bciowe \u0107wiczenie dla ma\u0142ych r\u0105czek. Co wi\u0119cej, do\u0142\u0105czone naklejki uatrakcyjniaj\u0105 zabaw\u0119 i pozwalaj\u0105 dziecku tworzy\u0107 w\u0142asne bajkowe kompozycje. Dzi\u0119ki temu ksi\u0105\u017ceczka zapewnia rozrywk\u0119 na d\u0142ugie godziny i \u015bwietnie sprawdza si\u0119 zar\u00f3wno w domu, jak i w podr\u00f3\u017cy.<\/h4>\n","protected":false},"excerpt":{"rendered":"<h4>Magiczny \u015bwiat wr\u00f3\u017cek do pokolorowania! Kolorowanka z naklejkami Dragon to pi\u0119kne ilustracje z bajkowych krain i zestaw naklejek do zabawy. Idealna dla dzieci 2+ lubi\u0105cych kreatywn\u0105 zabaw\u0119.<\/h4>","protected":false},"featured_media":9227,"comment_status":"closed","ping_status":"closed","template":"","meta":{"_monsterinsights_skip_tracking":false,"_monsterinsights_sitenote_active":false,"_monsterinsights_sitenote_note":"","_monsterinsights_sitenote_category":0},"product_brand":[169],"product_cat":[79,78],"product_tag":[],"class_list":{"0":"post-9226","1":"product","2":"type-product","3":"status-publish","4":"has-post-thumbnail","6":"product_brand-wydawnictwo-dragon","7":"product_cat-0-3-lata","8":"product_cat-artykuly-plastyczne","9":"product_shipping_class-mala-paczka-inpost-royalmail","10":"pa_producent-wydawnicto-dragon","11":"pa_wiek-123","12":"pa_wiek-94","14":"first","15":"instock","16":"taxable","17":"shipping-taxable","18":"purchasable","19":"product-type-simple"},"aioseo_notices":[],"_links":{"self":[{"href":"https:\/\/krainazozolki.co.uk\/en\/wp-json\/wp\/v2\/product\/9226","targetHints":{"allow":["GET"]}}],"collection":[{"href":"https:\/\/krainazozolki.co.uk\/en\/wp-json\/wp\/v2\/product"}],"about":[{"href":"https:\/\/krainazozolki.co.uk\/en\/wp-json\/wp\/v2\/types\/product"}],"replies":[{"embeddable":true,"href":"https:\/\/krainazozolki.co.uk\/en\/wp-json\/wp\/v2\/comments?post=9226"}],"version-history":[{"count":2,"href":"https:\/\/krainazozolki.co.uk\/en\/wp-json\/wp\/v2\/product\/9226\/revisions"}],"predecessor-version":[{"id":9236,"href":"https:\/\/krainazozolki.co.uk\/en\/wp-json\/wp\/v2\/product\/9226\/revisions\/9236"}],"wp:featuredmedia":[{"embeddable":true,"href":"https:\/\/krainazozolki.co.uk\/en\/wp-json\/wp\/v2\/media\/9227"}],"wp:attachment":[{"href":"https:\/\/krainazozolki.co.uk\/en\/wp-json\/wp\/v2\/media?parent=9226"}],"wp:term":[{"taxonomy":"product_brand","embeddable":true,"href":"https:\/\/krainazozolki.co.uk\/en\/wp-json\/wp\/v2\/product_brand?post=9226"},{"taxonomy":"product_cat","embeddable":true,"href":"https:\/\/krainazozolki.co.uk\/en\/wp-json\/wp\/v2\/product_cat?post=9226"},{"taxonomy":"product_tag","embeddable":true,"href":"https:\/\/krainazozolki.co.uk\/en\/wp-json\/wp\/v2\/product_tag?post=9226"}],"curies":[{"name":"wp","href":"https:\/\/api.w.org\/{rel}","templated":true}]}}