{"id":9239,"date":"2026-04-11T20:55:48","date_gmt":"2026-04-11T20:55:48","guid":{"rendered":"https:\/\/krainazozolki.co.uk\/?post_type=product&#038;p=9239"},"modified":"2026-04-11T20:59:08","modified_gmt":"2026-04-11T20:59:08","slug":"bazgraki-czytaja-sylabami-1-elemntarz-k-nauka","status":"publish","type":"product","link":"https:\/\/krainazozolki.co.uk\/en\/product\/bazgraki-czytaja-sylabami-1-elemntarz-k-nauka\/","title":{"rendered":"Bazgraki czytaj\u0105 sylabami 1. Elemntarz &#8211; K.Nauka"},"content":{"rendered":"<h4 class=\"font-claude-response-body break-words whitespace-normal leading-[1.7]\" style=\"text-align: center;\">Jaka jest ulubiona potrawa Ptysia? Kt\u00f3re planety odwiedzi\u0142y Bazgraki? Czy znasz nazwy egzotycznych zwierz\u0105t? Razem z weso\u0142ymi Bazgrakami nauka czytania staje si\u0119 prawdziw\u0105 przygod\u0105! Bazgraki czytaj\u0105 sylabami. Elementarz to bogato ilustrowana ksi\u0105\u017cka z \u0107wiczeniami dla dzieci, kt\u00f3re dopiero rozpoczynaj\u0105 swoj\u0105 przygod\u0119 z czytaniem. Dzi\u0119ki metodzie sylabowej przedszkolaki szybko ucz\u0105 si\u0119 odczytywa\u0107 proste wyrazy, co z kolei znacznie przyspiesza nauk\u0119 i dodatkowo motywuje do samodzielnego czytania.<\/h4>\n<h4 class=\"font-claude-response-body break-words whitespace-normal leading-[1.7]\" style=\"text-align: center;\">Na ka\u017cdej rozk\u0142ad\u00f3wce znajduj\u0105 si\u0119 atrakcyjne ilustracje ze scenkami dialogowymi. Opr\u00f3cz tego czekaj\u0105 urozmaicone zagadki, zadania i rebusy, kt\u00f3re wci\u0105gaj\u0105 uwag\u0119 dziecka i sprawiaj\u0105, \u017ce czytanie pierwszych sylab staje si\u0119 prawdziw\u0105 przyjemno\u015bci\u0105. Poniewa\u017c materia\u0142 jest podzielony na ma\u0142e porcje wiedzy, dziecko mo\u017ce uczy\u0107 si\u0119 we w\u0142asnym tempie bez poczucia przyt\u0142oczenia. Co wi\u0119cej, dzi\u0119ki takiemu podej\u015bciu maluch samodzielnie \u015bledzi tekst i rozwi\u0105zuje zadania. Na dodatek do ksi\u0105\u017cki do\u0142\u0105czono a\u017c 50 kolorowych naklejek, kt\u00f3re jeszcze bardziej uatrakcyjniaj\u0105 nauk\u0119!<\/h4>\n","protected":false},"excerpt":{"rendered":"<h4>Pierwsze kroki w nauce czytania metod\u0105 sylabow\u0105! Elementarz Bazgraki to bogato ilustrowana ksi\u0105\u017cka z \u0107wiczeniami, zagadkami i rebusami dla dzieci 4\u20136 lat. Do zestawu do\u0142\u0105czono 50 naklejek!<\/h4>","protected":false},"featured_media":9240,"comment_status":"closed","ping_status":"closed","template":"","meta":{"_monsterinsights_skip_tracking":false,"_monsterinsights_sitenote_active":false,"_monsterinsights_sitenote_note":"","_monsterinsights_sitenote_category":0},"product_brand":[115],"product_cat":[80,81,78,76],"product_tag":[],"class_list":{"0":"post-9239","1":"product","2":"type-product","3":"status-publish","4":"has-post-thumbnail","6":"product_brand-kapitan-nauka","7":"product_cat-4-5-lat","8":"product_cat-6-7-lat","9":"product_cat-artykuly-plastyczne","10":"product_cat-ksiazki","11":"product_shipping_class-mala-paczka-inpost-royalmail","12":"pa_producent-edgard","13":"pa_wiek-122","14":"pa_wiek-120","15":"pa_wiek-125","17":"first","18":"instock","19":"taxable","20":"shipping-taxable","21":"purchasable","22":"product-type-simple"},"aioseo_notices":[],"_links":{"self":[{"href":"https:\/\/krainazozolki.co.uk\/en\/wp-json\/wp\/v2\/product\/9239","targetHints":{"allow":["GET"]}}],"collection":[{"href":"https:\/\/krainazozolki.co.uk\/en\/wp-json\/wp\/v2\/product"}],"about":[{"href":"https:\/\/krainazozolki.co.uk\/en\/wp-json\/wp\/v2\/types\/product"}],"replies":[{"embeddable":true,"href":"https:\/\/krainazozolki.co.uk\/en\/wp-json\/wp\/v2\/comments?post=9239"}],"version-history":[{"count":1,"href":"https:\/\/krainazozolki.co.uk\/en\/wp-json\/wp\/v2\/product\/9239\/revisions"}],"predecessor-version":[{"id":9243,"href":"https:\/\/krainazozolki.co.uk\/en\/wp-json\/wp\/v2\/product\/9239\/revisions\/9243"}],"wp:featuredmedia":[{"embeddable":true,"href":"https:\/\/krainazozolki.co.uk\/en\/wp-json\/wp\/v2\/media\/9240"}],"wp:attachment":[{"href":"https:\/\/krainazozolki.co.uk\/en\/wp-json\/wp\/v2\/media?parent=9239"}],"wp:term":[{"taxonomy":"product_brand","embeddable":true,"href":"https:\/\/krainazozolki.co.uk\/en\/wp-json\/wp\/v2\/product_brand?post=9239"},{"taxonomy":"product_cat","embeddable":true,"href":"https:\/\/krainazozolki.co.uk\/en\/wp-json\/wp\/v2\/product_cat?post=9239"},{"taxonomy":"product_tag","embeddable":true,"href":"https:\/\/krainazozolki.co.uk\/en\/wp-json\/wp\/v2\/product_tag?post=9239"}],"curies":[{"name":"wp","href":"https:\/\/api.w.org\/{rel}","templated":true}]}}