{"id":9244,"date":"2026-04-11T21:14:38","date_gmt":"2026-04-11T21:14:38","guid":{"rendered":"https:\/\/krainazozolki.co.uk\/?post_type=product&#038;p=9244"},"modified":"2026-04-11T21:27:36","modified_gmt":"2026-04-11T21:27:36","slug":"dino-i-zaurus-w-domu-zeszyt-cwiczen","status":"publish","type":"product","link":"https:\/\/krainazozolki.co.uk\/en\/product\/dino-i-zaurus-w-domu-zeszyt-cwiczen\/","title":{"rendered":"Dino i Zauru\u015b. W domu. Zeszyt \u0107wicze\u0144."},"content":{"rendered":"<h4 style=\"text-align: center;\"><strong>Dino i Zauru\u015b zapraszaj\u0105 do wsp\u00f3lnej zabawy!<\/strong> <em>W domu<\/em> to zeszyt z serii <strong>Akademia M\u0105drego Malucha<\/strong>, kt\u00f3ry wprowadza 3\u2011latka w pierwsze edukacyjne aktywno\u015bci. Zadania odnosz\u0105 si\u0119 do codziennych sytuacji, wi\u0119c dziecko czuje si\u0119 pewnie i ch\u0119tnie pracuje dalej.<\/h4>\n<h4 style=\"text-align: center;\">W \u015brodku znajdziesz wiele prostych \u0107wicze\u0144, kt\u00f3re rozwijaj\u0105 spostrzegawczo\u015b\u0107, koncentracj\u0119 i logiczne my\u015blenie. Pojawiaj\u0105 si\u0119 tu tak\u017ce pierwsze zadania na kodowanie. Dzi\u0119ki temu zeszyt wspiera rozw\u00f3j dziecka w kilku obszarach jednocze\u015bnie.<\/h4>\n<h4 style=\"text-align: center;\">Ka\u017cde \u0107wiczenie pasuje do mo\u017cliwo\u015bci trzylatka. Maluch mo\u017ce pracowa\u0107 samodzielnie i czerpa\u0107 z tego du\u017co rado\u015bci. Seria <strong>Dino i Zauru\u015b<\/strong> zachwyca dzieci ciep\u0142ymi ilustracjami, a rodzic\u00f3w \u2014 przemy\u015blanym doborem zada\u0144.<\/h4>","protected":false},"excerpt":{"rendered":"<h4>Odkrywaj \u015bwiat z Dino i Zaurusiem! Kolorowy zeszyt \u0107wicze\u0144 dla 3\u2011latk\u00f3w, pe\u0142en prostych i anga\u017cuj\u0105cych zada\u0144 rozwijaj\u0105cych spostrzegawczo\u015b\u0107, logiczne my\u015blenie i pierwsze umiej\u0119tno\u015bci matematyczne. Idealny do nauki przez zabaw\u0119 w domu.<\/h4>","protected":false},"featured_media":9245,"comment_status":"closed","ping_status":"closed","template":"","meta":{"_monsterinsights_skip_tracking":false,"_monsterinsights_sitenote_active":false,"_monsterinsights_sitenote_note":"","_monsterinsights_sitenote_category":0},"product_brand":[172],"product_cat":[79,78,76],"product_tag":[],"class_list":{"0":"post-9244","1":"product","2":"type-product","3":"status-publish","4":"has-post-thumbnail","6":"product_brand-akademia-madrego-malucha","7":"product_cat-0-3-lata","8":"product_cat-artykuly-plastyczne","9":"product_cat-ksiazki","10":"product_shipping_class-mala-paczka-inpost-royalmail","11":"pa_producent-akademia-madrego-malucha","12":"pa_wiek-94","14":"first","15":"instock","16":"taxable","17":"shipping-taxable","18":"purchasable","19":"product-type-simple"},"aioseo_notices":[],"_links":{"self":[{"href":"https:\/\/krainazozolki.co.uk\/en\/wp-json\/wp\/v2\/product\/9244","targetHints":{"allow":["GET"]}}],"collection":[{"href":"https:\/\/krainazozolki.co.uk\/en\/wp-json\/wp\/v2\/product"}],"about":[{"href":"https:\/\/krainazozolki.co.uk\/en\/wp-json\/wp\/v2\/types\/product"}],"replies":[{"embeddable":true,"href":"https:\/\/krainazozolki.co.uk\/en\/wp-json\/wp\/v2\/comments?post=9244"}],"version-history":[{"count":1,"href":"https:\/\/krainazozolki.co.uk\/en\/wp-json\/wp\/v2\/product\/9244\/revisions"}],"predecessor-version":[{"id":9248,"href":"https:\/\/krainazozolki.co.uk\/en\/wp-json\/wp\/v2\/product\/9244\/revisions\/9248"}],"wp:featuredmedia":[{"embeddable":true,"href":"https:\/\/krainazozolki.co.uk\/en\/wp-json\/wp\/v2\/media\/9245"}],"wp:attachment":[{"href":"https:\/\/krainazozolki.co.uk\/en\/wp-json\/wp\/v2\/media?parent=9244"}],"wp:term":[{"taxonomy":"product_brand","embeddable":true,"href":"https:\/\/krainazozolki.co.uk\/en\/wp-json\/wp\/v2\/product_brand?post=9244"},{"taxonomy":"product_cat","embeddable":true,"href":"https:\/\/krainazozolki.co.uk\/en\/wp-json\/wp\/v2\/product_cat?post=9244"},{"taxonomy":"product_tag","embeddable":true,"href":"https:\/\/krainazozolki.co.uk\/en\/wp-json\/wp\/v2\/product_tag?post=9244"}],"curies":[{"name":"wp","href":"https:\/\/api.w.org\/{rel}","templated":true}]}}