{"id":9263,"date":"2026-04-11T22:10:35","date_gmt":"2026-04-11T22:10:35","guid":{"rendered":"https:\/\/krainazozolki.co.uk\/?post_type=product&#038;p=9263"},"modified":"2026-04-11T22:10:35","modified_gmt":"2026-04-11T22:10:35","slug":"wesole-labirynty-ksiazeczka-z-zadaniami","status":"publish","type":"product","link":"https:\/\/krainazozolki.co.uk\/en\/product\/wesole-labirynty-ksiazeczka-z-zadaniami\/","title":{"rendered":"Weso\u0142e labirynty.Ksi\u0105\u017ceczka z zadaniami"},"content":{"rendered":"<h4 style=\"text-align: center;\">Weso\u0142e labirynty to \u015bwietna propozycja dla dzieci, kt\u00f3re lubi\u0105 zagadki i aktywno\u015bci rozwijaj\u0105ce my\u015blenie. Ka\u017cda strona oferuje nowy, kolorowy labirynt, kt\u00f3ry zach\u0119ca do dzia\u0142ania i \u0107wiczy cierpliwo\u015b\u0107.<\/h4>\n<h4 style=\"text-align: center;\">Zadania maj\u0105 r\u00f3\u017cny poziom trudno\u015bci, wi\u0119c dziecko mo\u017ce wybiera\u0107 te, kt\u00f3re najbardziej mu odpowiadaj\u0105. Labirynty rozwijaj\u0105 spostrzegawczo\u015b\u0107, koncentracj\u0119 i logiczne my\u015blenie. Pomagaj\u0105 te\u017c w nauce planowania ruchu i przewidywania kolejnych krok\u00f3w.<\/h4>\n<h4 style=\"text-align: center;\">Ksi\u0105\u017cka sprawdzi si\u0119 w domu, w podr\u00f3\u017cy i w chwilach, gdy potrzebujesz spokojnej, kreatywnej zabawy. Ilustracje s\u0105 radosne i przyjazne, wi\u0119c dzieci ch\u0119tnie wracaj\u0105 do kolejnych stron.<\/h4>\n<h4 style=\"text-align: center;\">Seria Love Books s\u0142ynie z prostych, anga\u017cuj\u0105cych zada\u0144, kt\u00f3re wspieraj\u0105 rozw\u00f3j i daj\u0105 du\u017co rado\u015bci.<\/h4>","protected":false},"excerpt":{"rendered":"<h4>Kolorowe i pe\u0142ne humoru labirynty, kt\u00f3re rozwijaj\u0105 spostrzegawczo\u015b\u0107, koncentracj\u0119 i logiczne my\u015blenie. Idealne dla dzieci, kt\u00f3re lubi\u0105 zagadki i szybkie wyzwania.<\/h4>","protected":false},"featured_media":9266,"comment_status":"closed","ping_status":"closed","template":"","meta":{"_monsterinsights_skip_tracking":false,"_monsterinsights_sitenote_active":false,"_monsterinsights_sitenote_note":"","_monsterinsights_sitenote_category":0},"product_brand":[176],"product_cat":[79,78,16],"product_tag":[],"class_list":{"0":"post-9263","1":"product","2":"type-product","3":"status-publish","4":"has-post-thumbnail","6":"product_brand-lovebooks","7":"product_cat-0-3-lata","8":"product_cat-artykuly-plastyczne","9":"product_cat-bez-kategorii","10":"product_shipping_class-mala-paczka-inpost-royalmail","11":"pa_producent-lovebooks","12":"pa_wiek-123","13":"pa_wiek-94","15":"first","16":"instock","17":"taxable","18":"shipping-taxable","19":"product-type-simple"},"aioseo_notices":[],"_links":{"self":[{"href":"https:\/\/krainazozolki.co.uk\/en\/wp-json\/wp\/v2\/product\/9263","targetHints":{"allow":["GET"]}}],"collection":[{"href":"https:\/\/krainazozolki.co.uk\/en\/wp-json\/wp\/v2\/product"}],"about":[{"href":"https:\/\/krainazozolki.co.uk\/en\/wp-json\/wp\/v2\/types\/product"}],"replies":[{"embeddable":true,"href":"https:\/\/krainazozolki.co.uk\/en\/wp-json\/wp\/v2\/comments?post=9263"}],"version-history":[{"count":2,"href":"https:\/\/krainazozolki.co.uk\/en\/wp-json\/wp\/v2\/product\/9263\/revisions"}],"predecessor-version":[{"id":9269,"href":"https:\/\/krainazozolki.co.uk\/en\/wp-json\/wp\/v2\/product\/9263\/revisions\/9269"}],"wp:featuredmedia":[{"embeddable":true,"href":"https:\/\/krainazozolki.co.uk\/en\/wp-json\/wp\/v2\/media\/9266"}],"wp:attachment":[{"href":"https:\/\/krainazozolki.co.uk\/en\/wp-json\/wp\/v2\/media?parent=9263"}],"wp:term":[{"taxonomy":"product_brand","embeddable":true,"href":"https:\/\/krainazozolki.co.uk\/en\/wp-json\/wp\/v2\/product_brand?post=9263"},{"taxonomy":"product_cat","embeddable":true,"href":"https:\/\/krainazozolki.co.uk\/en\/wp-json\/wp\/v2\/product_cat?post=9263"},{"taxonomy":"product_tag","embeddable":true,"href":"https:\/\/krainazozolki.co.uk\/en\/wp-json\/wp\/v2\/product_tag?post=9263"}],"curies":[{"name":"wp","href":"https:\/\/api.w.org\/{rel}","templated":true}]}}