{"id":9270,"date":"2026-04-11T22:21:06","date_gmt":"2026-04-11T22:21:06","guid":{"rendered":"https:\/\/krainazozolki.co.uk\/?post_type=product&#038;p=9270"},"modified":"2026-04-11T22:24:26","modified_gmt":"2026-04-11T22:24:26","slug":"kreatywne-lamiglowki-arti","status":"publish","type":"product","link":"https:\/\/krainazozolki.co.uk\/en\/product\/kreatywne-lamiglowki-arti\/","title":{"rendered":"Kreatywne \u0142amig\u0142\u00f3wki &#8211; ARTi"},"content":{"rendered":"<h4 class=\"font-claude-response-body break-words whitespace-normal leading-[1.7]\" style=\"text-align: center;\">Nauka przez zabaw\u0119 to najlepsza nauka! Kreatywne \u0142amig\u0142\u00f3wki to ksi\u0105\u017ceczka edukacyjna wydawnictwa Arti, kt\u00f3ra \u0142\u0105czy kolorowanki z r\u00f3\u017cnorodnymi zadaniami i \u0107wiczeniami tw\u00f3rczymi. Dzi\u0119ki temu dziecko nie tylko \u015bwietnie si\u0119 bawi, ale te\u017c niepostrze\u017cenie rozwija wa\u017cne umiej\u0119tno\u015bci.<\/h4>\n<h4 class=\"font-claude-response-body break-words whitespace-normal leading-[1.7]\" style=\"text-align: center;\">Poniewa\u017c zadania s\u0105 starannie dobrane z my\u015bl\u0105 o najm\u0142odszych, ka\u017cde z nich dostosowane jest do mo\u017cliwo\u015bci przedszkolaka. Co wi\u0119cej, r\u00f3\u017cnorodno\u015b\u0107 \u0107wicze\u0144 sprawia, \u017ce dziecko ch\u0119tnie si\u0119ga po kolejne strony i nie nudzi si\u0119 nawet przez chwil\u0119. Opr\u00f3cz tego kolorowanie, rysowanie i uzupe\u0142nianie zada\u0144 \u0107wicz\u0105 sprawno\u015b\u0107 manualn\u0105 i koordynacj\u0119 wzrokowo-ruchow\u0105, kt\u00f3re s\u0105 kluczowe w przygotowaniu do nauki pisania. Dzi\u0119ki temu ta niepozorna ksi\u0105\u017ceczka to prawdziwa skarbnica rozrywki i nauki w jednym!<\/h4>\n","protected":false},"excerpt":{"rendered":"<h4>Koloruj, rysuj, uzupe\u0142niaj i rozwi\u0105zuj! Kreatywne \u0142amig\u0142\u00f3wki to ksi\u0105\u017ceczka edukacyjna z zadaniami dla najm\u0142odszych \u2013 kolorowankami, \u0142amig\u0142\u00f3wkami i \u0107wiczeniami kreatywnymi. Nauka przez zabaw\u0119!<\/h4>","protected":false},"featured_media":9272,"comment_status":"closed","ping_status":"closed","template":"","meta":{"_monsterinsights_skip_tracking":false,"_monsterinsights_sitenote_active":false,"_monsterinsights_sitenote_note":"","_monsterinsights_sitenote_category":0},"product_brand":[178],"product_cat":[80,81,78],"product_tag":[],"class_list":{"0":"post-9270","1":"product","2":"type-product","3":"status-publish","4":"has-post-thumbnail","6":"product_brand-arti","7":"product_cat-4-5-lat","8":"product_cat-6-7-lat","9":"product_cat-artykuly-plastyczne","10":"product_shipping_class-mala-paczka-inpost-royalmail","11":"pa_producent-arti","12":"pa_wiek-122","13":"pa_wiek-120","14":"pa_wiek-125","15":"pa_wiek-126","17":"first","18":"instock","19":"taxable","20":"shipping-taxable","21":"purchasable","22":"product-type-simple"},"aioseo_notices":[],"_links":{"self":[{"href":"https:\/\/krainazozolki.co.uk\/en\/wp-json\/wp\/v2\/product\/9270","targetHints":{"allow":["GET"]}}],"collection":[{"href":"https:\/\/krainazozolki.co.uk\/en\/wp-json\/wp\/v2\/product"}],"about":[{"href":"https:\/\/krainazozolki.co.uk\/en\/wp-json\/wp\/v2\/types\/product"}],"replies":[{"embeddable":true,"href":"https:\/\/krainazozolki.co.uk\/en\/wp-json\/wp\/v2\/comments?post=9270"}],"version-history":[{"count":2,"href":"https:\/\/krainazozolki.co.uk\/en\/wp-json\/wp\/v2\/product\/9270\/revisions"}],"predecessor-version":[{"id":9276,"href":"https:\/\/krainazozolki.co.uk\/en\/wp-json\/wp\/v2\/product\/9270\/revisions\/9276"}],"wp:featuredmedia":[{"embeddable":true,"href":"https:\/\/krainazozolki.co.uk\/en\/wp-json\/wp\/v2\/media\/9272"}],"wp:attachment":[{"href":"https:\/\/krainazozolki.co.uk\/en\/wp-json\/wp\/v2\/media?parent=9270"}],"wp:term":[{"taxonomy":"product_brand","embeddable":true,"href":"https:\/\/krainazozolki.co.uk\/en\/wp-json\/wp\/v2\/product_brand?post=9270"},{"taxonomy":"product_cat","embeddable":true,"href":"https:\/\/krainazozolki.co.uk\/en\/wp-json\/wp\/v2\/product_cat?post=9270"},{"taxonomy":"product_tag","embeddable":true,"href":"https:\/\/krainazozolki.co.uk\/en\/wp-json\/wp\/v2\/product_tag?post=9270"}],"curies":[{"name":"wp","href":"https:\/\/api.w.org\/{rel}","templated":true}]}}