{"id":9291,"date":"2026-04-11T23:00:29","date_gmt":"2026-04-11T23:00:29","guid":{"rendered":"https:\/\/krainazozolki.co.uk\/?post_type=product&#038;p=9291"},"modified":"2026-04-11T23:00:30","modified_gmt":"2026-04-11T23:00:30","slug":"kodowanie-dla-przedszkolaka-bez-komputera","status":"publish","type":"product","link":"https:\/\/krainazozolki.co.uk\/en\/product\/kodowanie-dla-przedszkolaka-bez-komputera\/","title":{"rendered":"Kodowanie dla przedszkolaka bez komputera."},"content":{"rendered":"<h4 class=\"font-claude-response-body break-words whitespace-normal leading-[1.7]\" style=\"text-align: center;\">Programowanie zaczyna si\u0119 na d\u0142ugo przed pierwszym komputerem! Kodowanie bez komputera dla przedszkolaka to wyj\u0105tkowa ksi\u0105\u017ceczka, kt\u00f3ra w przyst\u0119pny i weso\u0142y spos\u00f3b wprowadza dzieci w \u015bwiat robotyki, kodowania i logicznego my\u015blenia. Poniewa\u017c wszystkie zadania opieraj\u0105 si\u0119 na zabawie, a nie na teorii, dziecko przyswaja nowe umiej\u0119tno\u015bci w naturalny i przyjemny spos\u00f3b.<\/h4>\n<h4 class=\"font-claude-response-body break-words whitespace-normal leading-[1.7]\" style=\"text-align: center;\">W \u015brodku czekaj\u0105 r\u00f3\u017cnorodne \u0107wiczenia, \u0142amig\u0142\u00f3wki i pierwsze zabawy matematyczne, kt\u00f3re ucz\u0105 dziecko my\u015blenia przyczynowo-skutkowego. Ponadto zadania rozwijaj\u0105 skupienie, wytrwa\u0142o\u015b\u0107 i umiej\u0119tno\u015b\u0107 samodzielnej pracy \u2013 kompetencje kluczowe nie tylko w \u015bwiecie technologii, ale w ca\u0142ym p\u00f3\u017aniejszym \u017cyciu. Co wi\u0119cej, kolorowe ilustracje i anga\u017cuj\u0105ce polecenia sprawiaj\u0105, \u017ce dziecko ch\u0119tnie wraca do kolejnych stron. Dzi\u0119ki tej ksi\u0105\u017ceczce przedszkolak zdobywa pierwsze fundamenty my\u015blenia jak programista \u2013 zanim jeszcze usi\u0105dzie przed ekranem!<\/h4>\n","protected":false},"excerpt":{"rendered":"<h4>Pierwsze kroki w \u015bwiecie kodowania! Ksi\u0105\u017ceczka Love Books wprowadza przedszkolaka w \u015bwiat robotyki i programowania przez kolorowe \u0107wiczenia, \u0142amig\u0142\u00f3wki i zabawy matematyczne. Uczy logicznego my\u015blenia ju\u017c od najm\u0142odszych lat!<\/h4>","protected":false},"featured_media":9294,"comment_status":"closed","ping_status":"closed","template":"","meta":{"_monsterinsights_skip_tracking":false,"_monsterinsights_sitenote_active":false,"_monsterinsights_sitenote_note":"","_monsterinsights_sitenote_category":0},"product_brand":[176],"product_cat":[80,81,78],"product_tag":[],"class_list":{"0":"post-9291","1":"product","2":"type-product","3":"status-publish","4":"has-post-thumbnail","6":"product_brand-lovebooks","7":"product_cat-4-5-lat","8":"product_cat-6-7-lat","9":"product_cat-artykuly-plastyczne","10":"product_shipping_class-mala-paczka-inpost-royalmail","11":"pa_producent-lovebooks","12":"pa_wiek-122","13":"pa_wiek-120","14":"pa_wiek-125","16":"first","17":"instock","18":"taxable","19":"shipping-taxable","20":"purchasable","21":"product-type-simple"},"aioseo_notices":[],"_links":{"self":[{"href":"https:\/\/krainazozolki.co.uk\/en\/wp-json\/wp\/v2\/product\/9291","targetHints":{"allow":["GET"]}}],"collection":[{"href":"https:\/\/krainazozolki.co.uk\/en\/wp-json\/wp\/v2\/product"}],"about":[{"href":"https:\/\/krainazozolki.co.uk\/en\/wp-json\/wp\/v2\/types\/product"}],"replies":[{"embeddable":true,"href":"https:\/\/krainazozolki.co.uk\/en\/wp-json\/wp\/v2\/comments?post=9291"}],"version-history":[{"count":1,"href":"https:\/\/krainazozolki.co.uk\/en\/wp-json\/wp\/v2\/product\/9291\/revisions"}],"predecessor-version":[{"id":9295,"href":"https:\/\/krainazozolki.co.uk\/en\/wp-json\/wp\/v2\/product\/9291\/revisions\/9295"}],"wp:featuredmedia":[{"embeddable":true,"href":"https:\/\/krainazozolki.co.uk\/en\/wp-json\/wp\/v2\/media\/9294"}],"wp:attachment":[{"href":"https:\/\/krainazozolki.co.uk\/en\/wp-json\/wp\/v2\/media?parent=9291"}],"wp:term":[{"taxonomy":"product_brand","embeddable":true,"href":"https:\/\/krainazozolki.co.uk\/en\/wp-json\/wp\/v2\/product_brand?post=9291"},{"taxonomy":"product_cat","embeddable":true,"href":"https:\/\/krainazozolki.co.uk\/en\/wp-json\/wp\/v2\/product_cat?post=9291"},{"taxonomy":"product_tag","embeddable":true,"href":"https:\/\/krainazozolki.co.uk\/en\/wp-json\/wp\/v2\/product_tag?post=9291"}],"curies":[{"name":"wp","href":"https:\/\/api.w.org\/{rel}","templated":true}]}}