{"id":9301,"date":"2026-04-11T23:16:17","date_gmt":"2026-04-11T23:16:17","guid":{"rendered":"https:\/\/krainazozolki.co.uk\/?post_type=product&#038;p=9301"},"modified":"2026-04-11T23:31:49","modified_gmt":"2026-04-11T23:31:49","slug":"kolorowanka-rysowanka-dla-malej-raczki","status":"publish","type":"product","link":"https:\/\/krainazozolki.co.uk\/en\/product\/kolorowanka-rysowanka-dla-malej-raczki\/","title":{"rendered":"Kolorowanka rysowanka dla ma\u0142ej r\u0105czki."},"content":{"rendered":"<h4 class=\"font-claude-response-body break-words whitespace-normal leading-[1.7]\" style=\"text-align: center;\">Kolorowanie zaczyna si\u0119 od pierwszych gryzmo\u0142! Kolorowanka rysowanka dla ma\u0142ej r\u0105czki to wyj\u0105tkowa kolorowanka wydawnictwa Love Books, specjalnie zaprojektowana z my\u015bl\u0105 o najm\u0142odszych dzieciach. Poniewa\u017c rysunki maj\u0105 grube kontury, ma\u0142a r\u0105czka \u0142atwiej trzyma si\u0119 linii i nie wychodzi poza obszar do kolorowania. Dzi\u0119ki temu nawet dwulatek mo\u017ce samodzielnie cieszy\u0107 si\u0119 malowaniem!<\/h4>\n<h4 class=\"font-claude-response-body break-words whitespace-normal leading-[1.7]\" style=\"text-align: center;\">Kolorowanie to nie tylko przyjemna zabawa \u2013 to przede wszystkim wa\u017cny etap w rozwoju dziecka. Poniewa\u017c maluch trzyma kredk\u0119, wype\u0142nia kszta\u0142ty i stara si\u0119 nie przekracza\u0107 linii, w naturalny spos\u00f3b \u0107wiczy ma\u0142\u0105 motoryk\u0119, koordynacj\u0119 wzrokowo-ruchow\u0105 i koncentracj\u0119. Co wi\u0119cej, regularne kolorowanie przygotowuje r\u0105czk\u0119 do p\u00f3\u017aniejszej nauki pisania. Dzi\u0119ki du\u017cemu formatowi A4 dziecko ma du\u017co miejsca do dzia\u0142ania, a kolorowe ilustracje zach\u0119caj\u0105 do kolejnych sesji tw\u00f3rczych!<\/h4>\n","protected":false},"excerpt":{"rendered":"<h4>Pierwsza kolorowanka dla maluszka! Gruba kreska i du\u017ce kontury pomagaj\u0105 ma\u0142ej r\u0105czce nie wychodzi\u0107 za linie. Dziecko mo\u017ce zacz\u0105\u0107 kolorowa\u0107 ju\u017c od 2. roku \u017cycia!<\/h4>","protected":false},"featured_media":9302,"comment_status":"closed","ping_status":"closed","template":"","meta":{"_monsterinsights_skip_tracking":false,"_monsterinsights_sitenote_active":false,"_monsterinsights_sitenote_note":"","_monsterinsights_sitenote_category":0},"product_brand":[176],"product_cat":[79,80,78],"product_tag":[],"class_list":{"0":"post-9301","1":"product","2":"type-product","3":"status-publish","4":"has-post-thumbnail","6":"product_brand-lovebooks","7":"product_cat-0-3-lata","8":"product_cat-4-5-lat","9":"product_cat-artykuly-plastyczne","10":"product_shipping_class-mala-paczka-inpost-royalmail","11":"pa_producent-lovebooks","12":"pa_wiek-123","13":"pa_wiek-94","14":"pa_wiek-122","16":"first","17":"instock","18":"taxable","19":"shipping-taxable","20":"purchasable","21":"product-type-simple"},"aioseo_notices":[],"_links":{"self":[{"href":"https:\/\/krainazozolki.co.uk\/en\/wp-json\/wp\/v2\/product\/9301","targetHints":{"allow":["GET"]}}],"collection":[{"href":"https:\/\/krainazozolki.co.uk\/en\/wp-json\/wp\/v2\/product"}],"about":[{"href":"https:\/\/krainazozolki.co.uk\/en\/wp-json\/wp\/v2\/types\/product"}],"replies":[{"embeddable":true,"href":"https:\/\/krainazozolki.co.uk\/en\/wp-json\/wp\/v2\/comments?post=9301"}],"version-history":[{"count":1,"href":"https:\/\/krainazozolki.co.uk\/en\/wp-json\/wp\/v2\/product\/9301\/revisions"}],"predecessor-version":[{"id":9303,"href":"https:\/\/krainazozolki.co.uk\/en\/wp-json\/wp\/v2\/product\/9301\/revisions\/9303"}],"wp:featuredmedia":[{"embeddable":true,"href":"https:\/\/krainazozolki.co.uk\/en\/wp-json\/wp\/v2\/media\/9302"}],"wp:attachment":[{"href":"https:\/\/krainazozolki.co.uk\/en\/wp-json\/wp\/v2\/media?parent=9301"}],"wp:term":[{"taxonomy":"product_brand","embeddable":true,"href":"https:\/\/krainazozolki.co.uk\/en\/wp-json\/wp\/v2\/product_brand?post=9301"},{"taxonomy":"product_cat","embeddable":true,"href":"https:\/\/krainazozolki.co.uk\/en\/wp-json\/wp\/v2\/product_cat?post=9301"},{"taxonomy":"product_tag","embeddable":true,"href":"https:\/\/krainazozolki.co.uk\/en\/wp-json\/wp\/v2\/product_tag?post=9301"}],"curies":[{"name":"wp","href":"https:\/\/api.w.org\/{rel}","templated":true}]}}