{"id":9313,"date":"2026-04-12T20:21:39","date_gmt":"2026-04-12T20:21:39","guid":{"rendered":"https:\/\/krainazozolki.co.uk\/?post_type=product&#038;p=9313"},"modified":"2026-04-12T20:52:14","modified_gmt":"2026-04-12T20:52:14","slug":"lamiglowki-bystrzakow-fenix","status":"publish","type":"product","link":"https:\/\/krainazozolki.co.uk\/en\/product\/lamiglowki-bystrzakow-fenix\/","title":{"rendered":"\u0141amig\u0142\u00f3wki bystrzak\u00f3w &#8211; Fenix"},"content":{"rendered":"<h4 class=\"font-claude-response-body break-words whitespace-normal leading-[1.7]\" style=\"text-align: center;\">Pom\u00f3\u017c dziecku odkry\u0107 w sobie bystrzaka! \u0141amig\u0142\u00f3wki bystrzak\u00f3w to kolorowa ksi\u0105\u017ceczka wydawnictwa Fenix, w kt\u00f3rej znajd\u0105 si\u0119 zadania idealne dla najm\u0142odszych pociech. Labirynty, wyszukiwanie r\u00f3\u017cnic, \u0142\u0105czenie element\u00f3w w pary i wiele innych wci\u0105gaj\u0105cych zagadek czekaj\u0105 na ka\u017cdego ma\u0142ego odkrywc\u0119.<\/h4>\n<h4 class=\"font-claude-response-body break-words whitespace-normal leading-[1.7]\" style=\"text-align: center;\">Rozwi\u0105zywanie \u0142amig\u0142\u00f3wek to nie tylko \u015bwietna rozrywka \u2013 to przede wszystkim doskona\u0142y trening dla rozwijaj\u0105cego si\u0119 umys\u0142u. Poniewa\u017c ka\u017cde zadanie wymaga skupienia i analizowania, dziecko w naturalny spos\u00f3b \u0107wiczy spostrzegawczo\u015b\u0107, koncentracj\u0119 i zdolno\u015bci manualne. Co wi\u0119cej, kolorowe ilustracje zach\u0119caj\u0105 do zabawy i sprawiaj\u0105, \u017ce czas z ksi\u0105\u017ceczk\u0105 mija bardzo szybko. Ponadto r\u00f3\u017cnorodno\u015b\u0107 zada\u0144 sprawia, \u017ce dziecko ch\u0119tnie si\u0119ga po kolejne strony.<br \/>\nDzi\u0119ki temu nauka przez zabaw\u0119 staje si\u0119 prawdziw\u0105 przyjemno\u015bci\u0105!<\/h4>\n","protected":false},"excerpt":{"rendered":"<h4>\u0141amig\u0142\u00f3wki to \u015bwietny spos\u00f3b na nud\u0119! \u0141amig\u0142\u00f3wki bystrzak\u00f3w to kolorowa ksi\u0105\u017ceczka z labiryntami, wyszukiwaniem r\u00f3\u017cnic, \u0142\u0105czeniem element\u00f3w w pary i wieloma innymi zadaniami dla dzieci. Doskona\u0142a zabawa i trening spostrzegawczo\u015bci!<\/h4>","protected":false},"featured_media":9316,"comment_status":"closed","ping_status":"closed","template":"","meta":{"_monsterinsights_skip_tracking":false,"_monsterinsights_sitenote_active":false,"_monsterinsights_sitenote_note":"","_monsterinsights_sitenote_category":0},"product_brand":[183],"product_cat":[79,80,78,76],"product_tag":[],"class_list":{"0":"post-9313","1":"product","2":"type-product","3":"status-publish","4":"has-post-thumbnail","6":"product_brand-p-h-w-fenix","7":"product_cat-0-3-lata","8":"product_cat-4-5-lat","9":"product_cat-artykuly-plastyczne","10":"product_cat-ksiazki","11":"product_shipping_class-mala-paczka-inpost-royalmail","12":"pa_producent-p-h-w-fenix","13":"pa_wiek-94","14":"pa_wiek-122","15":"pa_wiek-120","17":"first","18":"instock","19":"taxable","20":"shipping-taxable","21":"purchasable","22":"product-type-simple"},"aioseo_notices":[],"_links":{"self":[{"href":"https:\/\/krainazozolki.co.uk\/en\/wp-json\/wp\/v2\/product\/9313","targetHints":{"allow":["GET"]}}],"collection":[{"href":"https:\/\/krainazozolki.co.uk\/en\/wp-json\/wp\/v2\/product"}],"about":[{"href":"https:\/\/krainazozolki.co.uk\/en\/wp-json\/wp\/v2\/types\/product"}],"replies":[{"embeddable":true,"href":"https:\/\/krainazozolki.co.uk\/en\/wp-json\/wp\/v2\/comments?post=9313"}],"version-history":[{"count":1,"href":"https:\/\/krainazozolki.co.uk\/en\/wp-json\/wp\/v2\/product\/9313\/revisions"}],"predecessor-version":[{"id":9314,"href":"https:\/\/krainazozolki.co.uk\/en\/wp-json\/wp\/v2\/product\/9313\/revisions\/9314"}],"wp:featuredmedia":[{"embeddable":true,"href":"https:\/\/krainazozolki.co.uk\/en\/wp-json\/wp\/v2\/media\/9316"}],"wp:attachment":[{"href":"https:\/\/krainazozolki.co.uk\/en\/wp-json\/wp\/v2\/media?parent=9313"}],"wp:term":[{"taxonomy":"product_brand","embeddable":true,"href":"https:\/\/krainazozolki.co.uk\/en\/wp-json\/wp\/v2\/product_brand?post=9313"},{"taxonomy":"product_cat","embeddable":true,"href":"https:\/\/krainazozolki.co.uk\/en\/wp-json\/wp\/v2\/product_cat?post=9313"},{"taxonomy":"product_tag","embeddable":true,"href":"https:\/\/krainazozolki.co.uk\/en\/wp-json\/wp\/v2\/product_tag?post=9313"}],"curies":[{"name":"wp","href":"https:\/\/api.w.org\/{rel}","templated":true}]}}