{"id":9327,"date":"2026-04-12T21:09:30","date_gmt":"2026-04-12T21:09:30","guid":{"rendered":"https:\/\/krainazozolki.co.uk\/?post_type=product&#038;p=9327"},"modified":"2026-04-12T21:09:30","modified_gmt":"2026-04-12T21:09:30","slug":"lamiglowki-pilkarskie-fenix","status":"publish","type":"product","link":"https:\/\/krainazozolki.co.uk\/en\/product\/lamiglowki-pilkarskie-fenix\/","title":{"rendered":"\u0141amig\u0142\u00f3wki pi\u0142karskie &#8211; Fenix"},"content":{"rendered":"<h4 class=\"font-claude-response-body break-words whitespace-normal leading-[1.7]\" style=\"text-align: center;\">Gol dla inteligencji! \u0141amig\u0142\u00f3wki pi\u0142karskie to kolorowa ksi\u0105\u017ceczka wydawnictwa Fenix, kt\u00f3ra \u0142\u0105czy pasj\u0119 do futbolu z wci\u0105gaj\u0105cymi zadaniami dla ma\u0142ego umys\u0142u. Poniewa\u017c wszystkie zagadki osadzone s\u0105 w pi\u0142karskim \u015bwiecie, dziecko ch\u0119tnie anga\u017cuje si\u0119 w kolejne \u0107wiczenia i zapomina, \u017ce przy okazji&#8230; intensywnie my\u015bli!<\/h4>\n<h4 class=\"font-claude-response-body break-words whitespace-normal leading-[1.7]\" style=\"text-align: center;\">W \u015brodku czekaj\u0105 labirynty na boisku, dopasowywanie cieni zawodnik\u00f3w, wyszukiwanie r\u00f3\u017cnic i wiele innych zada\u0144. Dzi\u0119ki temu ka\u017cda strona to nowe wyzwanie rozwijaj\u0105ce spostrzegawczo\u015b\u0107, koncentracj\u0119 i logiczne my\u015blenie. Co wi\u0119cej, kolorowe ilustracje w pi\u0142karskim klimacie rozbudzaj\u0105 wyobra\u017ani\u0119 i mog\u0105 zainspirowa\u0107 dziecko do aktywno\u015bci sportowej. Ponadto do\u0142\u0105czone 50 kolorowych naklejek dodatkowo uatrakcyjniaj\u0105 zabaw\u0119 i motywuj\u0105 do kolejnych zada\u0144.<\/h4>\n","protected":false},"excerpt":{"rendered":"<h4>Dla ma\u0142ych fan\u00f3w futbolu! Pi\u0142karskie \u0142amig\u0142\u00f3wki to ksi\u0105\u017ceczka wydawnictwa Fenix z labiryntami, dopasowywaniem cieni i wyszukiwaniem r\u00f3\u017cnic \u2013 wszystko w pi\u0142karskiej oprawie. Doskona\u0142y trening dla umys\u0142u i rozrywka dla ka\u017cdego kibica!<\/h4>","protected":false},"featured_media":9328,"comment_status":"closed","ping_status":"closed","template":"","meta":{"_monsterinsights_skip_tracking":false,"_monsterinsights_sitenote_active":false,"_monsterinsights_sitenote_note":"","_monsterinsights_sitenote_category":0},"product_brand":[183],"product_cat":[80,81,78],"product_tag":[],"class_list":{"0":"post-9327","1":"product","2":"type-product","3":"status-publish","4":"has-post-thumbnail","6":"product_brand-p-h-w-fenix","7":"product_cat-4-5-lat","8":"product_cat-6-7-lat","9":"product_cat-artykuly-plastyczne","10":"product_shipping_class-mala-paczka-inpost-royalmail","11":"pa_producent-p-h-w-fenix","12":"pa_wiek-122","13":"pa_wiek-120","14":"pa_wiek-125","16":"first","17":"instock","18":"taxable","19":"shipping-taxable","20":"purchasable","21":"product-type-simple"},"aioseo_notices":[],"_links":{"self":[{"href":"https:\/\/krainazozolki.co.uk\/en\/wp-json\/wp\/v2\/product\/9327","targetHints":{"allow":["GET"]}}],"collection":[{"href":"https:\/\/krainazozolki.co.uk\/en\/wp-json\/wp\/v2\/product"}],"about":[{"href":"https:\/\/krainazozolki.co.uk\/en\/wp-json\/wp\/v2\/types\/product"}],"replies":[{"embeddable":true,"href":"https:\/\/krainazozolki.co.uk\/en\/wp-json\/wp\/v2\/comments?post=9327"}],"version-history":[{"count":2,"href":"https:\/\/krainazozolki.co.uk\/en\/wp-json\/wp\/v2\/product\/9327\/revisions"}],"predecessor-version":[{"id":9332,"href":"https:\/\/krainazozolki.co.uk\/en\/wp-json\/wp\/v2\/product\/9327\/revisions\/9332"}],"wp:featuredmedia":[{"embeddable":true,"href":"https:\/\/krainazozolki.co.uk\/en\/wp-json\/wp\/v2\/media\/9328"}],"wp:attachment":[{"href":"https:\/\/krainazozolki.co.uk\/en\/wp-json\/wp\/v2\/media?parent=9327"}],"wp:term":[{"taxonomy":"product_brand","embeddable":true,"href":"https:\/\/krainazozolki.co.uk\/en\/wp-json\/wp\/v2\/product_brand?post=9327"},{"taxonomy":"product_cat","embeddable":true,"href":"https:\/\/krainazozolki.co.uk\/en\/wp-json\/wp\/v2\/product_cat?post=9327"},{"taxonomy":"product_tag","embeddable":true,"href":"https:\/\/krainazozolki.co.uk\/en\/wp-json\/wp\/v2\/product_tag?post=9327"}],"curies":[{"name":"wp","href":"https:\/\/api.w.org\/{rel}","templated":true}]}}