{"id":9391,"date":"2026-04-15T20:12:32","date_gmt":"2026-04-15T20:12:32","guid":{"rendered":"https:\/\/krainazozolki.co.uk\/?post_type=product&#038;p=9391"},"modified":"2026-04-15T20:12:32","modified_gmt":"2026-04-15T20:12:32","slug":"zwierzaki-tajniaki-na-tropie-dodawania","status":"publish","type":"product","link":"https:\/\/krainazozolki.co.uk\/en\/product\/zwierzaki-tajniaki-na-tropie-dodawania\/","title":{"rendered":"Zwierzaki tajniaki. Na tropie dodawania."},"content":{"rendered":"<h4 class=\"font-claude-response-body break-words whitespace-normal leading-[1.7]\" style=\"text-align: center;\">Zosta\u0144 ma\u0142ym detektywem i rozwi\u0105\u017c zagadk\u0119! Zwierzaki tajniaki. Na tropie dodawania to intryguj\u0105ca ksi\u0105\u017ceczka wydawnictwa Martel, kt\u00f3ra \u0142\u0105czy matematyk\u0119 z detektywistyczn\u0105 przygod\u0105. Poniewa\u017c ka\u017cde zadanie tekstowe z dodawania prowadzi dziecko krok po kroku do wyja\u015bnienia kolejnej zagadki, nauka rachowania staje si\u0119 anga\u017cuj\u0105c\u0105 histori\u0105, a nie suchym \u0107wiczeniem.<\/h4>\n<h4 class=\"font-claude-response-body break-words whitespace-normal leading-[1.7]\" style=\"text-align: center;\">Dzi\u0119ki atrakcyjnemu sposobowi prezentacji zada\u0144 dziecko ch\u0119tnie wraca do kolejnych stron i samodzielnie sprawdza swoje wyniki. Ponadto do\u0142\u0105czone naklejki pomagaj\u0105 upewni\u0107 si\u0119 w prawid\u0142owym liczeniu i stanowi\u0105 dodatkow\u0105 motywacj\u0119 do pracy. Co wi\u0119cej, zadania tekstowe rozwijaj\u0105 nie tylko umiej\u0119tno\u015bci matematyczne, ale te\u017c my\u015blenie logiczne i czytanie ze zrozumieniem. Dzi\u0119ki temu ksi\u0105\u017ceczka to doskona\u0142e uzupe\u0142nienie nauki szkolnej!<\/h4>\n","protected":false},"excerpt":{"rendered":"<h4>Matematyka w detektywistycznym stylu! Zwierzaki tajniaki. Na tropie dodawania to ksi\u0105\u017ceczka z naklejkami, w kt\u00f3rej zadania tekstowe z dodawania krok po kroku prowadz\u0105 do rozwi\u0105zania zagadek. Nauka przez zabaw\u0119 dla dzieci w wieku 6-8 lat !<\/h4>","protected":false},"featured_media":9379,"comment_status":"closed","ping_status":"closed","template":"","meta":{"_monsterinsights_skip_tracking":false,"_monsterinsights_sitenote_active":false,"_monsterinsights_sitenote_note":"","_monsterinsights_sitenote_category":0},"product_brand":[184],"product_cat":[81,82,76],"product_tag":[],"class_list":{"0":"post-9391","1":"product","2":"type-product","3":"status-publish","4":"has-post-thumbnail","6":"product_brand-martel","7":"product_cat-6-7-lat","8":"product_cat-8-9-lat","9":"product_cat-ksiazki","10":"product_shipping_class-mala-paczka-inpost-royalmail","11":"pa_producent-martel","12":"pa_wiek-125","13":"pa_wiek-126","14":"pa_wiek-119","16":"first","17":"instock","18":"taxable","19":"shipping-taxable","20":"purchasable","21":"product-type-simple"},"aioseo_notices":[],"_links":{"self":[{"href":"https:\/\/krainazozolki.co.uk\/en\/wp-json\/wp\/v2\/product\/9391","targetHints":{"allow":["GET"]}}],"collection":[{"href":"https:\/\/krainazozolki.co.uk\/en\/wp-json\/wp\/v2\/product"}],"about":[{"href":"https:\/\/krainazozolki.co.uk\/en\/wp-json\/wp\/v2\/types\/product"}],"replies":[{"embeddable":true,"href":"https:\/\/krainazozolki.co.uk\/en\/wp-json\/wp\/v2\/comments?post=9391"}],"version-history":[{"count":1,"href":"https:\/\/krainazozolki.co.uk\/en\/wp-json\/wp\/v2\/product\/9391\/revisions"}],"predecessor-version":[{"id":9392,"href":"https:\/\/krainazozolki.co.uk\/en\/wp-json\/wp\/v2\/product\/9391\/revisions\/9392"}],"wp:featuredmedia":[{"embeddable":true,"href":"https:\/\/krainazozolki.co.uk\/en\/wp-json\/wp\/v2\/media\/9379"}],"wp:attachment":[{"href":"https:\/\/krainazozolki.co.uk\/en\/wp-json\/wp\/v2\/media?parent=9391"}],"wp:term":[{"taxonomy":"product_brand","embeddable":true,"href":"https:\/\/krainazozolki.co.uk\/en\/wp-json\/wp\/v2\/product_brand?post=9391"},{"taxonomy":"product_cat","embeddable":true,"href":"https:\/\/krainazozolki.co.uk\/en\/wp-json\/wp\/v2\/product_cat?post=9391"},{"taxonomy":"product_tag","embeddable":true,"href":"https:\/\/krainazozolki.co.uk\/en\/wp-json\/wp\/v2\/product_tag?post=9391"}],"curies":[{"name":"wp","href":"https:\/\/api.w.org\/{rel}","templated":true}]}}