{"id":9398,"date":"2026-04-23T20:55:09","date_gmt":"2026-04-23T20:55:09","guid":{"rendered":"https:\/\/krainazozolki.co.uk\/?post_type=product&#038;p=9398"},"modified":"2026-04-23T20:57:06","modified_gmt":"2026-04-23T20:57:06","slug":"kolorowanka-z-naklejkami-super-kumpelki","status":"publish","type":"product","link":"https:\/\/krainazozolki.co.uk\/en\/product\/kolorowanka-z-naklejkami-super-kumpelki\/","title":{"rendered":"Kolorowanka z naklejkami. Super Kumpelki."},"content":{"rendered":"<h4 class=\"font-claude-response-body break-words whitespace-normal leading-[1.7]\" style=\"text-align: center;\">Chwy\u0107 za kredki i wejd\u017a do dziewcz\u0119cego \u015bwiata przyja\u017ani! Super Kumpelki to kolorowanka wydawnictwa Martel, w kt\u00f3rej ka\u017cda strona przedstawia urocz\u0105 histori\u0119 o kumpelkach \u2013 wsp\u00f3lnym sp\u0119dzaniu czasu, podobnych stylizacjach i rado\u015bci z przyja\u017ani. Poniewa\u017c ilustracje s\u0105 bliskie dzieci\u0119cemu do\u015bwiadczeniu, maluch ch\u0119tnie si\u0119ga po kredki i koloruje z u\u015bmiechem na twarzy.<\/h4>\n<h4 class=\"font-claude-response-body break-words whitespace-normal leading-[1.7]\" style=\"text-align: center;\">Kolorowanie to nie tylko \u015bwietna zabawa \u2013 to przede wszystkim doskona\u0142y trening dla rozwijaj\u0105cej si\u0119 r\u0105czki. Dzi\u0119ki regularnym sesjom z kolorowank\u0105 dziecko \u0107wiczy motoryk\u0119 ma\u0142\u0105, precyzj\u0119 ruch\u00f3w i koncentracj\u0119. Co wi\u0119cej, do\u0142\u0105czone 50 kolorowych naklejek dodatkowo uatrakcyjniaj\u0105 zabaw\u0119 i nagradzaj\u0105 za ka\u017cd\u0105 uko\u0144czon\u0105 stron\u0119. Ponadto kolorowanie uczy cierpliwo\u015bci i skupienia, a przy tym mo\u017ce by\u0107 \u015bwietnym sposobem na wyciszenie po aktywnym dniu.<\/h4>\n","protected":false},"excerpt":{"rendered":"<h4>Kolorowanka dla ma\u0142ych przyjaci\u00f3\u0142ek! Super Kumpelki to kolorowa ksi\u0105\u017ceczka o przyja\u017ani mi\u0119dzy dziewczynkami \u2013 wsp\u00f3lnych zabawach i podobnym ubieraniu si\u0119. Z 50 naklejkami w zestawie!<\/h4>","protected":false},"featured_media":9399,"comment_status":"closed","ping_status":"closed","template":"","meta":{"_monsterinsights_skip_tracking":false,"_monsterinsights_sitenote_active":false,"_monsterinsights_sitenote_note":"","_monsterinsights_sitenote_category":0},"product_brand":[184],"product_cat":[80,81,82,78],"product_tag":[],"class_list":{"0":"post-9398","1":"product","2":"type-product","3":"status-publish","4":"has-post-thumbnail","6":"product_brand-martel","7":"product_cat-4-5-lat","8":"product_cat-6-7-lat","9":"product_cat-8-9-lat","10":"product_cat-artykuly-plastyczne","11":"product_shipping_class-mala-paczka-inpost-royalmail","12":"pa_producent-martel","13":"pa_wiek-94","14":"pa_wiek-122","15":"pa_wiek-120","16":"pa_wiek-125","17":"pa_wiek-126","19":"first","20":"instock","21":"taxable","22":"shipping-taxable","23":"purchasable","24":"product-type-simple"},"aioseo_notices":[],"_links":{"self":[{"href":"https:\/\/krainazozolki.co.uk\/en\/wp-json\/wp\/v2\/product\/9398","targetHints":{"allow":["GET"]}}],"collection":[{"href":"https:\/\/krainazozolki.co.uk\/en\/wp-json\/wp\/v2\/product"}],"about":[{"href":"https:\/\/krainazozolki.co.uk\/en\/wp-json\/wp\/v2\/types\/product"}],"replies":[{"embeddable":true,"href":"https:\/\/krainazozolki.co.uk\/en\/wp-json\/wp\/v2\/comments?post=9398"}],"version-history":[{"count":1,"href":"https:\/\/krainazozolki.co.uk\/en\/wp-json\/wp\/v2\/product\/9398\/revisions"}],"predecessor-version":[{"id":9401,"href":"https:\/\/krainazozolki.co.uk\/en\/wp-json\/wp\/v2\/product\/9398\/revisions\/9401"}],"wp:featuredmedia":[{"embeddable":true,"href":"https:\/\/krainazozolki.co.uk\/en\/wp-json\/wp\/v2\/media\/9399"}],"wp:attachment":[{"href":"https:\/\/krainazozolki.co.uk\/en\/wp-json\/wp\/v2\/media?parent=9398"}],"wp:term":[{"taxonomy":"product_brand","embeddable":true,"href":"https:\/\/krainazozolki.co.uk\/en\/wp-json\/wp\/v2\/product_brand?post=9398"},{"taxonomy":"product_cat","embeddable":true,"href":"https:\/\/krainazozolki.co.uk\/en\/wp-json\/wp\/v2\/product_cat?post=9398"},{"taxonomy":"product_tag","embeddable":true,"href":"https:\/\/krainazozolki.co.uk\/en\/wp-json\/wp\/v2\/product_tag?post=9398"}],"curies":[{"name":"wp","href":"https:\/\/api.w.org\/{rel}","templated":true}]}}