{"id":9409,"date":"2026-04-23T21:04:37","date_gmt":"2026-04-23T21:04:37","guid":{"rendered":"https:\/\/krainazozolki.co.uk\/?post_type=product&#038;p=9409"},"modified":"2026-04-23T21:04:37","modified_gmt":"2026-04-23T21:04:37","slug":"kolorowanka-z-naklejkami-zabawy-sportowe","status":"publish","type":"product","link":"https:\/\/krainazozolki.co.uk\/en\/product\/kolorowanka-z-naklejkami-zabawy-sportowe\/","title":{"rendered":"Kolorowanka z naklejkami. Zabawy sportowe"},"content":{"rendered":"<h4 class=\"font-claude-response-body break-words whitespace-normal leading-[1.7]\" style=\"text-align: center;\">Chwy\u0107 za kredki i ruszaj do akcji! Zabawy sportowe to kolorowanka wydawnictwa Martel, w kt\u00f3rej ka\u017cda strona przedstawia inny pomys\u0142 na aktywne i zdrowe sp\u0119dzanie czasu. Poniewa\u017c ilustracje pokazuj\u0105 r\u00f3\u017cnorodne sporty i zabawy ruchowe, dziecko ch\u0119tnie si\u0119ga po kredki i koloruje z energi\u0105 i entuzjazmem.<\/h4>\n<h4 class=\"font-claude-response-body break-words whitespace-normal leading-[1.7]\" style=\"text-align: center;\">Kolorowanie to nie tylko \u015bwietna zabawa \u2013 to przede wszystkim doskona\u0142y trening dla rozwijaj\u0105cej si\u0119 r\u0105czki. Dzi\u0119ki regularnym sesjom z kolorowank\u0105 dziecko \u0107wiczy motoryk\u0119 ma\u0142\u0105, precyzj\u0119 ruch\u00f3w i koncentracj\u0119. Co wi\u0119cej, do\u0142\u0105czone 50 kolorowych naklejek dodatkowo uatrakcyjniaj\u0105 zabaw\u0119 i nagradzaj\u0105 za ka\u017cd\u0105 uko\u0144czon\u0105 stron\u0119. Ponadto kolorowanie sportowych ilustracji mo\u017ce zainspirowa\u0107 dziecko do aktywno\u015bci fizycznej i zach\u0119ci\u0107 je do zabawy na \u015bwie\u017cym powietrzu!<\/h4>\n","protected":false},"excerpt":{"rendered":"<h4>Ruch to zdrowie \u2013 nawet przy kolorowaniu! Zabawy sportowe to kolorowanka z 50 naklejkami pe\u0142na pomys\u0142\u00f3w na aktywne sp\u0119dzanie czasu. Idealna dla ma\u0142ych sportowc\u00f3w!<\/h4>","protected":false},"featured_media":9410,"comment_status":"closed","ping_status":"closed","template":"","meta":{"_monsterinsights_skip_tracking":false,"_monsterinsights_sitenote_active":false,"_monsterinsights_sitenote_note":"","_monsterinsights_sitenote_category":0},"product_brand":[184],"product_cat":[80,81,78],"product_tag":[],"class_list":{"0":"post-9409","1":"product","2":"type-product","3":"status-publish","4":"has-post-thumbnail","6":"product_brand-martel","7":"product_cat-4-5-lat","8":"product_cat-6-7-lat","9":"product_cat-artykuly-plastyczne","10":"product_shipping_class-mala-paczka-inpost-royalmail","11":"pa_producent-martel","12":"pa_wiek-94","13":"pa_wiek-122","14":"pa_wiek-120","15":"pa_wiek-125","17":"first","18":"instock","19":"taxable","20":"shipping-taxable","21":"purchasable","22":"product-type-simple"},"aioseo_notices":[],"_links":{"self":[{"href":"https:\/\/krainazozolki.co.uk\/en\/wp-json\/wp\/v2\/product\/9409","targetHints":{"allow":["GET"]}}],"collection":[{"href":"https:\/\/krainazozolki.co.uk\/en\/wp-json\/wp\/v2\/product"}],"about":[{"href":"https:\/\/krainazozolki.co.uk\/en\/wp-json\/wp\/v2\/types\/product"}],"replies":[{"embeddable":true,"href":"https:\/\/krainazozolki.co.uk\/en\/wp-json\/wp\/v2\/comments?post=9409"}],"version-history":[{"count":1,"href":"https:\/\/krainazozolki.co.uk\/en\/wp-json\/wp\/v2\/product\/9409\/revisions"}],"predecessor-version":[{"id":9413,"href":"https:\/\/krainazozolki.co.uk\/en\/wp-json\/wp\/v2\/product\/9409\/revisions\/9413"}],"wp:featuredmedia":[{"embeddable":true,"href":"https:\/\/krainazozolki.co.uk\/en\/wp-json\/wp\/v2\/media\/9410"}],"wp:attachment":[{"href":"https:\/\/krainazozolki.co.uk\/en\/wp-json\/wp\/v2\/media?parent=9409"}],"wp:term":[{"taxonomy":"product_brand","embeddable":true,"href":"https:\/\/krainazozolki.co.uk\/en\/wp-json\/wp\/v2\/product_brand?post=9409"},{"taxonomy":"product_cat","embeddable":true,"href":"https:\/\/krainazozolki.co.uk\/en\/wp-json\/wp\/v2\/product_cat?post=9409"},{"taxonomy":"product_tag","embeddable":true,"href":"https:\/\/krainazozolki.co.uk\/en\/wp-json\/wp\/v2\/product_tag?post=9409"}],"curies":[{"name":"wp","href":"https:\/\/api.w.org\/{rel}","templated":true}]}}