{"id":9424,"date":"2026-04-23T21:18:45","date_gmt":"2026-04-23T21:18:45","guid":{"rendered":"https:\/\/krainazozolki.co.uk\/?post_type=product&#038;p=9424"},"modified":"2026-04-23T21:18:45","modified_gmt":"2026-04-23T21:18:45","slug":"kolorowanka-z-naklejkami-z-brokatem-slodkie-misie","status":"publish","type":"product","link":"https:\/\/krainazozolki.co.uk\/en\/product\/kolorowanka-z-naklejkami-z-brokatem-slodkie-misie\/","title":{"rendered":"Kolorowanka z naklejkami z brokatem. S\u0142odkie misie."},"content":{"rendered":"<h4 class=\"font-claude-response-body break-words whitespace-normal leading-[1.7]\" style=\"text-align: center;\">Chwy\u0107 za kredki i poznaj s\u0142odk\u0105 misiow\u0105 gromadk\u0119! S\u0142odkie misie to kolorowanka wydawnictwa Martel, w kt\u00f3rej ka\u017cda strona prezentuje przesympatycznych, puchatych bohater\u00f3w gotowych na kolorow\u0105 przygod\u0119. Poniewa\u017c ilustracje s\u0105 pe\u0142ne uroku i ciep\u0142a, dziecko ch\u0119tnie si\u0119ga po kredki i koloruje z wielk\u0105 rado\u015bci\u0105.<\/h4>\n<h4 class=\"font-claude-response-body break-words whitespace-normal leading-[1.7]\" style=\"text-align: center;\">Kolorowanie to nie tylko \u015bwietna zabawa \u2013 to przede wszystkim doskona\u0142y trening dla rozwijaj\u0105cej si\u0119 r\u0105czki. Dzi\u0119ki regularnym sesjom z kolorowank\u0105 dziecko \u0107wiczy motoryk\u0119 ma\u0142\u0105, precyzj\u0119 ruch\u00f3w i koncentracj\u0119. Co wi\u0119cej, do\u0142\u0105czone 50 naklejek z brokatem nadaj\u0105 gotowym pracom wyj\u0105tkowego blasku i sprawiaj\u0105, \u017ce ka\u017cda uko\u0144czona strona wygl\u0105da naprawd\u0119 wyj\u0105tkowo! Ponadto kolorowanie s\u0142odkich postaci pobudza wyobra\u017ani\u0119 i zach\u0119ca do tw\u00f3rczego my\u015blenia.<\/h4>\n","protected":false},"excerpt":{"rendered":"<h4>Przesympatyczne, puchate misie czekaj\u0105 na kolory! S\u0142odkie misie to kolorowanka z 50 naklejkami z brokatem pe\u0142na uroczych nied\u017awiadkowych bohater\u00f3w. S\u0142odka zabawa dla ma\u0142ych artyst\u00f3w!<\/h4>","protected":false},"featured_media":9425,"comment_status":"closed","ping_status":"closed","template":"","meta":{"_monsterinsights_skip_tracking":false,"_monsterinsights_sitenote_active":false,"_monsterinsights_sitenote_note":"","_monsterinsights_sitenote_category":0},"product_brand":[184],"product_cat":[80,81,78],"product_tag":[],"class_list":{"0":"post-9424","1":"product","2":"type-product","3":"status-publish","4":"has-post-thumbnail","6":"product_brand-martel","7":"product_cat-4-5-lat","8":"product_cat-6-7-lat","9":"product_cat-artykuly-plastyczne","10":"product_shipping_class-mala-paczka-inpost-royalmail","11":"pa_producent-martel","12":"pa_wiek-94","13":"pa_wiek-122","14":"pa_wiek-120","15":"pa_wiek-125","17":"first","18":"instock","19":"taxable","20":"shipping-taxable","21":"purchasable","22":"product-type-simple"},"aioseo_notices":[],"_links":{"self":[{"href":"https:\/\/krainazozolki.co.uk\/en\/wp-json\/wp\/v2\/product\/9424","targetHints":{"allow":["GET"]}}],"collection":[{"href":"https:\/\/krainazozolki.co.uk\/en\/wp-json\/wp\/v2\/product"}],"about":[{"href":"https:\/\/krainazozolki.co.uk\/en\/wp-json\/wp\/v2\/types\/product"}],"replies":[{"embeddable":true,"href":"https:\/\/krainazozolki.co.uk\/en\/wp-json\/wp\/v2\/comments?post=9424"}],"version-history":[{"count":1,"href":"https:\/\/krainazozolki.co.uk\/en\/wp-json\/wp\/v2\/product\/9424\/revisions"}],"predecessor-version":[{"id":9427,"href":"https:\/\/krainazozolki.co.uk\/en\/wp-json\/wp\/v2\/product\/9424\/revisions\/9427"}],"wp:featuredmedia":[{"embeddable":true,"href":"https:\/\/krainazozolki.co.uk\/en\/wp-json\/wp\/v2\/media\/9425"}],"wp:attachment":[{"href":"https:\/\/krainazozolki.co.uk\/en\/wp-json\/wp\/v2\/media?parent=9424"}],"wp:term":[{"taxonomy":"product_brand","embeddable":true,"href":"https:\/\/krainazozolki.co.uk\/en\/wp-json\/wp\/v2\/product_brand?post=9424"},{"taxonomy":"product_cat","embeddable":true,"href":"https:\/\/krainazozolki.co.uk\/en\/wp-json\/wp\/v2\/product_cat?post=9424"},{"taxonomy":"product_tag","embeddable":true,"href":"https:\/\/krainazozolki.co.uk\/en\/wp-json\/wp\/v2\/product_tag?post=9424"}],"curies":[{"name":"wp","href":"https:\/\/api.w.org\/{rel}","templated":true}]}}