{"id":9428,"date":"2026-04-23T21:22:28","date_gmt":"2026-04-23T21:22:28","guid":{"rendered":"https:\/\/krainazozolki.co.uk\/?post_type=product&#038;p=9428"},"modified":"2026-04-23T21:22:28","modified_gmt":"2026-04-23T21:22:28","slug":"kolorowanka-z-naklejkami-zdrowe-warzywa","status":"publish","type":"product","link":"https:\/\/krainazozolki.co.uk\/en\/product\/kolorowanka-z-naklejkami-zdrowe-warzywa\/","title":{"rendered":"Kolorowanka z naklejkami. Zdrowe warzywa."},"content":{"rendered":"<h4 class=\"font-claude-response-body break-words whitespace-normal leading-[1.7]\" style=\"text-align: center;\">Chwy\u0107 za kredki i poznaj weso\u0142\u0105 warzywn\u0105 gromadk\u0119! Zdrowe warzywa to kolorowanka wydawnictwa Martel, w kt\u00f3rej ka\u017cda strona prezentuje sympatycznych warzywnych bohater\u00f3w w r\u00f3\u017cnych codziennych sytuacjach. Poniewa\u017c ilustracje w zabawny spos\u00f3b pokazuj\u0105 warzywa w akcji, dziecko przy okazji kolorowania oswaja si\u0119 z ide\u0105 zdrowego od\u017cywiania.<\/h4>\n<h4 class=\"font-claude-response-body break-words whitespace-normal leading-[1.7]\" style=\"text-align: center;\">Kolorowanie to nie tylko \u015bwietna zabawa \u2013 to przede wszystkim doskona\u0142y trening dla rozwijaj\u0105cej si\u0119 r\u0105czki. Dzi\u0119ki regularnym sesjom z kolorowank\u0105 dziecko \u0107wiczy motoryk\u0119 ma\u0142\u0105, precyzj\u0119 ruch\u00f3w i koncentracj\u0119. Co wi\u0119cej, do\u0142\u0105czone 50 kolorowych naklejek dodatkowo uatrakcyjniaj\u0105 zabaw\u0119 i nagradzaj\u0105 za ka\u017cd\u0105 uko\u0144czon\u0105 stron\u0119. Ponadto kolorowanka w naturalny spos\u00f3b propaguje zdrowe od\u017cywianie u dzieci \u2013 a to bezcenne!<\/h4>\n","protected":false},"excerpt":{"rendered":"<h4>Koloruj i jedz zdrowo! Zdrowe warzywa to kolorowanka z 50 naklejkami pe\u0142na sympatycznych warzywnych bohater\u00f3w w codziennych aktywno\u015bciach. Nauka zdrowego od\u017cywiania przez zabaw\u0119!<\/h4>","protected":false},"featured_media":9429,"comment_status":"closed","ping_status":"closed","template":"","meta":{"_monsterinsights_skip_tracking":false,"_monsterinsights_sitenote_active":false,"_monsterinsights_sitenote_note":"","_monsterinsights_sitenote_category":0},"product_brand":[184],"product_cat":[80,81,78],"product_tag":[],"class_list":{"0":"post-9428","1":"product","2":"type-product","3":"status-publish","4":"has-post-thumbnail","6":"product_brand-martel","7":"product_cat-4-5-lat","8":"product_cat-6-7-lat","9":"product_cat-artykuly-plastyczne","10":"product_shipping_class-mala-paczka-inpost-royalmail","11":"pa_producent-martel","12":"pa_wiek-94","13":"pa_wiek-122","14":"pa_wiek-120","15":"pa_wiek-125","17":"first","18":"outofstock","19":"taxable","20":"shipping-taxable","21":"purchasable","22":"product-type-simple"},"aioseo_notices":[],"_links":{"self":[{"href":"https:\/\/krainazozolki.co.uk\/en\/wp-json\/wp\/v2\/product\/9428","targetHints":{"allow":["GET"]}}],"collection":[{"href":"https:\/\/krainazozolki.co.uk\/en\/wp-json\/wp\/v2\/product"}],"about":[{"href":"https:\/\/krainazozolki.co.uk\/en\/wp-json\/wp\/v2\/types\/product"}],"replies":[{"embeddable":true,"href":"https:\/\/krainazozolki.co.uk\/en\/wp-json\/wp\/v2\/comments?post=9428"}],"version-history":[{"count":1,"href":"https:\/\/krainazozolki.co.uk\/en\/wp-json\/wp\/v2\/product\/9428\/revisions"}],"predecessor-version":[{"id":9431,"href":"https:\/\/krainazozolki.co.uk\/en\/wp-json\/wp\/v2\/product\/9428\/revisions\/9431"}],"wp:featuredmedia":[{"embeddable":true,"href":"https:\/\/krainazozolki.co.uk\/en\/wp-json\/wp\/v2\/media\/9429"}],"wp:attachment":[{"href":"https:\/\/krainazozolki.co.uk\/en\/wp-json\/wp\/v2\/media?parent=9428"}],"wp:term":[{"taxonomy":"product_brand","embeddable":true,"href":"https:\/\/krainazozolki.co.uk\/en\/wp-json\/wp\/v2\/product_brand?post=9428"},{"taxonomy":"product_cat","embeddable":true,"href":"https:\/\/krainazozolki.co.uk\/en\/wp-json\/wp\/v2\/product_cat?post=9428"},{"taxonomy":"product_tag","embeddable":true,"href":"https:\/\/krainazozolki.co.uk\/en\/wp-json\/wp\/v2\/product_tag?post=9428"}],"curies":[{"name":"wp","href":"https:\/\/api.w.org\/{rel}","templated":true}]}}