{"id":9464,"date":"2026-04-26T16:25:58","date_gmt":"2026-04-26T16:25:58","guid":{"rendered":"https:\/\/krainazozolki.co.uk\/?post_type=product&#038;p=9464"},"modified":"2026-04-26T16:25:58","modified_gmt":"2026-04-26T16:25:58","slug":"kolorowanka-z-naklejkami-dzikie-zwierzeta","status":"publish","type":"product","link":"https:\/\/krainazozolki.co.uk\/en\/product\/kolorowanka-z-naklejkami-dzikie-zwierzeta\/","title":{"rendered":"Kolorowanka z naklejkami. Dzikie zwierz\u0119ta."},"content":{"rendered":"<h4 class=\"font-claude-response-body break-words whitespace-normal leading-[1.7]\" style=\"text-align: center;\">Chwy\u0107 za kredki i wyrusz na kolorowe safari! Dzikie zwierz\u0119ta to kolorowanka wydawnictwa Martel, w kt\u00f3rej ka\u017cda strona prezentuje fascynuj\u0105cych mieszka\u0144c\u00f3w dzikich ost\u0119p\u00f3w \u2013 od lw\u00f3w i tygrys\u00f3w po s\u0142onie i \u017cyrafy. Poniewa\u017c ilustracje pokazuj\u0105 zwierz\u0119ta w ich naturalnym \u015brodowisku, dziecko przy okazji kolorowania poznaje egzotyczny \u015bwiat przyrody.<\/h4>\n<h4 class=\"font-claude-response-body break-words whitespace-normal leading-[1.7]\" style=\"text-align: center;\">Kolorowanie to nie tylko \u015bwietna zabawa \u2013 to przede wszystkim doskona\u0142y trening dla rozwijaj\u0105cej si\u0119 r\u0105czki. Dzi\u0119ki regularnym sesjom z kolorowank\u0105 dziecko \u0107wiczy motoryk\u0119 ma\u0142\u0105, precyzj\u0119 ruch\u00f3w i koncentracj\u0119. Co wi\u0119cej, do\u0142\u0105czone 50 naklejek dodatkowo uatrakcyjniaj\u0105 zabaw\u0119 i nagradzaj\u0105 za ka\u017cd\u0105 uko\u0144czon\u0105 stron\u0119. Ponadto kolorowanka rozbudza ciekawo\u015b\u0107 przyrodnicz\u0105 i mo\u017ce by\u0107 doskona\u0142ym pretekstem do rozmowy o dzikich zwierz\u0119tach i ich ochronie.<\/h4>\n","protected":false},"excerpt":{"rendered":"<h4>Ruszaj na safari do kredkami! Dzikie zwierz\u0119ta to kolorowanka z 50 naklejkami pe\u0142na lw\u00f3w, tygrys\u00f3w, s\u0142oni i wielu innych fascynuj\u0105cych zwierz\u0105t. Kolorowa przygoda i lekcja przyrody w jednym!<\/h4>","protected":false},"featured_media":9465,"comment_status":"closed","ping_status":"closed","template":"","meta":{"_monsterinsights_skip_tracking":false,"_monsterinsights_sitenote_active":false,"_monsterinsights_sitenote_note":"","_monsterinsights_sitenote_category":0},"product_brand":[184],"product_cat":[80,81,78],"product_tag":[],"class_list":{"0":"post-9464","1":"product","2":"type-product","3":"status-publish","4":"has-post-thumbnail","6":"product_brand-martel","7":"product_cat-4-5-lat","8":"product_cat-6-7-lat","9":"product_cat-artykuly-plastyczne","10":"product_shipping_class-mala-paczka-inpost-royalmail","11":"pa_producent-martel","12":"pa_wiek-94","13":"pa_wiek-122","14":"pa_wiek-120","15":"pa_wiek-125","17":"first","18":"instock","19":"taxable","20":"shipping-taxable","21":"purchasable","22":"product-type-simple"},"aioseo_notices":[],"_links":{"self":[{"href":"https:\/\/krainazozolki.co.uk\/en\/wp-json\/wp\/v2\/product\/9464","targetHints":{"allow":["GET"]}}],"collection":[{"href":"https:\/\/krainazozolki.co.uk\/en\/wp-json\/wp\/v2\/product"}],"about":[{"href":"https:\/\/krainazozolki.co.uk\/en\/wp-json\/wp\/v2\/types\/product"}],"replies":[{"embeddable":true,"href":"https:\/\/krainazozolki.co.uk\/en\/wp-json\/wp\/v2\/comments?post=9464"}],"version-history":[{"count":1,"href":"https:\/\/krainazozolki.co.uk\/en\/wp-json\/wp\/v2\/product\/9464\/revisions"}],"predecessor-version":[{"id":9467,"href":"https:\/\/krainazozolki.co.uk\/en\/wp-json\/wp\/v2\/product\/9464\/revisions\/9467"}],"wp:featuredmedia":[{"embeddable":true,"href":"https:\/\/krainazozolki.co.uk\/en\/wp-json\/wp\/v2\/media\/9465"}],"wp:attachment":[{"href":"https:\/\/krainazozolki.co.uk\/en\/wp-json\/wp\/v2\/media?parent=9464"}],"wp:term":[{"taxonomy":"product_brand","embeddable":true,"href":"https:\/\/krainazozolki.co.uk\/en\/wp-json\/wp\/v2\/product_brand?post=9464"},{"taxonomy":"product_cat","embeddable":true,"href":"https:\/\/krainazozolki.co.uk\/en\/wp-json\/wp\/v2\/product_cat?post=9464"},{"taxonomy":"product_tag","embeddable":true,"href":"https:\/\/krainazozolki.co.uk\/en\/wp-json\/wp\/v2\/product_tag?post=9464"}],"curies":[{"name":"wp","href":"https:\/\/api.w.org\/{rel}","templated":true}]}}