{"id":9468,"date":"2026-04-26T16:33:58","date_gmt":"2026-04-26T16:33:58","guid":{"rendered":"https:\/\/krainazozolki.co.uk\/?post_type=product&#038;p=9468"},"modified":"2026-04-26T16:33:58","modified_gmt":"2026-04-26T16:33:58","slug":"kolorowanka-z-naklejkami-naturalne-witaminy","status":"publish","type":"product","link":"https:\/\/krainazozolki.co.uk\/en\/product\/kolorowanka-z-naklejkami-naturalne-witaminy\/","title":{"rendered":"Kolorowanka z naklejkami.Naturalne witaminy."},"content":{"rendered":"<h4 class=\"font-claude-response-body break-words whitespace-normal leading-[1.7]\" style=\"text-align: center;\">Chwy\u0107 za kredki i odkryj moc naturalnych witamin! Naturalne witaminy to wyj\u0105tkowa kolorowanka wydawnictwa Martel, kt\u00f3ra w przyst\u0119pny i weso\u0142y spos\u00f3b pokazuje dzieciom, jakich witamin dostarczaj\u0105 owoce i warzywa. Poniewa\u017c ka\u017cda strona \u0142\u0105czy kolorowanie z prost\u0105 lekcj\u0105 o zdrowym od\u017cywianiu, maluch niepostrze\u017cenie zdobywa wiedz\u0119 o tym, co l\u0105duje na jego talerzu.<\/h4>\n<h4 class=\"font-claude-response-body break-words whitespace-normal leading-[1.7]\" style=\"text-align: center;\">Kolorowanie to nie tylko \u015bwietna zabawa \u2013 to przede wszystkim doskona\u0142y trening dla rozwijaj\u0105cej si\u0119 r\u0105czki. Dzi\u0119ki regularnym sesjom z kolorowank\u0105 dziecko \u0107wiczy motoryk\u0119 ma\u0142\u0105, precyzj\u0119 ruch\u00f3w i koncentracj\u0119. Co wi\u0119cej, do\u0142\u0105czone 50 naklejek dodatkowo uatrakcyjniaj\u0105 zabaw\u0119 i nagradzaj\u0105 za ka\u017cd\u0105 uko\u0144czon\u0105 stron\u0119. Ponadto ta kolorowanka to doskona\u0142y spos\u00f3b na u\u015bwiadomienie dziecku, jak bardzo jego m\u0142ody organizm potrzebuje odpowiedniej dawki witamin z natury.<\/h4>\n","protected":false},"excerpt":{"rendered":"<h4>Koloruj i dowiedz si\u0119, jakie witaminy kryj\u0105 owoce i warzywa! Naturalne witaminy to kolorowanka z 50 naklejkami, kt\u00f3ra uczy dzieci zdrowego od\u017cywiania w kolorowy i przyst\u0119pny spos\u00f3b. Nauka przez zabaw\u0119!<\/h4>","protected":false},"featured_media":9469,"comment_status":"closed","ping_status":"closed","template":"","meta":{"_monsterinsights_skip_tracking":false,"_monsterinsights_sitenote_active":false,"_monsterinsights_sitenote_note":"","_monsterinsights_sitenote_category":0},"product_brand":[184],"product_cat":[80,81,78],"product_tag":[],"class_list":{"0":"post-9468","1":"product","2":"type-product","3":"status-publish","4":"has-post-thumbnail","6":"product_brand-martel","7":"product_cat-4-5-lat","8":"product_cat-6-7-lat","9":"product_cat-artykuly-plastyczne","10":"product_shipping_class-mala-paczka-inpost-royalmail","11":"pa_producent-martel","12":"pa_wiek-94","13":"pa_wiek-122","14":"pa_wiek-120","15":"pa_wiek-125","17":"first","18":"instock","19":"taxable","20":"shipping-taxable","21":"purchasable","22":"product-type-simple"},"aioseo_notices":[],"_links":{"self":[{"href":"https:\/\/krainazozolki.co.uk\/en\/wp-json\/wp\/v2\/product\/9468","targetHints":{"allow":["GET"]}}],"collection":[{"href":"https:\/\/krainazozolki.co.uk\/en\/wp-json\/wp\/v2\/product"}],"about":[{"href":"https:\/\/krainazozolki.co.uk\/en\/wp-json\/wp\/v2\/types\/product"}],"replies":[{"embeddable":true,"href":"https:\/\/krainazozolki.co.uk\/en\/wp-json\/wp\/v2\/comments?post=9468"}],"version-history":[{"count":1,"href":"https:\/\/krainazozolki.co.uk\/en\/wp-json\/wp\/v2\/product\/9468\/revisions"}],"predecessor-version":[{"id":9472,"href":"https:\/\/krainazozolki.co.uk\/en\/wp-json\/wp\/v2\/product\/9468\/revisions\/9472"}],"wp:featuredmedia":[{"embeddable":true,"href":"https:\/\/krainazozolki.co.uk\/en\/wp-json\/wp\/v2\/media\/9469"}],"wp:attachment":[{"href":"https:\/\/krainazozolki.co.uk\/en\/wp-json\/wp\/v2\/media?parent=9468"}],"wp:term":[{"taxonomy":"product_brand","embeddable":true,"href":"https:\/\/krainazozolki.co.uk\/en\/wp-json\/wp\/v2\/product_brand?post=9468"},{"taxonomy":"product_cat","embeddable":true,"href":"https:\/\/krainazozolki.co.uk\/en\/wp-json\/wp\/v2\/product_cat?post=9468"},{"taxonomy":"product_tag","embeddable":true,"href":"https:\/\/krainazozolki.co.uk\/en\/wp-json\/wp\/v2\/product_tag?post=9468"}],"curies":[{"name":"wp","href":"https:\/\/api.w.org\/{rel}","templated":true}]}}